{"id":70514,"date":"2024-03-22T19:27:49","date_gmt":"2024-03-22T18:27:49","guid":{"rendered":"https:\/\/abinox-chr-clim.com\/index.php\/product\/table-ronde-blanche-bolero-arlo-798mm\/"},"modified":"2026-04-11T10:07:19","modified_gmt":"2026-04-11T08:07:19","slug":"table-ronde-blanche-bolero-arlo-798mm","status":"publish","type":"product","link":"https:\/\/abinox-chr-clim.com\/index.php\/product\/table-ronde-blanche-bolero-arlo-798mm\/","title":{"rendered":"Table ronde blanche Bolero Arlo 798mm"},"content":{"rendered":"<p>D\u00e9marquez-vous avec la table Arlo, con\u00e7ue avec un plateau de table blanc \u00e9clatant, ainsi que des pieds et un cadre de style industriel.<br \/>Assortie aux chaises Arlo. Utilisation en int\u00e9rieur. Facile \u00e0 nettoyer. R\u00e9f\u00e9rence soumise \u00e0 une Eco-participation mobilier de 1.36\u20ac par unit\u00e9 vendue. Non empilable. Adapt\u00e9e \u00e0 une hauteur d&rsquo;assise de 470mm.Auto-assemblage. Assortie aux chaises Arlo.<\/p>\n<p>Caract\u00e9ristiques :<br \/> Dimensions : 740(H) x 798(L) x 535(P) mm.<br \/> Mati\u00e8re : Acier et MDF.<br \/> Couleur : Blanc.<\/p>\n","protected":false},"excerpt":{"rendered":"<p>Table ronde blanche Bolero Arlo 798mm<\/p>\n","protected":false},"featured_media":87477,"comment_status":"closed","ping_status":"closed","template":"","meta":[],"product_brand":[],"product_cat":[1208,1201,1297,1212],"product_tag":[],"class_list":{"0":"post-70514","1":"product","2":"type-product","3":"status-publish","4":"has-post-thumbnail","6":"product_cat-interieur","7":"product_cat-mobilier","8":"product_cat-non-palettisable","9":"product_cat-tables-interieur","10":"product_shipping_class-free-shipping","12":"first","13":"instock","14":"featured","15":"taxable","16":"shipping-taxable","17":"purchasable","18":"product-type-simple"},"_links":{"self":[{"href":"https:\/\/abinox-chr-clim.com\/index.php\/wp-json\/wp\/v2\/product\/70514","targetHints":{"allow":["GET"]}}],"collection":[{"href":"https:\/\/abinox-chr-clim.com\/index.php\/wp-json\/wp\/v2\/product"}],"about":[{"href":"https:\/\/abinox-chr-clim.com\/index.php\/wp-json\/wp\/v2\/types\/product"}],"replies":[{"embeddable":true,"href":"https:\/\/abinox-chr-clim.com\/index.php\/wp-json\/wp\/v2\/comments?post=70514"}],"wp:featuredmedia":[{"embeddable":true,"href":"https:\/\/abinox-chr-clim.com\/index.php\/wp-json\/wp\/v2\/media\/87477"}],"wp:attachment":[{"href":"https:\/\/abinox-chr-clim.com\/index.php\/wp-json\/wp\/v2\/media?parent=70514"}],"wp:term":[{"taxonomy":"product_brand","embeddable":true,"href":"https:\/\/abinox-chr-clim.com\/index.php\/wp-json\/wp\/v2\/product_brand?post=70514"},{"taxonomy":"product_cat","embeddable":true,"href":"https:\/\/abinox-chr-clim.com\/index.php\/wp-json\/wp\/v2\/product_cat?post=70514"},{"taxonomy":"product_tag","embeddable":true,"href":"https:\/\/abinox-chr-clim.com\/index.php\/wp-json\/wp\/v2\/product_tag?post=70514"}],"curies":[{"name":"wp","href":"https:\/\/api.w.org\/{rel}","templated":true}]}}