{"id":70513,"date":"2024-03-22T19:27:49","date_gmt":"2024-03-22T18:27:49","guid":{"rendered":"https:\/\/abinox-chr-clim.com\/index.php\/product\/table-carree-a-plateau-basculant-inox-bolero-600mm\/"},"modified":"2026-04-11T08:32:44","modified_gmt":"2026-04-11T06:32:44","slug":"table-carree-a-plateau-basculant-inox-bolero-600mm","status":"publish","type":"product","link":"https:\/\/abinox-chr-clim.com\/index.php\/product\/table-carree-a-plateau-basculant-inox-bolero-600mm\/","title":{"rendered":"Table carr\u00e9e \u00e0 plateau basculant inox Bolero 600mm"},"content":{"rendered":"<p>Tables modernes gain de place, se plient en un instant et se rangent l&rsquo;une contre l&rsquo;autre. Faciles \u00e0 transporter et \u00e0 entreposer. Fournies en kit pour un assemblage facile. Id\u00e9ales pour les terrasses qui doivent \u00eatre rang\u00e9es tous les soirs.<br \/>Les tables s&#8217;embo\u00eetent les unes dans les autres lorsque les plateaux sont bascul\u00e9s.Plateau carr\u00e9 en acier inoxydable. Utilisation int\u00e9rieure et ext\u00e9rieure. R\u00e9f\u00e9rence soumise \u00e0 une Eco-participation mobilier de 0.39\u20ac par unit\u00e9 vendue. Pied 4 branches en alliage aluminium. Hauteur de la table avec le plateau rabattu 1010mm.Fournie en kit pour un assemblage facile.R\u00e9f\u00e9rence soumise \u00e0 une Eco-participation mobilier de 0,98\u20ac par unit\u00e9 vendue. Les tables s&#8217;embo\u00eetent les unes dans les autres lorsque les plateaux sont bascul\u00e9s. .<br \/> Caract\u00e9ristiques :<br \/> Dimensions : 720(H) x 600(L) x 600(P)mm.<br \/> Mati\u00e8re : Plateau acier inoxydable.<br \/> Couleur : Argent.<\/p>\n","protected":false},"excerpt":{"rendered":"<p>Table carr\u00e9e \u00e0 plateau basculant inox Bolero 600mm<\/p>\n","protected":false},"featured_media":83434,"comment_status":"closed","ping_status":"closed","template":"","meta":[],"product_brand":[],"product_cat":[1208,1201,1297,1212],"product_tag":[],"class_list":{"0":"post-70513","1":"product","2":"type-product","3":"status-publish","4":"has-post-thumbnail","6":"product_cat-interieur","7":"product_cat-mobilier","8":"product_cat-non-palettisable","9":"product_cat-tables-interieur","10":"product_shipping_class-free-shipping","12":"first","13":"instock","14":"featured","15":"taxable","16":"shipping-taxable","17":"purchasable","18":"product-type-simple"},"_links":{"self":[{"href":"https:\/\/abinox-chr-clim.com\/index.php\/wp-json\/wp\/v2\/product\/70513","targetHints":{"allow":["GET"]}}],"collection":[{"href":"https:\/\/abinox-chr-clim.com\/index.php\/wp-json\/wp\/v2\/product"}],"about":[{"href":"https:\/\/abinox-chr-clim.com\/index.php\/wp-json\/wp\/v2\/types\/product"}],"replies":[{"embeddable":true,"href":"https:\/\/abinox-chr-clim.com\/index.php\/wp-json\/wp\/v2\/comments?post=70513"}],"wp:featuredmedia":[{"embeddable":true,"href":"https:\/\/abinox-chr-clim.com\/index.php\/wp-json\/wp\/v2\/media\/83434"}],"wp:attachment":[{"href":"https:\/\/abinox-chr-clim.com\/index.php\/wp-json\/wp\/v2\/media?parent=70513"}],"wp:term":[{"taxonomy":"product_brand","embeddable":true,"href":"https:\/\/abinox-chr-clim.com\/index.php\/wp-json\/wp\/v2\/product_brand?post=70513"},{"taxonomy":"product_cat","embeddable":true,"href":"https:\/\/abinox-chr-clim.com\/index.php\/wp-json\/wp\/v2\/product_cat?post=70513"},{"taxonomy":"product_tag","embeddable":true,"href":"https:\/\/abinox-chr-clim.com\/index.php\/wp-json\/wp\/v2\/product_tag?post=70513"}],"curies":[{"name":"wp","href":"https:\/\/api.w.org\/{rel}","templated":true}]}}