{"id":70512,"date":"2024-03-22T19:27:48","date_gmt":"2024-03-22T18:27:48","guid":{"rendered":"https:\/\/abinox-chr-clim.com\/index.php\/product\/table-carree-empilable-bolero-600mm\/"},"modified":"2026-04-11T08:32:43","modified_gmt":"2026-04-11T06:32:43","slug":"table-carree-empilable-bolero-600mm","status":"publish","type":"product","link":"https:\/\/abinox-chr-clim.com\/index.php\/product\/table-carree-empilable-bolero-600mm\/","title":{"rendered":"Table carr\u00e9e empilable Bolero 600mm"},"content":{"rendered":"<p>Table en acier inoxydable avec quatre pieds robustes, id\u00e9ale pour une utilisation dans des caf\u00e9s et autres lieux de restauration ext\u00e9rieurs prot\u00e9g\u00e9s. L\u00e9g\u00e8re pour faciliter la mise en place.<br \/>L&rsquo;acier inoxydable et l&rsquo;aluminium offrent une excellente durabilit\u00e9. Les pieds en caoutchouc offrent une stabilit\u00e9 accrue pour \u00e9viter que la table ne bascule ou ne se d\u00e9place. La conception r\u00e9sistante aux intemp\u00e9ries convient \u00e0 un usage int\u00e9rieur et ext\u00e9rieur. R\u00e9f\u00e9rence soumise \u00e0 une Eco-participation mobilier de 0.39\u20ac par unit\u00e9 vendue. La base en alliage d&rsquo;aluminium r\u00e9duit le poids de la table et permet de la transporter facilement. Emballage plat pour un auto-assemblage facile.La conception durable est id\u00e9ale pour les terrasses ou les zones fumeurs ext\u00e9rieures. R\u00e9f\u00e9rence soumise \u00e0 une Eco-participation mobilier de 1,11\u20ac par unit\u00e9 vendue. L&rsquo;acier inoxydable et l&rsquo;aluminium offrent une excellente durabilit\u00e9.<\/p>\n<p>Caract\u00e9ristiques :<br \/> Dimensions : 720(H) x 600(L) x 600(P)mm.<br \/> Mati\u00e8re : Plateau en acier inoxydable et pied en aluminium.<br \/> Couleur : Aluminium.<\/p>\n","protected":false},"excerpt":{"rendered":"<p>Table carr\u00e9e empilable Bolero 600mm<\/p>\n","protected":false},"featured_media":83430,"comment_status":"closed","ping_status":"closed","template":"","meta":[],"product_brand":[],"product_cat":[1208,1201,1297,1212],"product_tag":[],"class_list":{"0":"post-70512","1":"product","2":"type-product","3":"status-publish","4":"has-post-thumbnail","6":"product_cat-interieur","7":"product_cat-mobilier","8":"product_cat-non-palettisable","9":"product_cat-tables-interieur","10":"product_shipping_class-free-shipping","12":"first","13":"instock","14":"featured","15":"taxable","16":"shipping-taxable","17":"purchasable","18":"product-type-simple"},"_links":{"self":[{"href":"https:\/\/abinox-chr-clim.com\/index.php\/wp-json\/wp\/v2\/product\/70512","targetHints":{"allow":["GET"]}}],"collection":[{"href":"https:\/\/abinox-chr-clim.com\/index.php\/wp-json\/wp\/v2\/product"}],"about":[{"href":"https:\/\/abinox-chr-clim.com\/index.php\/wp-json\/wp\/v2\/types\/product"}],"replies":[{"embeddable":true,"href":"https:\/\/abinox-chr-clim.com\/index.php\/wp-json\/wp\/v2\/comments?post=70512"}],"wp:featuredmedia":[{"embeddable":true,"href":"https:\/\/abinox-chr-clim.com\/index.php\/wp-json\/wp\/v2\/media\/83430"}],"wp:attachment":[{"href":"https:\/\/abinox-chr-clim.com\/index.php\/wp-json\/wp\/v2\/media?parent=70512"}],"wp:term":[{"taxonomy":"product_brand","embeddable":true,"href":"https:\/\/abinox-chr-clim.com\/index.php\/wp-json\/wp\/v2\/product_brand?post=70512"},{"taxonomy":"product_cat","embeddable":true,"href":"https:\/\/abinox-chr-clim.com\/index.php\/wp-json\/wp\/v2\/product_cat?post=70512"},{"taxonomy":"product_tag","embeddable":true,"href":"https:\/\/abinox-chr-clim.com\/index.php\/wp-json\/wp\/v2\/product_tag?post=70512"}],"curies":[{"name":"wp","href":"https:\/\/api.w.org\/{rel}","templated":true}]}}