{"id":70511,"date":"2024-03-22T19:27:45","date_gmt":"2024-03-22T18:27:45","guid":{"rendered":"https:\/\/abinox-chr-clim.com\/index.php\/product\/table-carree-en-frene-bolero-700mm\/"},"modified":"2026-04-11T08:32:42","modified_gmt":"2026-04-11T06:32:42","slug":"table-carree-en-frene-bolero-700mm","status":"publish","type":"product","link":"https:\/\/abinox-chr-clim.com\/index.php\/product\/table-carree-en-frene-bolero-700mm\/","title":{"rendered":"Table carr\u00e9e en fr\u00eane Bolero 700mm"},"content":{"rendered":"<p>Table \u00e9l\u00e9gante avec plateau en bois et pied solide et stable. Id\u00e9ale pour l&rsquo;utilisation en restauration d&rsquo;ext\u00e9rieur. Assortie au fauteuil U421. Le plateau en fr\u00eane est pr\u00e9-huil\u00e9; il est conseill\u00e9 d&rsquo;appliquer de l&rsquo;huile pour bois avant la premi\u00e8re utilisation et ensuite r\u00e9guli\u00e8rement pour l&rsquo;entretenir et conserver l&rsquo;aspect d&rsquo;origine.<br \/>Utilisation int\u00e9rieure\/ext\u00e9rieure. Plateau en fr\u00eane pr\u00e9 huil\u00e9 bord\u00e9 d&rsquo;aluminium. Pied en alliage d&rsquo;aluminium. R\u00e9f\u00e9rence soumise \u00e0 une Eco-participation mobilier de 2.81\u20ac par unit\u00e9 vendue. Utiliser l&rsquo;huile pour bois (DL476) pour prolonger la dur\u00e9e de vie de votre mobilier. Entretennez r\u00e9guli\u00e8rement le plateau avec l&rsquo;huile pour bois pour conserver l&rsquo;aspect d&rsquo;origine.Emballage compact assemblage facile. R\u00e9f\u00e9rence soumise \u00e0 une Eco-participation mobilier de 1,72\u20ac par unit\u00e9 vendue. Utilisation int\u00e9rieure\/ext\u00e9rieure.<\/p>\n<p>Caract\u00e9ristiques :<br \/> Dimensions : 720(H) x 700(L) x 700(P)mm.<br \/> Mati\u00e8re : Aluminium et fr\u00eane.<br \/> Couleur : Argent.<\/p>\n","protected":false},"excerpt":{"rendered":"<p>Table carr\u00e9e en fr\u00eane Bolero 700mm<\/p>\n","protected":false},"featured_media":83421,"comment_status":"closed","ping_status":"closed","template":"","meta":[],"product_brand":[],"product_cat":[1208,1201,1297,1212],"product_tag":[],"class_list":{"0":"post-70511","1":"product","2":"type-product","3":"status-publish","4":"has-post-thumbnail","6":"product_cat-interieur","7":"product_cat-mobilier","8":"product_cat-non-palettisable","9":"product_cat-tables-interieur","10":"product_shipping_class-free-shipping","12":"first","13":"instock","14":"featured","15":"taxable","16":"shipping-taxable","17":"purchasable","18":"product-type-simple"},"_links":{"self":[{"href":"https:\/\/abinox-chr-clim.com\/index.php\/wp-json\/wp\/v2\/product\/70511","targetHints":{"allow":["GET"]}}],"collection":[{"href":"https:\/\/abinox-chr-clim.com\/index.php\/wp-json\/wp\/v2\/product"}],"about":[{"href":"https:\/\/abinox-chr-clim.com\/index.php\/wp-json\/wp\/v2\/types\/product"}],"replies":[{"embeddable":true,"href":"https:\/\/abinox-chr-clim.com\/index.php\/wp-json\/wp\/v2\/comments?post=70511"}],"wp:featuredmedia":[{"embeddable":true,"href":"https:\/\/abinox-chr-clim.com\/index.php\/wp-json\/wp\/v2\/media\/83421"}],"wp:attachment":[{"href":"https:\/\/abinox-chr-clim.com\/index.php\/wp-json\/wp\/v2\/media?parent=70511"}],"wp:term":[{"taxonomy":"product_brand","embeddable":true,"href":"https:\/\/abinox-chr-clim.com\/index.php\/wp-json\/wp\/v2\/product_brand?post=70511"},{"taxonomy":"product_cat","embeddable":true,"href":"https:\/\/abinox-chr-clim.com\/index.php\/wp-json\/wp\/v2\/product_cat?post=70511"},{"taxonomy":"product_tag","embeddable":true,"href":"https:\/\/abinox-chr-clim.com\/index.php\/wp-json\/wp\/v2\/product_tag?post=70511"}],"curies":[{"name":"wp","href":"https:\/\/api.w.org\/{rel}","templated":true}]}}