{"id":70510,"date":"2024-03-22T19:27:45","date_gmt":"2024-03-22T18:27:45","guid":{"rendered":"https:\/\/abinox-chr-clim.com\/index.php\/product\/pied-de-table-brasserie-en-fonte-bolero\/"},"modified":"2026-04-11T09:39:45","modified_gmt":"2026-04-11T07:39:45","slug":"pied-de-table-brasserie-en-fonte-bolero","status":"publish","type":"product","link":"https:\/\/abinox-chr-clim.com\/index.php\/product\/pied-de-table-brasserie-en-fonte-bolero\/","title":{"rendered":"Pied de table Brasserie en fonte Bolero"},"content":{"rendered":"<p>Pied de table en fonte de style brasserie, d\u00e9cor\u00e9 et fonctionnel. Conception robuste offrant une base incroyablement fiable et stable, id\u00e9ale pour les patios, jardins et espaces ext\u00e9rieurs des restaurants, caf\u00e9s et bistros. Pied lest\u00e9 pour rester bien en place, tr\u00e8s durable et con\u00e7u pour s&rsquo;adapter aux gammes de plateaux pr\u00e9-perc\u00e9s Bolero et Werzalit.<br \/>Pied pr\u00e9-perc\u00e9 pour plateaux Werzalit et Bolero. Colis plat, assemblage facile. Utilisation int\u00e9rieure et ext\u00e9rieure. R\u00e9f\u00e9rence soumise \u00e0 une Eco-participation mobilier de 0.64\u20ac par unit\u00e9 vendue. Pieds r\u00e9glables. La fonte ne se d\u00e9forme pas ou ne d\u00e9colore pas au soleil. Non combustible. Non mall\u00e9able. R\u00e9siste aux dommages pouvant \u00eatre caus\u00e9s par les liquides chauds. Adapt\u00e9 aux plateaux de table jusqu&rsquo;\u00e0 800mm. Pied pr\u00e9-perc\u00e9 pour plateaux Werzalit et Bolero.<\/p>\n<p>Caract\u00e9ristiques :<br \/> Dimensions : 720(H) x 620(L) x 620(P) mm.<br \/> Mati\u00e8re : Fonte.<br \/> Couleur : Noir.<\/p>\n","protected":false},"excerpt":{"rendered":"<p>Pied de table Brasserie en fonte Bolero<\/p>\n","protected":false},"featured_media":104025,"comment_status":"closed","ping_status":"closed","template":"","meta":[],"product_brand":[],"product_cat":[1208,1201,1297,1211],"product_tag":[],"class_list":{"0":"post-70510","1":"product","2":"type-product","3":"status-publish","4":"has-post-thumbnail","6":"product_cat-interieur","7":"product_cat-mobilier","8":"product_cat-non-palettisable","9":"product_cat-plateaux-et-pieds-de-table-interieur","10":"product_shipping_class-free-shipping","12":"first","13":"instock","14":"featured","15":"taxable","16":"shipping-taxable","17":"purchasable","18":"product-type-simple"},"_links":{"self":[{"href":"https:\/\/abinox-chr-clim.com\/index.php\/wp-json\/wp\/v2\/product\/70510","targetHints":{"allow":["GET"]}}],"collection":[{"href":"https:\/\/abinox-chr-clim.com\/index.php\/wp-json\/wp\/v2\/product"}],"about":[{"href":"https:\/\/abinox-chr-clim.com\/index.php\/wp-json\/wp\/v2\/types\/product"}],"replies":[{"embeddable":true,"href":"https:\/\/abinox-chr-clim.com\/index.php\/wp-json\/wp\/v2\/comments?post=70510"}],"wp:featuredmedia":[{"embeddable":true,"href":"https:\/\/abinox-chr-clim.com\/index.php\/wp-json\/wp\/v2\/media\/104025"}],"wp:attachment":[{"href":"https:\/\/abinox-chr-clim.com\/index.php\/wp-json\/wp\/v2\/media?parent=70510"}],"wp:term":[{"taxonomy":"product_brand","embeddable":true,"href":"https:\/\/abinox-chr-clim.com\/index.php\/wp-json\/wp\/v2\/product_brand?post=70510"},{"taxonomy":"product_cat","embeddable":true,"href":"https:\/\/abinox-chr-clim.com\/index.php\/wp-json\/wp\/v2\/product_cat?post=70510"},{"taxonomy":"product_tag","embeddable":true,"href":"https:\/\/abinox-chr-clim.com\/index.php\/wp-json\/wp\/v2\/product_tag?post=70510"}],"curies":[{"name":"wp","href":"https:\/\/api.w.org\/{rel}","templated":true}]}}