{"id":70509,"date":"2024-03-22T19:27:45","date_gmt":"2024-03-22T18:27:45","guid":{"rendered":"https:\/\/abinox-chr-clim.com\/index.php\/product\/plateau-de-table-carre-bolero-effet-bois-vieilli-700mm\/"},"modified":"2026-04-11T09:41:06","modified_gmt":"2026-04-11T07:41:06","slug":"plateau-de-table-carre-bolero-effet-bois-vieilli-700mm","status":"publish","type":"product","link":"https:\/\/abinox-chr-clim.com\/index.php\/product\/plateau-de-table-carre-bolero-effet-bois-vieilli-700mm\/","title":{"rendered":"Plateau de table carr\u00e9 Bolero effet bois vieilli 700mm"},"content":{"rendered":"<p>Plateaux de table attractifs et r\u00e9sistants pour une utilisation en int\u00e9rieur. Un large \u00e9ventail de choix et de polyvalence.<br \/>Livr\u00e9 pr\u00e9-perc\u00e9 pour une fixation facile \u00e0 la gamme de bases de table Bolero. Le grain de bois naturel apporte un charme \u00e9l\u00e9gant et rustique \u00e0 votre salle \u00e0 manger. La surface facile \u00e0 nettoyer par essuyage vous fait gagner du temps tout en maintenant une hygi\u00e8ne irr\u00e9prochable. R\u00e9f\u00e9rence soumise \u00e0 une Eco-participation mobilier de 1.27\u20ac par unit\u00e9 vendue. R\u00e9sistant \u00e0 la chaleur et \u00e0 l&rsquo;eau pour \u00e9viter les marques de plats chauds ou de boissons renvers\u00e9es. L&rsquo;\u00e9paisseur du bord ext\u00e9rieur de 30 mm et l&rsquo;\u00e9paisseur int\u00e9rieure de 17 mm garantissent une grande solidit\u00e9. Livr\u00e9 emball\u00e9 \u00e0 plat, avec toutes les fixations pour un montage rapide et facile. Veuillez noter que ce plateau de table est destin\u00e9 \u00e0 un usage int\u00e9rieur uniquement. Agglom\u00e9r\u00e9 haute densit\u00e9 avec rev\u00eatement fix\u00e9 sous haute pression. La conception sans soudures signifie qu&rsquo;il n&rsquo;y a aucun espace o\u00f9 la salet\u00e9 ou les bact\u00e9ries peuvent se former. Livr\u00e9 pr\u00e9-perc\u00e9 pour une fixation facile \u00e0 la gamme de bases de table Bolero.<\/p>\n<p>Caract\u00e9ristiques :<br \/> Dimensions : 30(H) x 700(L) x 700(P)mm.<br \/> Mati\u00e8re : Bois.<br \/> Couleur : Grain de weng\u00e9.<\/p>\n","protected":false},"excerpt":{"rendered":"<p>Plateau de table carr\u00e9 Bolero effet bois vieilli 700mm<\/p>\n","protected":false},"featured_media":104024,"comment_status":"closed","ping_status":"closed","template":"","meta":[],"product_brand":[],"product_cat":[1208,1201,1297,1211],"product_tag":[],"class_list":{"0":"post-70509","1":"product","2":"type-product","3":"status-publish","4":"has-post-thumbnail","6":"product_cat-interieur","7":"product_cat-mobilier","8":"product_cat-non-palettisable","9":"product_cat-plateaux-et-pieds-de-table-interieur","10":"product_shipping_class-free-shipping","12":"first","13":"instock","14":"featured","15":"taxable","16":"shipping-taxable","17":"purchasable","18":"product-type-simple"},"_links":{"self":[{"href":"https:\/\/abinox-chr-clim.com\/index.php\/wp-json\/wp\/v2\/product\/70509","targetHints":{"allow":["GET"]}}],"collection":[{"href":"https:\/\/abinox-chr-clim.com\/index.php\/wp-json\/wp\/v2\/product"}],"about":[{"href":"https:\/\/abinox-chr-clim.com\/index.php\/wp-json\/wp\/v2\/types\/product"}],"replies":[{"embeddable":true,"href":"https:\/\/abinox-chr-clim.com\/index.php\/wp-json\/wp\/v2\/comments?post=70509"}],"wp:featuredmedia":[{"embeddable":true,"href":"https:\/\/abinox-chr-clim.com\/index.php\/wp-json\/wp\/v2\/media\/104024"}],"wp:attachment":[{"href":"https:\/\/abinox-chr-clim.com\/index.php\/wp-json\/wp\/v2\/media?parent=70509"}],"wp:term":[{"taxonomy":"product_brand","embeddable":true,"href":"https:\/\/abinox-chr-clim.com\/index.php\/wp-json\/wp\/v2\/product_brand?post=70509"},{"taxonomy":"product_cat","embeddable":true,"href":"https:\/\/abinox-chr-clim.com\/index.php\/wp-json\/wp\/v2\/product_cat?post=70509"},{"taxonomy":"product_tag","embeddable":true,"href":"https:\/\/abinox-chr-clim.com\/index.php\/wp-json\/wp\/v2\/product_tag?post=70509"}],"curies":[{"name":"wp","href":"https:\/\/api.w.org\/{rel}","templated":true}]}}