{"id":70508,"date":"2024-03-22T19:27:44","date_gmt":"2024-03-22T18:27:44","guid":{"rendered":"https:\/\/abinox-chr-clim.com\/index.php\/product\/plateau-de-table-carre-bolero-700mm-effet-bois-clair\/"},"modified":"2026-04-11T09:33:09","modified_gmt":"2026-04-11T07:33:09","slug":"plateau-de-table-carre-bolero-700mm-effet-bois-clair","status":"publish","type":"product","link":"https:\/\/abinox-chr-clim.com\/index.php\/product\/plateau-de-table-carre-bolero-700mm-effet-bois-clair\/","title":{"rendered":"Plateau de table carr\u00e9 Bolero 700mm effet bois clair"},"content":{"rendered":"<p>La finition antique donne \u00e0 la table un aspect naturel et rustique. Pr\u00e9-perc\u00e9 pour un assemblage facile avec une s\u00e9lection de bases de table. Le noyau en nid d&rsquo;abeille r\u00e9siste \u00e0 la chaleur jusqu&rsquo;\u00e0 180\u00b0C. R\u00e9f\u00e9rence soumise \u00e0 une Eco-participation mobilier de 1.68\u20ac par unit\u00e9 vendue. L&rsquo;excellente r\u00e9sistance \u00e0 l&rsquo;eau \u00e9vite les dommages caus\u00e9s par les accidents et les d\u00e9versements. 48mm d&rsquo;\u00e9paisseur effet bois. Utilisation int\u00e9rieure uniquement.La haute r\u00e9sistance \u00e0 la chaleur est id\u00e9ale pour les plats pr\u00e9par\u00e9s. La finition antique donne \u00e0 la table un aspect naturel et rustique.<\/p>\n<p>Caract\u00e9ristiques :<br \/> Dimensions : 48(H) x 700(L) x 700(P) mm.<br \/> Mati\u00e8re : Panneau de particules m\u00e9lamin\u00e9.<br \/> Couleur : Antique naturel.<\/p>\n","protected":false},"excerpt":{"rendered":"<p>Plateau de table carr\u00e9 Bolero 700mm effet bois clair<\/p>\n","protected":false},"featured_media":103688,"comment_status":"closed","ping_status":"closed","template":"","meta":[],"product_brand":[],"product_cat":[1208,1201,1297,1211],"product_tag":[],"class_list":{"0":"post-70508","1":"product","2":"type-product","3":"status-publish","4":"has-post-thumbnail","6":"product_cat-interieur","7":"product_cat-mobilier","8":"product_cat-non-palettisable","9":"product_cat-plateaux-et-pieds-de-table-interieur","10":"product_shipping_class-free-shipping","12":"first","13":"outofstock","14":"featured","15":"taxable","16":"shipping-taxable","17":"purchasable","18":"product-type-simple"},"_links":{"self":[{"href":"https:\/\/abinox-chr-clim.com\/index.php\/wp-json\/wp\/v2\/product\/70508","targetHints":{"allow":["GET"]}}],"collection":[{"href":"https:\/\/abinox-chr-clim.com\/index.php\/wp-json\/wp\/v2\/product"}],"about":[{"href":"https:\/\/abinox-chr-clim.com\/index.php\/wp-json\/wp\/v2\/types\/product"}],"replies":[{"embeddable":true,"href":"https:\/\/abinox-chr-clim.com\/index.php\/wp-json\/wp\/v2\/comments?post=70508"}],"wp:featuredmedia":[{"embeddable":true,"href":"https:\/\/abinox-chr-clim.com\/index.php\/wp-json\/wp\/v2\/media\/103688"}],"wp:attachment":[{"href":"https:\/\/abinox-chr-clim.com\/index.php\/wp-json\/wp\/v2\/media?parent=70508"}],"wp:term":[{"taxonomy":"product_brand","embeddable":true,"href":"https:\/\/abinox-chr-clim.com\/index.php\/wp-json\/wp\/v2\/product_brand?post=70508"},{"taxonomy":"product_cat","embeddable":true,"href":"https:\/\/abinox-chr-clim.com\/index.php\/wp-json\/wp\/v2\/product_cat?post=70508"},{"taxonomy":"product_tag","embeddable":true,"href":"https:\/\/abinox-chr-clim.com\/index.php\/wp-json\/wp\/v2\/product_tag?post=70508"}],"curies":[{"name":"wp","href":"https:\/\/api.w.org\/{rel}","templated":true}]}}