{"id":70505,"date":"2024-03-22T19:27:43","date_gmt":"2024-03-22T18:27:43","guid":{"rendered":"https:\/\/abinox-chr-clim.com\/index.php\/product\/plateau-de-table-carre-bolero-600mm-effet-bois-chene-rustique\/"},"modified":"2026-04-11T09:33:06","modified_gmt":"2026-04-11T07:33:06","slug":"plateau-de-table-carre-bolero-600mm-effet-bois-chene-rustique","status":"publish","type":"product","link":"https:\/\/abinox-chr-clim.com\/index.php\/product\/plateau-de-table-carre-bolero-600mm-effet-bois-chene-rustique\/","title":{"rendered":"Plateau de table carr\u00e9 Bolero 600mm effet bois ch\u00eane rustique"},"content":{"rendered":"<p>Plateaux de table pr\u00e9-perc\u00e9s pouvant s&rsquo;assembler facilement avec la gamme de pieds de table Bolero. 48mm d&rsquo;\u00e9paisseur effet bois. Utilisation int\u00e9rieure uniquement. R\u00e9f\u00e9rence soumise \u00e0 une Eco-participation mobilier de 1.12\u20ac par unit\u00e9 vendue. Bord PVC. Evitez d&rsquo;exposer les plateaux de couleurs fonc\u00e9es en plein soleil.Facile \u00e0 nettoyer. Plateaux de table pr\u00e9-perc\u00e9s pouvant s&rsquo;assembler facilement avec la gamme de pieds de table Bolero.<\/p>\n<p>Caract\u00e9ristiques :<br \/> Dimensions : 48(H) x 600(L) x 600(P) mm.<br \/> Mati\u00e8re : Panneau de particules m\u00e9lamin\u00e9.<br \/> Couleur : Ch\u00eane traditionnel.<\/p>\n","protected":false},"excerpt":{"rendered":"<p>Plateau de table carr\u00e9 Bolero 600mm effet bois ch\u00eane rustique<\/p>\n","protected":false},"featured_media":103685,"comment_status":"closed","ping_status":"closed","template":"","meta":[],"product_brand":[],"product_cat":[1208,1201,1297,1211],"product_tag":[],"class_list":{"0":"post-70505","1":"product","2":"type-product","3":"status-publish","4":"has-post-thumbnail","6":"product_cat-interieur","7":"product_cat-mobilier","8":"product_cat-non-palettisable","9":"product_cat-plateaux-et-pieds-de-table-interieur","10":"product_shipping_class-free-shipping","12":"first","13":"instock","14":"featured","15":"taxable","16":"shipping-taxable","17":"purchasable","18":"product-type-simple"},"_links":{"self":[{"href":"https:\/\/abinox-chr-clim.com\/index.php\/wp-json\/wp\/v2\/product\/70505","targetHints":{"allow":["GET"]}}],"collection":[{"href":"https:\/\/abinox-chr-clim.com\/index.php\/wp-json\/wp\/v2\/product"}],"about":[{"href":"https:\/\/abinox-chr-clim.com\/index.php\/wp-json\/wp\/v2\/types\/product"}],"replies":[{"embeddable":true,"href":"https:\/\/abinox-chr-clim.com\/index.php\/wp-json\/wp\/v2\/comments?post=70505"}],"wp:featuredmedia":[{"embeddable":true,"href":"https:\/\/abinox-chr-clim.com\/index.php\/wp-json\/wp\/v2\/media\/103685"}],"wp:attachment":[{"href":"https:\/\/abinox-chr-clim.com\/index.php\/wp-json\/wp\/v2\/media?parent=70505"}],"wp:term":[{"taxonomy":"product_brand","embeddable":true,"href":"https:\/\/abinox-chr-clim.com\/index.php\/wp-json\/wp\/v2\/product_brand?post=70505"},{"taxonomy":"product_cat","embeddable":true,"href":"https:\/\/abinox-chr-clim.com\/index.php\/wp-json\/wp\/v2\/product_cat?post=70505"},{"taxonomy":"product_tag","embeddable":true,"href":"https:\/\/abinox-chr-clim.com\/index.php\/wp-json\/wp\/v2\/product_tag?post=70505"}],"curies":[{"name":"wp","href":"https:\/\/api.w.org\/{rel}","templated":true}]}}