{"id":70504,"date":"2024-03-22T19:27:43","date_gmt":"2024-03-22T18:27:43","guid":{"rendered":"https:\/\/abinox-chr-clim.com\/index.php\/product\/pied-de-table-basculant-en-aluminium-noir-bolero\/"},"modified":"2026-04-11T09:33:05","modified_gmt":"2026-04-11T07:33:05","slug":"pied-de-table-basculant-en-aluminium-noir-bolero","status":"publish","type":"product","link":"https:\/\/abinox-chr-clim.com\/index.php\/product\/pied-de-table-basculant-en-aluminium-noir-bolero\/","title":{"rendered":"Pied de table basculant en aluminium noir Bolero"},"content":{"rendered":"<p>A utiliser avec des plateaux de table carr\u00e9s de 700mm maxi.<br \/>Pied de table pr\u00e9-perc\u00e9 pr\u00eat \u00e0 recevoir un plateau de table de notre vaste collection. Syst\u00e8me de plateau basculant facilite le rangement \u00e0 la fin du service. Patins r\u00e9glables. R\u00e9f\u00e9rence soumise \u00e0 une Eco-participation mobilier de 0.41\u20ac par unit\u00e9 vendue. Poteau 70 x 1.7mm. Utilisation int\u00e9rieure et ext\u00e9rieure. A utiliser avec des plateaux de table carr\u00e9s de 700mm maxi. Compatible avec nos gammes de plateaux de table pr\u00e9-perc\u00e9s Bolero, Durolight, Compact Exterior, Lamidur et Werzalit.En aluminium l\u00e9ger pour faciliter la mise en place. Pied de table pr\u00e9-perc\u00e9 pr\u00eat \u00e0 recevoir un plateau de table de notre vaste collection.<\/p>\n<p>Caract\u00e9ristiques :<br \/> Dimensions : 720(H) x 480(L) x 480(P) mm.<br \/> Mati\u00e8re : Aluminium.<br \/> Couleur : Noir.<\/p>\n","protected":false},"excerpt":{"rendered":"<p>Pied de table basculant en aluminium noir Bolero<\/p>\n","protected":false},"featured_media":0,"comment_status":"closed","ping_status":"closed","template":"","meta":[],"product_brand":[],"product_cat":[1208,1201,1297,1211],"product_tag":[],"class_list":{"0":"post-70504","1":"product","2":"type-product","3":"status-publish","5":"product_cat-interieur","6":"product_cat-mobilier","7":"product_cat-non-palettisable","8":"product_cat-plateaux-et-pieds-de-table-interieur","9":"product_shipping_class-free-shipping","11":"first","12":"instock","13":"featured","14":"taxable","15":"shipping-taxable","16":"purchasable","17":"product-type-simple"},"_links":{"self":[{"href":"https:\/\/abinox-chr-clim.com\/index.php\/wp-json\/wp\/v2\/product\/70504","targetHints":{"allow":["GET"]}}],"collection":[{"href":"https:\/\/abinox-chr-clim.com\/index.php\/wp-json\/wp\/v2\/product"}],"about":[{"href":"https:\/\/abinox-chr-clim.com\/index.php\/wp-json\/wp\/v2\/types\/product"}],"replies":[{"embeddable":true,"href":"https:\/\/abinox-chr-clim.com\/index.php\/wp-json\/wp\/v2\/comments?post=70504"}],"wp:attachment":[{"href":"https:\/\/abinox-chr-clim.com\/index.php\/wp-json\/wp\/v2\/media?parent=70504"}],"wp:term":[{"taxonomy":"product_brand","embeddable":true,"href":"https:\/\/abinox-chr-clim.com\/index.php\/wp-json\/wp\/v2\/product_brand?post=70504"},{"taxonomy":"product_cat","embeddable":true,"href":"https:\/\/abinox-chr-clim.com\/index.php\/wp-json\/wp\/v2\/product_cat?post=70504"},{"taxonomy":"product_tag","embeddable":true,"href":"https:\/\/abinox-chr-clim.com\/index.php\/wp-json\/wp\/v2\/product_tag?post=70504"}],"curies":[{"name":"wp","href":"https:\/\/api.w.org\/{rel}","templated":true}]}}