{"id":70503,"date":"2024-03-22T19:27:43","date_gmt":"2024-03-22T18:27:43","guid":{"rendered":"https:\/\/abinox-chr-clim.com\/index.php\/product\/plateau-de-table-rond-bolero-marron-fonce-800mm\/"},"modified":"2026-04-11T09:25:07","modified_gmt":"2026-04-11T07:25:07","slug":"plateau-de-table-rond-bolero-marron-fonce-800mm","status":"publish","type":"product","link":"https:\/\/abinox-chr-clim.com\/index.php\/product\/plateau-de-table-rond-bolero-marron-fonce-800mm\/","title":{"rendered":"Plateau de table rond Bolero marron fonc\u00e9 800mm"},"content":{"rendered":"<p>Plateau de table r\u00e9sistant sans rainures pour une utilisation int\u00e9rieure. Une large gamme pour le choix et la polyvalence.<br \/>La finition bois fonc\u00e9 ajoute un style \u00e9l\u00e9gant \u00e0 vos salles. L&rsquo;agglom\u00e9r\u00e9 haute densit\u00e9 offrent une excellente r\u00e9sistance \u00e0 l&rsquo;usure g\u00e9n\u00e9rale. Le rev\u00eatement en aluminium prot\u00e8ge la table des dommages caus\u00e9s par l&rsquo;eau et la chaleur. R\u00e9f\u00e9rence soumise \u00e0 une Eco-participation mobilier de 1.23\u20ac par unit\u00e9 vendue. Facile \u00e0 nettoyer pour un entretien rapide et efficace. R\u00e9sistant \u00e0 la chaleur jusqu&rsquo;\u00e0 180\u00b0C. Epaisseur de la bordure ext\u00e9rieure: 30mm. Utilisation int\u00e9rieure uniquement. Les plateaux de table de couleur fonc\u00e9e ne doivent pas \u00eatre expos\u00e9s au soleil pendant de trop longues p\u00e9riodes. Pr\u00e9-perc\u00e9 pour un auto-assemblage facile avec la gamme de pieds de table Bolero. R\u00e9f\u00e9rence soumise \u00e0 une Eco-participation mobilier de 0,58\u20ac par unit\u00e9 vendue. La finition bois fonc\u00e9 ajoute un style \u00e9l\u00e9gant \u00e0 vos salles.<\/p>\n<p>Caract\u00e9ristiques :<br \/> Dimensions : 30(H) x 800(\u00d8)mm.<br \/> Mati\u00e8re : Plateau de table en bois agglom\u00e9r\u00e9 haute densit\u00e9, rev\u00eatement ext\u00e9rieur.<br \/> Couleur : Marron fonc\u00e9.<\/p>\n","protected":false},"excerpt":{"rendered":"<p>Plateau de table rond Bolero marron fonc\u00e9 800mm<\/p>\n","protected":false},"featured_media":101594,"comment_status":"closed","ping_status":"closed","template":"","meta":[],"product_brand":[],"product_cat":[1208,1201,1297,1211],"product_tag":[],"class_list":{"0":"post-70503","1":"product","2":"type-product","3":"status-publish","4":"has-post-thumbnail","6":"product_cat-interieur","7":"product_cat-mobilier","8":"product_cat-non-palettisable","9":"product_cat-plateaux-et-pieds-de-table-interieur","10":"product_shipping_class-free-shipping","12":"first","13":"outofstock","14":"featured","15":"taxable","16":"shipping-taxable","17":"purchasable","18":"product-type-simple"},"_links":{"self":[{"href":"https:\/\/abinox-chr-clim.com\/index.php\/wp-json\/wp\/v2\/product\/70503","targetHints":{"allow":["GET"]}}],"collection":[{"href":"https:\/\/abinox-chr-clim.com\/index.php\/wp-json\/wp\/v2\/product"}],"about":[{"href":"https:\/\/abinox-chr-clim.com\/index.php\/wp-json\/wp\/v2\/types\/product"}],"replies":[{"embeddable":true,"href":"https:\/\/abinox-chr-clim.com\/index.php\/wp-json\/wp\/v2\/comments?post=70503"}],"wp:featuredmedia":[{"embeddable":true,"href":"https:\/\/abinox-chr-clim.com\/index.php\/wp-json\/wp\/v2\/media\/101594"}],"wp:attachment":[{"href":"https:\/\/abinox-chr-clim.com\/index.php\/wp-json\/wp\/v2\/media?parent=70503"}],"wp:term":[{"taxonomy":"product_brand","embeddable":true,"href":"https:\/\/abinox-chr-clim.com\/index.php\/wp-json\/wp\/v2\/product_brand?post=70503"},{"taxonomy":"product_cat","embeddable":true,"href":"https:\/\/abinox-chr-clim.com\/index.php\/wp-json\/wp\/v2\/product_cat?post=70503"},{"taxonomy":"product_tag","embeddable":true,"href":"https:\/\/abinox-chr-clim.com\/index.php\/wp-json\/wp\/v2\/product_tag?post=70503"}],"curies":[{"name":"wp","href":"https:\/\/api.w.org\/{rel}","templated":true}]}}