{"id":70498,"date":"2024-03-22T19:27:41","date_gmt":"2024-03-22T18:27:41","guid":{"rendered":"https:\/\/abinox-chr-clim.com\/index.php\/product\/plateau-de-table-carre-bolero-blanc-casse-700mm\/"},"modified":"2026-04-11T08:51:56","modified_gmt":"2026-04-11T06:51:56","slug":"plateau-de-table-carre-bolero-blanc-casse-700mm","status":"publish","type":"product","link":"https:\/\/abinox-chr-clim.com\/index.php\/product\/plateau-de-table-carre-bolero-blanc-casse-700mm\/","title":{"rendered":"Plateau de table carr\u00e9 Bolero blanc cass\u00e9 700mm"},"content":{"rendered":"<p>Plateaux de table attractifs et r\u00e9sistants pour une utilisation en int\u00e9rieur. Un large \u00e9ventail de choix et de polyvalence.<br \/>Pr\u00e9-perc\u00e9 pour un assemblage facile avec nos pieds de table. Livr\u00e9 en kit. R\u00e9sistant \u00e0 la chaleur et l&rsquo;humidit\u00e9. R\u00e9f\u00e9rence soumise \u00e0 une Eco-participation mobilier de 1.2\u20ac par unit\u00e9 vendue. Utilisation int\u00e9rieure uniquement.Epaisseur bord ext\u00e9rieur 30mm. R\u00e9f\u00e9rence soumise \u00e0 une Eco-participation mobilier de 0,91\u20ac par unit\u00e9 vendue. Pr\u00e9-perc\u00e9 pour un assemblage facile avec nos pieds de table.<\/p>\n<p>Caract\u00e9ristiques :<br \/> Dimensions : 30(H) x 700(L) x 700(P)mm.<br \/> Mati\u00e8re : Plateau de table en bois agglom\u00e9r\u00e9 haute densit\u00e9, rev\u00eatement ext\u00e9rieur.<br \/> Couleur : Blanc.<\/p>\n","protected":false},"excerpt":{"rendered":"<p>Plateau de table carr\u00e9 Bolero blanc cass\u00e9 700mm<\/p>\n","protected":false},"featured_media":101592,"comment_status":"closed","ping_status":"closed","template":"","meta":[],"product_brand":[],"product_cat":[1208,1201,1297,1211],"product_tag":[],"class_list":{"0":"post-70498","1":"product","2":"type-product","3":"status-publish","4":"has-post-thumbnail","6":"product_cat-interieur","7":"product_cat-mobilier","8":"product_cat-non-palettisable","9":"product_cat-plateaux-et-pieds-de-table-interieur","10":"product_shipping_class-free-shipping","12":"first","13":"instock","14":"featured","15":"taxable","16":"shipping-taxable","17":"purchasable","18":"product-type-simple"},"_links":{"self":[{"href":"https:\/\/abinox-chr-clim.com\/index.php\/wp-json\/wp\/v2\/product\/70498","targetHints":{"allow":["GET"]}}],"collection":[{"href":"https:\/\/abinox-chr-clim.com\/index.php\/wp-json\/wp\/v2\/product"}],"about":[{"href":"https:\/\/abinox-chr-clim.com\/index.php\/wp-json\/wp\/v2\/types\/product"}],"replies":[{"embeddable":true,"href":"https:\/\/abinox-chr-clim.com\/index.php\/wp-json\/wp\/v2\/comments?post=70498"}],"wp:featuredmedia":[{"embeddable":true,"href":"https:\/\/abinox-chr-clim.com\/index.php\/wp-json\/wp\/v2\/media\/101592"}],"wp:attachment":[{"href":"https:\/\/abinox-chr-clim.com\/index.php\/wp-json\/wp\/v2\/media?parent=70498"}],"wp:term":[{"taxonomy":"product_brand","embeddable":true,"href":"https:\/\/abinox-chr-clim.com\/index.php\/wp-json\/wp\/v2\/product_brand?post=70498"},{"taxonomy":"product_cat","embeddable":true,"href":"https:\/\/abinox-chr-clim.com\/index.php\/wp-json\/wp\/v2\/product_cat?post=70498"},{"taxonomy":"product_tag","embeddable":true,"href":"https:\/\/abinox-chr-clim.com\/index.php\/wp-json\/wp\/v2\/product_tag?post=70498"}],"curies":[{"name":"wp","href":"https:\/\/api.w.org\/{rel}","templated":true}]}}