{"id":70493,"date":"2024-03-22T19:27:40","date_gmt":"2024-03-22T18:27:40","guid":{"rendered":"https:\/\/abinox-chr-clim.com\/index.php\/product\/plateau-de-table-carre-bolero-effet-hetre-600mm\/"},"modified":"2026-04-11T08:51:52","modified_gmt":"2026-04-11T06:51:52","slug":"plateau-de-table-carre-bolero-effet-hetre-600mm","status":"publish","type":"product","link":"https:\/\/abinox-chr-clim.com\/index.php\/product\/plateau-de-table-carre-bolero-effet-hetre-600mm\/","title":{"rendered":"Plateau de table carr\u00e9 Bolero effet h\u00eatre 600mm"},"content":{"rendered":"<p>Plateaux de table attractifs et r\u00e9sistants pour une utilisation en int\u00e9rieur. Un large \u00e9ventail de choix et de polyvalence.<br \/>La finition effet h\u00eatre donne \u00e0 la table un aspect naturel et rustique. Pr\u00e9-perc\u00e9 pour un assemblage facile avec une s\u00e9lection de bases de table. Le c\u0153ur en nid d&rsquo;abeille est r\u00e9sistant \u00e0 la chaleur jusqu&rsquo;\u00e0 180\u00b0C. R\u00e9f\u00e9rence soumise \u00e0 une Eco-participation mobilier de 0.88\u20ac par unit\u00e9 vendue. L&rsquo;excellente r\u00e9sistance \u00e0 l&rsquo;eau \u00e9vite les dommages caus\u00e9s par les accidents et les d\u00e9versements. \u00c9paisseur du bord ext\u00e9rieur : 30 mm. Utilisation int\u00e9rieure uniquement.La haute r\u00e9sistance \u00e0 la chaleur est id\u00e9ale pour les plats cuisin\u00e9s. R\u00e9f\u00e9rence soumise \u00e0 une Eco-participation mobilier de 0,71\u20ac par unit\u00e9 vendue. La finition effet h\u00eatre donne \u00e0 la table un aspect naturel et rustique.<\/p>\n<p>Caract\u00e9ristiques :<br \/> Dimensions : 30(H) x 600(L) x 600(P)mm.<br \/> Mati\u00e8re : Plateau de table en bois agglom\u00e9r\u00e9 haute densit\u00e9, rev\u00eatement ext\u00e9rieur.<br \/> Couleur : Bois naturel.<\/p>\n","protected":false},"excerpt":{"rendered":"<p>Plateau de table carr\u00e9 Bolero effet h\u00eatre 600mm<\/p>\n","protected":false},"featured_media":101587,"comment_status":"closed","ping_status":"closed","template":"","meta":[],"product_brand":[],"product_cat":[1208,1201,1297,1211],"product_tag":[],"class_list":{"0":"post-70493","1":"product","2":"type-product","3":"status-publish","4":"has-post-thumbnail","6":"product_cat-interieur","7":"product_cat-mobilier","8":"product_cat-non-palettisable","9":"product_cat-plateaux-et-pieds-de-table-interieur","10":"product_shipping_class-free-shipping","12":"first","13":"instock","14":"featured","15":"taxable","16":"shipping-taxable","17":"purchasable","18":"product-type-simple"},"_links":{"self":[{"href":"https:\/\/abinox-chr-clim.com\/index.php\/wp-json\/wp\/v2\/product\/70493","targetHints":{"allow":["GET"]}}],"collection":[{"href":"https:\/\/abinox-chr-clim.com\/index.php\/wp-json\/wp\/v2\/product"}],"about":[{"href":"https:\/\/abinox-chr-clim.com\/index.php\/wp-json\/wp\/v2\/types\/product"}],"replies":[{"embeddable":true,"href":"https:\/\/abinox-chr-clim.com\/index.php\/wp-json\/wp\/v2\/comments?post=70493"}],"wp:featuredmedia":[{"embeddable":true,"href":"https:\/\/abinox-chr-clim.com\/index.php\/wp-json\/wp\/v2\/media\/101587"}],"wp:attachment":[{"href":"https:\/\/abinox-chr-clim.com\/index.php\/wp-json\/wp\/v2\/media?parent=70493"}],"wp:term":[{"taxonomy":"product_brand","embeddable":true,"href":"https:\/\/abinox-chr-clim.com\/index.php\/wp-json\/wp\/v2\/product_brand?post=70493"},{"taxonomy":"product_cat","embeddable":true,"href":"https:\/\/abinox-chr-clim.com\/index.php\/wp-json\/wp\/v2\/product_cat?post=70493"},{"taxonomy":"product_tag","embeddable":true,"href":"https:\/\/abinox-chr-clim.com\/index.php\/wp-json\/wp\/v2\/product_tag?post=70493"}],"curies":[{"name":"wp","href":"https:\/\/api.w.org\/{rel}","templated":true}]}}