{"id":70487,"date":"2024-03-22T19:27:38","date_gmt":"2024-03-22T18:27:38","guid":{"rendered":"https:\/\/abinox-chr-clim.com\/index.php\/product\/plateau-de-table-rectangulaire-pre-perce-bolero-effet-marbre-1100-x-700-mm\/"},"modified":"2025-07-24T20:08:09","modified_gmt":"2025-07-24T18:08:09","slug":"plateau-de-table-rectangulaire-pre-perce-bolero-effet-marbre-1100-x-700-mm","status":"publish","type":"product","link":"https:\/\/abinox-chr-clim.com\/index.php\/product\/plateau-de-table-rectangulaire-pre-perce-bolero-effet-marbre-1100-x-700-mm\/","title":{"rendered":"Plateau de table rectangulaire pr\u00e9-perc\u00e9 Bolero effet marbre 1100 x 700 mm"},"content":{"rendered":"<p>Un effet marbre \u00e9l\u00e9gant pour apporter du style \u00e0 votre salle. Le coeur en nid d&rsquo;abeille recouvert de m\u00e9lamine enduite de r\u00e9sine prot\u00e8ge des rayures et des hautes temp\u00e9ratures (jusqu&rsquo;\u00e0 180\u00b0C).<br \/>Le design \u00e9l\u00e9gant effet marbre ajoute de la sophistication aux salles de restauration. Le noyau en nid d&rsquo;abeille recouvert de m\u00e9lamine enduite de r\u00e9sine permet de servir des plats chauds \u00e0 table (jusqu&rsquo;\u00e0 180\u00b0C). Plateau de table pr\u00e9-perc\u00e9 parfait pour un assemblage facile avec la gamme de pieds de table Bolero. R\u00e9f\u00e9rence soumise \u00e0 une Eco-participation mobilier de 2.66\u20ac par unit\u00e9 vendue. Le bord en PVC prot\u00e8ge la table des chocs. Id\u00e9al pour une utilisation int\u00e9rieure. Construction de 48 mm d&rsquo;\u00e9paisseur.La surface facile \u00e0 nettoyer permet de gagner du temps avant et apr\u00e8s le service. Le design \u00e9l\u00e9gant effet marbre ajoute de la sophistication aux salles de restauration.<\/p>\n<p>Caract\u00e9ristiques :<br \/> Dimensions : 48(H) x 1100(L) x 700(P) mm.<br \/> Mati\u00e8re : Copeau de bois haute densit\u00e9 avec d\u00e9cor thermoscell\u00e9.<br \/> Couleur : Marbre.<\/p>\n","protected":false},"excerpt":{"rendered":"<p>Plateau de table rectangulaire pr\u00e9-perc\u00e9 Bolero effet marbre 1100 x 700 mm<\/p>\n","protected":false},"featured_media":93383,"comment_status":"closed","ping_status":"closed","template":"","meta":[],"product_brand":[],"product_cat":[1208,1201,1297,1211],"product_tag":[],"class_list":{"0":"post-70487","1":"product","2":"type-product","3":"status-publish","4":"has-post-thumbnail","6":"product_cat-interieur","7":"product_cat-mobilier","8":"product_cat-non-palettisable","9":"product_cat-plateaux-et-pieds-de-table-interieur","10":"product_shipping_class-free-shipping","12":"first","13":"instock","14":"featured","15":"taxable","16":"shipping-taxable","17":"purchasable","18":"product-type-simple"},"_links":{"self":[{"href":"https:\/\/abinox-chr-clim.com\/index.php\/wp-json\/wp\/v2\/product\/70487","targetHints":{"allow":["GET"]}}],"collection":[{"href":"https:\/\/abinox-chr-clim.com\/index.php\/wp-json\/wp\/v2\/product"}],"about":[{"href":"https:\/\/abinox-chr-clim.com\/index.php\/wp-json\/wp\/v2\/types\/product"}],"replies":[{"embeddable":true,"href":"https:\/\/abinox-chr-clim.com\/index.php\/wp-json\/wp\/v2\/comments?post=70487"}],"wp:featuredmedia":[{"embeddable":true,"href":"https:\/\/abinox-chr-clim.com\/index.php\/wp-json\/wp\/v2\/media\/93383"}],"wp:attachment":[{"href":"https:\/\/abinox-chr-clim.com\/index.php\/wp-json\/wp\/v2\/media?parent=70487"}],"wp:term":[{"taxonomy":"product_brand","embeddable":true,"href":"https:\/\/abinox-chr-clim.com\/index.php\/wp-json\/wp\/v2\/product_brand?post=70487"},{"taxonomy":"product_cat","embeddable":true,"href":"https:\/\/abinox-chr-clim.com\/index.php\/wp-json\/wp\/v2\/product_cat?post=70487"},{"taxonomy":"product_tag","embeddable":true,"href":"https:\/\/abinox-chr-clim.com\/index.php\/wp-json\/wp\/v2\/product_tag?post=70487"}],"curies":[{"name":"wp","href":"https:\/\/api.w.org\/{rel}","templated":true}]}}