{"id":70485,"date":"2024-03-22T19:27:37","date_gmt":"2024-03-22T18:27:37","guid":{"rendered":"https:\/\/abinox-chr-clim.com\/index.php\/product\/plateau-de-table-rond-pre-perce-bolero-effet-marbre-600-mm\/"},"modified":"2026-04-11T10:13:30","modified_gmt":"2026-04-11T08:13:30","slug":"plateau-de-table-rond-pre-perce-bolero-effet-marbre-600-mm","status":"publish","type":"product","link":"https:\/\/abinox-chr-clim.com\/index.php\/product\/plateau-de-table-rond-pre-perce-bolero-effet-marbre-600-mm\/","title":{"rendered":"Plateau de table rond pr\u00e9-perc\u00e9 Bolero effet marbre 600 mm"},"content":{"rendered":"<p>Un effet marbre \u00e9l\u00e9gant pour apporter du style \u00e0 votre salle. Le coeur en nid d&rsquo;abeille recouvert de m\u00e9lamine enduite de r\u00e9sine prot\u00e8ge des rayures et des hautes temp\u00e9ratures (jusqu&rsquo;\u00e0 180\u00b0C).<br \/>La finition effet marbre contraste entre les tons clairs et fonc\u00e9s. La finition naturelle ajoute une touche \u00e9l\u00e9gante et unique \u00e0 vos salles. Le noyau en nid d&rsquo;abeille r\u00e9siste \u00e0 des temp\u00e9ratures jusqu&rsquo;\u00e0 180\u00b0C. R\u00e9f\u00e9rence soumise \u00e0 une Eco-participation mobilier de 1.05\u20ac par unit\u00e9 vendue. Le dessus en m\u00e9lamine est durable contre les rayures, les taches et les marques. Plateau de table pr\u00e9-perc\u00e9 parfait pour un assemblage facile avec la gamme de pieds de table Bolero. Epaisseur 48mm. Le bord en PVC prot\u00e8ge la table des chocs. Taille de filetage M6*20. Convient \u00e0 une utilisation int\u00e9rieure uniquement. La r\u00e9sistance \u00e0 la chaleur \u00e9lev\u00e9e le rend id\u00e9al pour le service du four \u00e0 la table. La finition effet marbre contraste entre les tons clairs et fonc\u00e9s.<\/p>\n<p>Caract\u00e9ristiques :<br \/> Dimensions : 48(H) x 600(L) x 600(P) mm.<br \/> Mati\u00e8re : Copeau de bois haute densit\u00e9 avec d\u00e9cor thermoscell\u00e9.<br \/> Couleur : Marbre.<\/p>\n","protected":false},"excerpt":{"rendered":"<p>Plateau de table rond pr\u00e9-perc\u00e9 Bolero effet marbre 600 mm<\/p>\n","protected":false},"featured_media":93372,"comment_status":"closed","ping_status":"closed","template":"","meta":[],"product_brand":[],"product_cat":[1208,1201,1297,1211],"product_tag":[],"class_list":{"0":"post-70485","1":"product","2":"type-product","3":"status-publish","4":"has-post-thumbnail","6":"product_cat-interieur","7":"product_cat-mobilier","8":"product_cat-non-palettisable","9":"product_cat-plateaux-et-pieds-de-table-interieur","10":"product_shipping_class-free-shipping","12":"first","13":"instock","14":"featured","15":"taxable","16":"shipping-taxable","17":"purchasable","18":"product-type-simple"},"_links":{"self":[{"href":"https:\/\/abinox-chr-clim.com\/index.php\/wp-json\/wp\/v2\/product\/70485","targetHints":{"allow":["GET"]}}],"collection":[{"href":"https:\/\/abinox-chr-clim.com\/index.php\/wp-json\/wp\/v2\/product"}],"about":[{"href":"https:\/\/abinox-chr-clim.com\/index.php\/wp-json\/wp\/v2\/types\/product"}],"replies":[{"embeddable":true,"href":"https:\/\/abinox-chr-clim.com\/index.php\/wp-json\/wp\/v2\/comments?post=70485"}],"wp:featuredmedia":[{"embeddable":true,"href":"https:\/\/abinox-chr-clim.com\/index.php\/wp-json\/wp\/v2\/media\/93372"}],"wp:attachment":[{"href":"https:\/\/abinox-chr-clim.com\/index.php\/wp-json\/wp\/v2\/media?parent=70485"}],"wp:term":[{"taxonomy":"product_brand","embeddable":true,"href":"https:\/\/abinox-chr-clim.com\/index.php\/wp-json\/wp\/v2\/product_brand?post=70485"},{"taxonomy":"product_cat","embeddable":true,"href":"https:\/\/abinox-chr-clim.com\/index.php\/wp-json\/wp\/v2\/product_cat?post=70485"},{"taxonomy":"product_tag","embeddable":true,"href":"https:\/\/abinox-chr-clim.com\/index.php\/wp-json\/wp\/v2\/product_tag?post=70485"}],"curies":[{"name":"wp","href":"https:\/\/api.w.org\/{rel}","templated":true}]}}