{"id":70484,"date":"2024-03-22T19:27:37","date_gmt":"2024-03-22T18:27:37","guid":{"rendered":"https:\/\/abinox-chr-clim.com\/index.php\/product\/plateau-de-table-carre-pre-perce-bolero-effet-marbre-600-mm\/"},"modified":"2025-07-24T20:08:11","modified_gmt":"2025-07-24T18:08:11","slug":"plateau-de-table-carre-pre-perce-bolero-effet-marbre-600-mm","status":"publish","type":"product","link":"https:\/\/abinox-chr-clim.com\/index.php\/product\/plateau-de-table-carre-pre-perce-bolero-effet-marbre-600-mm\/","title":{"rendered":"Plateau de table carr\u00e9 pr\u00e9-perc\u00e9 Bolero effet marbre 600 mm"},"content":{"rendered":"<p>Un effet marbre \u00e9l\u00e9gant pour apporter du style \u00e0 votre salle. Le coeur en nid d&rsquo;abeille recouvert de m\u00e9lamine enduite de r\u00e9sine prot\u00e8ge des rayures et des hautes temp\u00e9ratures (jusqu&rsquo;\u00e0 180\u00b0C).<br \/>Le design \u00e9l\u00e9gant effet marbre ajoute de la sophistication aux salles de restauration. Le noyau en nid d&rsquo;abeille recouvert de m\u00e9lamine enduite de r\u00e9sine offre une excellente r\u00e9sistance \u00e0 la chaleur. Posez des plaques chauffantes ou des r\u00e9chauds (jusqu&rsquo;\u00e0 180\u00b0C) sans endommager la surface. R\u00e9f\u00e9rence soumise \u00e0 une Eco-participation mobilier de 1.11\u20ac par unit\u00e9 vendue. La surface facile \u00e0 nettoyer permet de gagner du temps avant et apr\u00e8s le service. La construction de 48 mm d&rsquo;\u00e9paisseur offre r\u00e9sistance et durabilit\u00e9. Trous pr\u00e9-perc\u00e9s pour un assemblage facile avec les pieds de table Bolero. Convient \u00e0 une utilisation int\u00e9rieure uniquement.Le bord en PVC prot\u00e8ge la table des chocs. Le design \u00e9l\u00e9gant effet marbre ajoute de la sophistication aux salles de restauration.<\/p>\n<p>Caract\u00e9ristiques :<br \/> Dimensions : 48(H) x 600(L) x 600(P) mm.<br \/> Mati\u00e8re : Copeau de bois haute densit\u00e9 avec d\u00e9cor thermoscell\u00e9.<br \/> Couleur : Marbre.<\/p>\n","protected":false},"excerpt":{"rendered":"<p>Plateau de table carr\u00e9 pr\u00e9-perc\u00e9 Bolero effet marbre 600 mm<\/p>\n","protected":false},"featured_media":93365,"comment_status":"closed","ping_status":"closed","template":"","meta":[],"product_brand":[],"product_cat":[1208,1201,1297,1211],"product_tag":[],"class_list":{"0":"post-70484","1":"product","2":"type-product","3":"status-publish","4":"has-post-thumbnail","6":"product_cat-interieur","7":"product_cat-mobilier","8":"product_cat-non-palettisable","9":"product_cat-plateaux-et-pieds-de-table-interieur","10":"product_shipping_class-free-shipping","12":"first","13":"outofstock","14":"featured","15":"taxable","16":"shipping-taxable","17":"purchasable","18":"product-type-simple"},"_links":{"self":[{"href":"https:\/\/abinox-chr-clim.com\/index.php\/wp-json\/wp\/v2\/product\/70484","targetHints":{"allow":["GET"]}}],"collection":[{"href":"https:\/\/abinox-chr-clim.com\/index.php\/wp-json\/wp\/v2\/product"}],"about":[{"href":"https:\/\/abinox-chr-clim.com\/index.php\/wp-json\/wp\/v2\/types\/product"}],"replies":[{"embeddable":true,"href":"https:\/\/abinox-chr-clim.com\/index.php\/wp-json\/wp\/v2\/comments?post=70484"}],"wp:featuredmedia":[{"embeddable":true,"href":"https:\/\/abinox-chr-clim.com\/index.php\/wp-json\/wp\/v2\/media\/93365"}],"wp:attachment":[{"href":"https:\/\/abinox-chr-clim.com\/index.php\/wp-json\/wp\/v2\/media?parent=70484"}],"wp:term":[{"taxonomy":"product_brand","embeddable":true,"href":"https:\/\/abinox-chr-clim.com\/index.php\/wp-json\/wp\/v2\/product_brand?post=70484"},{"taxonomy":"product_cat","embeddable":true,"href":"https:\/\/abinox-chr-clim.com\/index.php\/wp-json\/wp\/v2\/product_cat?post=70484"},{"taxonomy":"product_tag","embeddable":true,"href":"https:\/\/abinox-chr-clim.com\/index.php\/wp-json\/wp\/v2\/product_tag?post=70484"}],"curies":[{"name":"wp","href":"https:\/\/api.w.org\/{rel}","templated":true}]}}