{"id":70446,"date":"2024-03-22T19:27:17","date_gmt":"2024-03-22T18:27:17","guid":{"rendered":"https:\/\/abinox-chr-clim.com\/index.php\/product\/plateau-de-table-carre-bolero-effet-bois-vieilli-60-cm\/"},"modified":"2026-04-11T09:45:42","modified_gmt":"2026-04-11T07:45:42","slug":"plateau-de-table-carre-bolero-effet-bois-vieilli-60-cm","status":"publish","type":"product","link":"https:\/\/abinox-chr-clim.com\/index.php\/product\/plateau-de-table-carre-bolero-effet-bois-vieilli-60-cm\/","title":{"rendered":"Plateau de table carr\u00e9 Bolero effet bois vieilli &#8211; 60 cm"},"content":{"rendered":"<p>Design \u00e9l\u00e9gant effet marbr\u00e9. \u00c2me en nid d&rsquo;abeille avec m\u00e9lamine impr\u00e9gn\u00e9e de r\u00e9sine offrant une excellente r\u00e9sistance \u00e0 la chaleur. Placer les assiettes chaudes ou les r\u00e9chauffeurs (jusqu&rsquo;\u00e0 180\u00a0\u00b0C) sans endommager la surface. R\u00e9f\u00e9rence soumise \u00e0 une Eco-participation mobilier de 1.12\u20ac par unit\u00e9 vendue. Surface facile \u00e0 nettoyer pour gagner du temps avant et apr\u00e8s le service. Structure de 48 mm d&rsquo;\u00e9paisseur \u00e0 des fins de r\u00e9sistance et durabilit\u00e9. Trous pr\u00e9-perc\u00e9s pour un auto-assemblage facile avec les bases pour table Bolero. \u00c9vitez de positionner les dessus de couleur fonc\u00e9e en plein soleil. \u00c9chantillons disponibles s\u00e9par\u00e9ment &#8211; AJ812. La bordure en PVC prot\u00e8ge la table des dommages caus\u00e9s par les chocs et lui permet de garder un aspect neuf. Design \u00e9l\u00e9gant effet marbr\u00e9.<\/p>\n<p>Caract\u00e9ristiques :<br \/> Dimensions : 48(H) x 600(L) x 600(P) mm.<br \/> Mati\u00e8re : Panneau de particules m\u00e9lamin\u00e9.<br \/> Couleur : Noir urbain.<\/p>\n","protected":false},"excerpt":{"rendered":"<p>Plateau de table carr\u00e9 Bolero effet bois vieilli &#8211; 60 cm<\/p>\n","protected":false},"featured_media":103020,"comment_status":"closed","ping_status":"closed","template":"","meta":[],"product_brand":[],"product_cat":[1208,1201,1297,1211],"product_tag":[],"class_list":{"0":"post-70446","1":"product","2":"type-product","3":"status-publish","4":"has-post-thumbnail","6":"product_cat-interieur","7":"product_cat-mobilier","8":"product_cat-non-palettisable","9":"product_cat-plateaux-et-pieds-de-table-interieur","10":"product_shipping_class-free-shipping","12":"first","13":"instock","14":"featured","15":"taxable","16":"shipping-taxable","17":"purchasable","18":"product-type-simple"},"_links":{"self":[{"href":"https:\/\/abinox-chr-clim.com\/index.php\/wp-json\/wp\/v2\/product\/70446","targetHints":{"allow":["GET"]}}],"collection":[{"href":"https:\/\/abinox-chr-clim.com\/index.php\/wp-json\/wp\/v2\/product"}],"about":[{"href":"https:\/\/abinox-chr-clim.com\/index.php\/wp-json\/wp\/v2\/types\/product"}],"replies":[{"embeddable":true,"href":"https:\/\/abinox-chr-clim.com\/index.php\/wp-json\/wp\/v2\/comments?post=70446"}],"wp:featuredmedia":[{"embeddable":true,"href":"https:\/\/abinox-chr-clim.com\/index.php\/wp-json\/wp\/v2\/media\/103020"}],"wp:attachment":[{"href":"https:\/\/abinox-chr-clim.com\/index.php\/wp-json\/wp\/v2\/media?parent=70446"}],"wp:term":[{"taxonomy":"product_brand","embeddable":true,"href":"https:\/\/abinox-chr-clim.com\/index.php\/wp-json\/wp\/v2\/product_brand?post=70446"},{"taxonomy":"product_cat","embeddable":true,"href":"https:\/\/abinox-chr-clim.com\/index.php\/wp-json\/wp\/v2\/product_cat?post=70446"},{"taxonomy":"product_tag","embeddable":true,"href":"https:\/\/abinox-chr-clim.com\/index.php\/wp-json\/wp\/v2\/product_tag?post=70446"}],"curies":[{"name":"wp","href":"https:\/\/api.w.org\/{rel}","templated":true}]}}