{"id":70443,"date":"2024-03-22T19:27:16","date_gmt":"2024-03-22T18:27:16","guid":{"rendered":"https:\/\/abinox-chr-clim.com\/index.php\/product\/plateau-de-table-rectangulaire-pre-perce-coloris-frene-naturel-bolero-700-x-1100mm\/"},"modified":"2026-04-11T09:55:44","modified_gmt":"2026-04-11T07:55:44","slug":"plateau-de-table-rectangulaire-pre-perce-coloris-frene-naturel-bolero-700-x-1100mm","status":"publish","type":"product","link":"https:\/\/abinox-chr-clim.com\/index.php\/product\/plateau-de-table-rectangulaire-pre-perce-coloris-frene-naturel-bolero-700-x-1100mm\/","title":{"rendered":"Plateau de table rectangulaire pr\u00e9-perc\u00e9 coloris fr\u00eane naturel Bolero 700 x 1100mm"},"content":{"rendered":"<p>Plateau de table durable pr\u00e9-perc\u00e9 pour un assemblage facile avec des pieds de table.<br \/>N\u00e9cessite 2 pieds de table. Pr\u00e9-perc\u00e9 pour un assemblage facile. Con\u00e7u pour s&rsquo;adapter \u00e0 tous les plateaux de table Bolero. R\u00e9f\u00e9rence soumise \u00e0 une Eco-participation mobilier de 2.24\u20ac par unit\u00e9 vendue. Utilisation int\u00e9rieure uniquement. Essuyage facile. Colis plat.R\u00e9sistant \u00e0 la chaleur et l&rsquo;eau. N\u00e9cessite 2 pieds de table.<\/p>\n<p>Caract\u00e9ristiques :<br \/> Dimensions : 27(H) x 700(L) mm.<br \/> Mati\u00e8re : MDF et fr\u00eane.<br \/> Couleur : Naturel.<\/p>\n","protected":false},"excerpt":{"rendered":"<p>Plateau de table rectangulaire pr\u00e9-perc\u00e9 coloris fr\u00eane naturel Bolero 700 x 1100mm<\/p>\n","protected":false},"featured_media":88644,"comment_status":"closed","ping_status":"closed","template":"","meta":[],"product_brand":[],"product_cat":[1208,1201,1297,1211],"product_tag":[],"class_list":{"0":"post-70443","1":"product","2":"type-product","3":"status-publish","4":"has-post-thumbnail","6":"product_cat-interieur","7":"product_cat-mobilier","8":"product_cat-non-palettisable","9":"product_cat-plateaux-et-pieds-de-table-interieur","10":"product_shipping_class-free-shipping","12":"first","13":"instock","14":"featured","15":"taxable","16":"shipping-taxable","17":"purchasable","18":"product-type-simple"},"_links":{"self":[{"href":"https:\/\/abinox-chr-clim.com\/index.php\/wp-json\/wp\/v2\/product\/70443","targetHints":{"allow":["GET"]}}],"collection":[{"href":"https:\/\/abinox-chr-clim.com\/index.php\/wp-json\/wp\/v2\/product"}],"about":[{"href":"https:\/\/abinox-chr-clim.com\/index.php\/wp-json\/wp\/v2\/types\/product"}],"replies":[{"embeddable":true,"href":"https:\/\/abinox-chr-clim.com\/index.php\/wp-json\/wp\/v2\/comments?post=70443"}],"wp:featuredmedia":[{"embeddable":true,"href":"https:\/\/abinox-chr-clim.com\/index.php\/wp-json\/wp\/v2\/media\/88644"}],"wp:attachment":[{"href":"https:\/\/abinox-chr-clim.com\/index.php\/wp-json\/wp\/v2\/media?parent=70443"}],"wp:term":[{"taxonomy":"product_brand","embeddable":true,"href":"https:\/\/abinox-chr-clim.com\/index.php\/wp-json\/wp\/v2\/product_brand?post=70443"},{"taxonomy":"product_cat","embeddable":true,"href":"https:\/\/abinox-chr-clim.com\/index.php\/wp-json\/wp\/v2\/product_cat?post=70443"},{"taxonomy":"product_tag","embeddable":true,"href":"https:\/\/abinox-chr-clim.com\/index.php\/wp-json\/wp\/v2\/product_tag?post=70443"}],"curies":[{"name":"wp","href":"https:\/\/api.w.org\/{rel}","templated":true}]}}