{"id":70440,"date":"2024-03-22T19:27:15","date_gmt":"2024-03-22T18:27:15","guid":{"rendered":"https:\/\/abinox-chr-clim.com\/index.php\/product\/plateau-de-table-rectangulaire-pre-perce-bolero-coloris-hetre\/"},"modified":"2026-04-11T09:42:07","modified_gmt":"2026-04-11T07:42:07","slug":"plateau-de-table-rectangulaire-pre-perce-bolero-coloris-hetre","status":"publish","type":"product","link":"https:\/\/abinox-chr-clim.com\/index.php\/product\/plateau-de-table-rectangulaire-pre-perce-bolero-coloris-hetre\/","title":{"rendered":"Plateau de table rectangulaire pr\u00e9 perc\u00e9 Bolero coloris h\u00eatre"},"content":{"rendered":"<p>Des plateaux sans joint, attrayants et r\u00e9sistants, parfaits pour toutes les utilisations en restauration. Diff\u00e9rents coloris de stratifi\u00e9s disponibles pour une plus grande offre de choix et polyvalence. Faciles \u00e0 nettoyer, r\u00e9sistants \u00e0 la chaleur et \u00e9tanches.<br \/>N\u00e9cessite 2 pieds de table. Utilisation int\u00e9rieure uniquement. Facile \u00e0 nettoyer. R\u00e9f\u00e9rence soumise \u00e0 une Eco-participation mobilier de 2.49\u20ac par unit\u00e9 vendue. Pr\u00e9-perc\u00e9 pour assemblage avec tous nos pieds de table. Vis fournies pour assemblage avec un pied de table. Etanche et r\u00e9sistant \u00e0 la chaleur.Epaisseur plateau 30mm. N\u00e9cessite 2 pieds de table.<\/p>\n<p>Caract\u00e9ristiques :<br \/> Dimensions : 30(H) x 1200(L) x 800(P) mm.<br \/> Mati\u00e8re : Plateau de table en bois haute densit\u00e9 avec stratifi\u00e9 d\u00e9coratif.<br \/> Couleur : Bois naturel.<\/p>\n","protected":false},"excerpt":{"rendered":"<p>Plateau de table rectangulaire pr\u00e9 perc\u00e9 Bolero coloris h\u00eatre<\/p>\n","protected":false},"featured_media":103018,"comment_status":"closed","ping_status":"closed","template":"","meta":[],"product_brand":[],"product_cat":[1208,1201,1297,1211],"product_tag":[],"class_list":{"0":"post-70440","1":"product","2":"type-product","3":"status-publish","4":"has-post-thumbnail","6":"product_cat-interieur","7":"product_cat-mobilier","8":"product_cat-non-palettisable","9":"product_cat-plateaux-et-pieds-de-table-interieur","10":"product_shipping_class-free-shipping","12":"first","13":"outofstock","14":"featured","15":"taxable","16":"shipping-taxable","17":"purchasable","18":"product-type-simple"},"_links":{"self":[{"href":"https:\/\/abinox-chr-clim.com\/index.php\/wp-json\/wp\/v2\/product\/70440","targetHints":{"allow":["GET"]}}],"collection":[{"href":"https:\/\/abinox-chr-clim.com\/index.php\/wp-json\/wp\/v2\/product"}],"about":[{"href":"https:\/\/abinox-chr-clim.com\/index.php\/wp-json\/wp\/v2\/types\/product"}],"replies":[{"embeddable":true,"href":"https:\/\/abinox-chr-clim.com\/index.php\/wp-json\/wp\/v2\/comments?post=70440"}],"wp:featuredmedia":[{"embeddable":true,"href":"https:\/\/abinox-chr-clim.com\/index.php\/wp-json\/wp\/v2\/media\/103018"}],"wp:attachment":[{"href":"https:\/\/abinox-chr-clim.com\/index.php\/wp-json\/wp\/v2\/media?parent=70440"}],"wp:term":[{"taxonomy":"product_brand","embeddable":true,"href":"https:\/\/abinox-chr-clim.com\/index.php\/wp-json\/wp\/v2\/product_brand?post=70440"},{"taxonomy":"product_cat","embeddable":true,"href":"https:\/\/abinox-chr-clim.com\/index.php\/wp-json\/wp\/v2\/product_cat?post=70440"},{"taxonomy":"product_tag","embeddable":true,"href":"https:\/\/abinox-chr-clim.com\/index.php\/wp-json\/wp\/v2\/product_tag?post=70440"}],"curies":[{"name":"wp","href":"https:\/\/api.w.org\/{rel}","templated":true}]}}