{"id":70439,"date":"2024-03-22T19:27:15","date_gmt":"2024-03-22T18:27:15","guid":{"rendered":"https:\/\/abinox-chr-clim.com\/index.php\/product\/pied-de-mange-debout-en-fonte-bolero\/"},"modified":"2026-04-11T09:36:38","modified_gmt":"2026-04-11T07:36:38","slug":"pied-de-mange-debout-en-fonte-bolero","status":"publish","type":"product","link":"https:\/\/abinox-chr-clim.com\/index.php\/product\/pied-de-mange-debout-en-fonte-bolero\/","title":{"rendered":"Pied de mange-debout en fonte Bolero"},"content":{"rendered":"<p>Pied de mange-debout en fonte d\u00e9cor\u00e9 et fonctionnel. Conception robuste offrant une base incroyablement fiable et stable, id\u00e9ale pour les patios, jardins et espaces ext\u00e9rieurs des restaurants, caf\u00e9s et bistros. Pied lest\u00e9 pour rester bien en place, tr\u00e8s durable et con\u00e7u pour s&rsquo;adapter aux gammes de plateaux pr\u00e9-perc\u00e9s Bolero et Werzalit.<br \/>Le poids de 12 kg permet de maintenir votre table stable et s\u00fbre. La conception en fonte offre une excellente durabilit\u00e9. La finition noire mate donne un aspect moderne et discret. R\u00e9f\u00e9rence soumise \u00e0 une Eco-participation mobilier de 0.5\u20ac par unit\u00e9 vendue. Emballage plat pour un montage facile. Les pieds r\u00e9glables vous permettent de mettre la table \u00e0 niveau sur un sol irr\u00e9gulier. Convient \u00e0 un usage int\u00e9rieur et ext\u00e9rieur. Convient aux plateaux de table d&rsquo;un diam\u00e8tre maximal de 800 mm. R\u00e9siste aux dommages pouvant \u00eatre caus\u00e9s par les liquides chauds. La fonte de couleur stable ne se d\u00e9colore pas et ne se d\u00e9forme pas au soleil. Le poids de 12 kg permet de maintenir votre table stable et s\u00fbre.<\/p>\n<p>Caract\u00e9ristiques :<br \/> Dimensions : 1080(H) x 610(L) x 610(P) mm.<br \/> Mati\u00e8re : Fonte.<br \/> Couleur : Noir.<\/p>\n","protected":false},"excerpt":{"rendered":"<p>Pied de mange-debout en fonte Bolero<\/p>\n","protected":false},"featured_media":103009,"comment_status":"closed","ping_status":"closed","template":"","meta":[],"product_brand":[],"product_cat":[1208,1201,1297,1211],"product_tag":[],"class_list":{"0":"post-70439","1":"product","2":"type-product","3":"status-publish","4":"has-post-thumbnail","6":"product_cat-interieur","7":"product_cat-mobilier","8":"product_cat-non-palettisable","9":"product_cat-plateaux-et-pieds-de-table-interieur","10":"product_shipping_class-free-shipping","12":"first","13":"instock","14":"featured","15":"taxable","16":"shipping-taxable","17":"purchasable","18":"product-type-simple"},"_links":{"self":[{"href":"https:\/\/abinox-chr-clim.com\/index.php\/wp-json\/wp\/v2\/product\/70439","targetHints":{"allow":["GET"]}}],"collection":[{"href":"https:\/\/abinox-chr-clim.com\/index.php\/wp-json\/wp\/v2\/product"}],"about":[{"href":"https:\/\/abinox-chr-clim.com\/index.php\/wp-json\/wp\/v2\/types\/product"}],"replies":[{"embeddable":true,"href":"https:\/\/abinox-chr-clim.com\/index.php\/wp-json\/wp\/v2\/comments?post=70439"}],"wp:featuredmedia":[{"embeddable":true,"href":"https:\/\/abinox-chr-clim.com\/index.php\/wp-json\/wp\/v2\/media\/103009"}],"wp:attachment":[{"href":"https:\/\/abinox-chr-clim.com\/index.php\/wp-json\/wp\/v2\/media?parent=70439"}],"wp:term":[{"taxonomy":"product_brand","embeddable":true,"href":"https:\/\/abinox-chr-clim.com\/index.php\/wp-json\/wp\/v2\/product_brand?post=70439"},{"taxonomy":"product_cat","embeddable":true,"href":"https:\/\/abinox-chr-clim.com\/index.php\/wp-json\/wp\/v2\/product_cat?post=70439"},{"taxonomy":"product_tag","embeddable":true,"href":"https:\/\/abinox-chr-clim.com\/index.php\/wp-json\/wp\/v2\/product_tag?post=70439"}],"curies":[{"name":"wp","href":"https:\/\/api.w.org\/{rel}","templated":true}]}}