{"id":70436,"date":"2024-03-22T19:27:14","date_gmt":"2024-03-22T18:27:14","guid":{"rendered":"https:\/\/abinox-chr-clim.com\/index.php\/product\/rehausses-en-bois-dacacia-fsc-olympia-lot-de-3\/"},"modified":"2026-04-02T09:32:52","modified_gmt":"2026-04-02T07:32:52","slug":"rehausses-en-bois-dacacia-fsc-olympia-lot-de-3","status":"publish","type":"product","link":"https:\/\/abinox-chr-clim.com\/index.php\/product\/rehausses-en-bois-dacacia-fsc-olympia-lot-de-3\/","title":{"rendered":"Rehausses en bois d&rsquo;acacia FSC Olympia (lot de 3)"},"content":{"rendered":"<p>Lot de 3 rehausses buffet de diff\u00e9rentes tailles en acacia pour mettre en valeur la pr\u00e9sentation de vos aliments. Peuvent \u00eatre utilis\u00e9es pour ajouter de la hauteur au buffet ou servir un assortiment \u00e0 partager sur\u00e9lev\u00e9 \u00e0 table.<br \/>La construction sur\u00e9lev\u00e9e offre un excellent moyen d&rsquo;ajouter de la hauteur \u00e0 la pr\u00e9sentation de vos plats. Diff\u00e9rentes largeurs et longueurs vous permettant d&rsquo;utiliser votre espace buffet. Attrayant et rustique, le mat\u00e9riau en bois apporte une touche unique \u00e0 votre salle. Les pieds robustes aident \u00e0 am\u00e9liorer la stabilit\u00e9 et \u00e0 pr\u00e9venir les d\u00e9versements. La conception sur\u00e9lev\u00e9e rend ces rehausses id\u00e9ales pour servir des plateaux \u00e0 partager \u00e0 table. Ne passe pas au lave-vaisselle : nettoyer avec un chiffon humide.  La construction sur\u00e9lev\u00e9e offre un excellent moyen d&rsquo;ajouter de la hauteur \u00e0 la pr\u00e9sentation de vos plats.<\/p>\n<p>Caract\u00e9ristiques :<br \/>Lot : 3.<br \/> Dimensions : 50(H) x 250(L) x 145(P) mm.<br \/> Mati\u00e8re : Bois.<br \/> Couleur : Marron.<\/p>\n","protected":false},"excerpt":{"rendered":"<p>Rehausses en bois d&rsquo;acacia FSC Olympia (lot de 3)<\/p>\n","protected":false},"featured_media":85373,"comment_status":"closed","ping_status":"closed","template":"","meta":[],"product_brand":[],"product_cat":[1210,1208,1201,1297],"product_tag":[],"class_list":{"0":"post-70436","1":"product","2":"type-product","3":"status-publish","4":"has-post-thumbnail","6":"product_cat-divers-interieur","7":"product_cat-interieur","8":"product_cat-mobilier","9":"product_cat-non-palettisable","10":"product_shipping_class-free-shipping","12":"first","13":"instock","14":"featured","15":"taxable","16":"shipping-taxable","17":"purchasable","18":"product-type-simple"},"_links":{"self":[{"href":"https:\/\/abinox-chr-clim.com\/index.php\/wp-json\/wp\/v2\/product\/70436","targetHints":{"allow":["GET"]}}],"collection":[{"href":"https:\/\/abinox-chr-clim.com\/index.php\/wp-json\/wp\/v2\/product"}],"about":[{"href":"https:\/\/abinox-chr-clim.com\/index.php\/wp-json\/wp\/v2\/types\/product"}],"replies":[{"embeddable":true,"href":"https:\/\/abinox-chr-clim.com\/index.php\/wp-json\/wp\/v2\/comments?post=70436"}],"wp:featuredmedia":[{"embeddable":true,"href":"https:\/\/abinox-chr-clim.com\/index.php\/wp-json\/wp\/v2\/media\/85373"}],"wp:attachment":[{"href":"https:\/\/abinox-chr-clim.com\/index.php\/wp-json\/wp\/v2\/media?parent=70436"}],"wp:term":[{"taxonomy":"product_brand","embeddable":true,"href":"https:\/\/abinox-chr-clim.com\/index.php\/wp-json\/wp\/v2\/product_brand?post=70436"},{"taxonomy":"product_cat","embeddable":true,"href":"https:\/\/abinox-chr-clim.com\/index.php\/wp-json\/wp\/v2\/product_cat?post=70436"},{"taxonomy":"product_tag","embeddable":true,"href":"https:\/\/abinox-chr-clim.com\/index.php\/wp-json\/wp\/v2\/product_tag?post=70436"}],"curies":[{"name":"wp","href":"https:\/\/api.w.org\/{rel}","templated":true}]}}