{"id":70435,"date":"2024-03-22T19:27:13","date_gmt":"2024-03-22T18:27:13","guid":{"rendered":"https:\/\/abinox-chr-clim.com\/index.php\/product\/chariot-pour-chaises-de-banquet\/"},"modified":"2026-04-02T09:50:00","modified_gmt":"2026-04-02T07:50:00","slug":"chariot-pour-chaises-de-banquet","status":"publish","type":"product","link":"https:\/\/abinox-chr-clim.com\/index.php\/product\/chariot-pour-chaises-de-banquet\/","title":{"rendered":"Chariot pour chaises de banquet"},"content":{"rendered":"<p>Un chariot de transport en acier pratique pour d\u00e9placer des piles de chaises en toute s\u00e9curit\u00e9 (piles de 10 chaises maximum). Roulettes en caoutchouc avec partie int\u00e9rieure en plastique (Dimensions des roulettes (mm): 120(\u00d8) x 30(L)).<br \/>Peut contenir jusqu&rsquo;\u00e0 10 chaises \u00e0 la fois. Facile \u00e0 charger. Roulettes en caoutchouc pour une utilisation sur terrain irr\u00e9gulier. R\u00e9f\u00e9rence soumise \u00e0 une Eco-participation mobilier de 0.65\u20ac par unit\u00e9 vendue. Dimensions des roulettes : 120(\u00d8) x 30(L) mm.  Largeur (moins les roulettes): 330 mm \u00e0 l&rsquo;avant, 490 mm \u00e0 l&rsquo;arri\u00e8re. Peut contenir jusqu&rsquo;\u00e0 10 chaises \u00e0 la fois.<\/p>\n<p>Caract\u00e9ristiques :<br \/> Dimensions : 1030(H) x 490(L) x 540(P) mm.<br \/> Mati\u00e8re : Acier et caoutchouc.<br \/> Couleur : Noir.<\/p>\n","protected":false},"excerpt":{"rendered":"<p>Chariot pour chaises de banquet<\/p>\n","protected":false},"featured_media":82080,"comment_status":"closed","ping_status":"closed","template":"","meta":[],"product_brand":[],"product_cat":[1210,1208,1201,1296],"product_tag":[],"class_list":{"0":"post-70435","1":"product","2":"type-product","3":"status-publish","4":"has-post-thumbnail","6":"product_cat-divers-interieur","7":"product_cat-interieur","8":"product_cat-mobilier","9":"product_cat-palettisable","11":"first","12":"outofstock","13":"featured","14":"taxable","15":"shipping-taxable","16":"purchasable","17":"product-type-simple"},"_links":{"self":[{"href":"https:\/\/abinox-chr-clim.com\/index.php\/wp-json\/wp\/v2\/product\/70435","targetHints":{"allow":["GET"]}}],"collection":[{"href":"https:\/\/abinox-chr-clim.com\/index.php\/wp-json\/wp\/v2\/product"}],"about":[{"href":"https:\/\/abinox-chr-clim.com\/index.php\/wp-json\/wp\/v2\/types\/product"}],"replies":[{"embeddable":true,"href":"https:\/\/abinox-chr-clim.com\/index.php\/wp-json\/wp\/v2\/comments?post=70435"}],"wp:featuredmedia":[{"embeddable":true,"href":"https:\/\/abinox-chr-clim.com\/index.php\/wp-json\/wp\/v2\/media\/82080"}],"wp:attachment":[{"href":"https:\/\/abinox-chr-clim.com\/index.php\/wp-json\/wp\/v2\/media?parent=70435"}],"wp:term":[{"taxonomy":"product_brand","embeddable":true,"href":"https:\/\/abinox-chr-clim.com\/index.php\/wp-json\/wp\/v2\/product_brand?post=70435"},{"taxonomy":"product_cat","embeddable":true,"href":"https:\/\/abinox-chr-clim.com\/index.php\/wp-json\/wp\/v2\/product_cat?post=70435"},{"taxonomy":"product_tag","embeddable":true,"href":"https:\/\/abinox-chr-clim.com\/index.php\/wp-json\/wp\/v2\/product_tag?post=70435"}],"curies":[{"name":"wp","href":"https:\/\/api.w.org\/{rel}","templated":true}]}}