{"id":70433,"date":"2024-03-22T19:27:13","date_gmt":"2024-03-22T18:27:13","guid":{"rendered":"https:\/\/abinox-chr-clim.com\/index.php\/product\/chaises-de-banquet-en-aluminium-dossier-arrondi-bolero-rouges-lot-de-4\/"},"modified":"2026-04-11T09:08:59","modified_gmt":"2026-04-11T07:08:59","slug":"chaises-de-banquet-en-aluminium-dossier-arrondi-bolero-rouges-lot-de-4","status":"publish","type":"product","link":"https:\/\/abinox-chr-clim.com\/index.php\/product\/chaises-de-banquet-en-aluminium-dossier-arrondi-bolero-rouges-lot-de-4\/","title":{"rendered":"Chaises de banquet en aluminium dossier arrondi Bolero rouges  (Lot de 4)"},"content":{"rendered":"<p>Chaise \u00e9l\u00e9gante et confortable pour les banquets, les conf\u00e9rences ou tout usage normal dans les restaurants. Poign\u00e9e pratique sur le dossier pour faciliter le positionnement et la manipulation, barres lat\u00e9rales pour une plus grande solidit\u00e9.<br \/>Empilables jusqu&rsquo;\u00e0 12 en hauteur. Poign\u00e9e situ\u00e9e sur le dossier de la chaise pour faciliter sa manipulation. Patins anti rayures. R\u00e9f\u00e9rence soumise \u00e0 une Eco-participation mobilier de 0.83\u20ac par unit\u00e9 vendue. Hauteur de l&rsquo;assise 460mm.Indice de s\u00e9curit\u00e9: EN 15373: TL3. Indice de r\u00e9sistance au feu: BS 7176. Structure des pieds 25mm x 1,8mm (\u00e9paisseur). Housses de chaise en jersey disponibles sur demande DP923 (noire) et DP924 (blanche). Utilisation uniquement en int\u00e9rieur. R\u00e9f\u00e9rence soumise \u00e0 une Eco-participation mobilier de 2,86\u20ac par unit\u00e9 vendue. Empilables jusqu&rsquo;\u00e0 12 en hauteur.<\/p>\n<p>Caract\u00e9ristiques :<br \/>Lot : 4.<br \/> Dimensions : 940(h) x 440(l) x 470(p)mm.<br \/> Mati\u00e8re : Ch\u00e2ssis en acier tr\u00e8s solide, si\u00e8ge et dossier en tissu.<br \/> Couleur : Rouge mouchet\u00e9.<\/p>\n","protected":false},"excerpt":{"rendered":"<p>Chaises de banquet en aluminium dossier arrondi Bolero rouges  (Lot de 4)<\/p>\n","protected":false},"featured_media":98559,"comment_status":"closed","ping_status":"closed","template":"","meta":[],"product_brand":[],"product_cat":[1209,1208,1201,1296],"product_tag":[],"class_list":{"0":"post-70433","1":"product","2":"type-product","3":"status-publish","4":"has-post-thumbnail","6":"product_cat-chaises-interieur","7":"product_cat-interieur","8":"product_cat-mobilier","9":"product_cat-palettisable","11":"first","12":"instock","13":"featured","14":"taxable","15":"shipping-taxable","16":"purchasable","17":"product-type-simple"},"_links":{"self":[{"href":"https:\/\/abinox-chr-clim.com\/index.php\/wp-json\/wp\/v2\/product\/70433","targetHints":{"allow":["GET"]}}],"collection":[{"href":"https:\/\/abinox-chr-clim.com\/index.php\/wp-json\/wp\/v2\/product"}],"about":[{"href":"https:\/\/abinox-chr-clim.com\/index.php\/wp-json\/wp\/v2\/types\/product"}],"replies":[{"embeddable":true,"href":"https:\/\/abinox-chr-clim.com\/index.php\/wp-json\/wp\/v2\/comments?post=70433"}],"wp:featuredmedia":[{"embeddable":true,"href":"https:\/\/abinox-chr-clim.com\/index.php\/wp-json\/wp\/v2\/media\/98559"}],"wp:attachment":[{"href":"https:\/\/abinox-chr-clim.com\/index.php\/wp-json\/wp\/v2\/media?parent=70433"}],"wp:term":[{"taxonomy":"product_brand","embeddable":true,"href":"https:\/\/abinox-chr-clim.com\/index.php\/wp-json\/wp\/v2\/product_brand?post=70433"},{"taxonomy":"product_cat","embeddable":true,"href":"https:\/\/abinox-chr-clim.com\/index.php\/wp-json\/wp\/v2\/product_cat?post=70433"},{"taxonomy":"product_tag","embeddable":true,"href":"https:\/\/abinox-chr-clim.com\/index.php\/wp-json\/wp\/v2\/product_tag?post=70433"}],"curies":[{"name":"wp","href":"https:\/\/api.w.org\/{rel}","templated":true}]}}