{"id":70431,"date":"2024-03-22T19:27:12","date_gmt":"2024-03-22T18:27:12","guid":{"rendered":"https:\/\/abinox-chr-clim.com\/index.php\/product\/chaise-dossier-haut-en-simili-cuir-bolero-marron-patine-x2\/"},"modified":"2025-06-17T10:30:03","modified_gmt":"2025-06-17T08:30:03","slug":"chaise-dossier-haut-en-simili-cuir-bolero-marron-patine-x2","status":"publish","type":"product","link":"https:\/\/abinox-chr-clim.com\/index.php\/product\/chaise-dossier-haut-en-simili-cuir-bolero-marron-patine-x2\/","title":{"rendered":"Chaise dossier haut en simili cuir Bolero marron patin\u00e9 x2"},"content":{"rendered":"<p>Chaises classiques en simili cuir avec dossier haut, id\u00e9ales pour cr\u00e9er une ambiance vintage dans les h\u00f4tels et restaurants.<br \/>Cr\u00e9ez un style vintage avec ce garnissage antique. Structure en bois de bouleau. Utilisation int\u00e9rieure uniquement. R\u00e9f\u00e9rence soumise \u00e0 une Eco-participation mobilier de 2.03\u20ac par unit\u00e9 vendue. Hauteur d&rsquo;assise 510mm. Conforme \u00e0 la norme ignifuge BS7176 Crib 5. Garnies de tissu enduit PU style vintage.Livr\u00e9es mont\u00e9es. Cr\u00e9ez un style vintage avec ce garnissage antique.<\/p>\n<p>Caract\u00e9ristiques :<br \/>Lot : 2.<br \/> Dimensions : 940(H) x 405(L) x 500(P) mm.<br \/> Mati\u00e8re : Bouleau &#038; polyur\u00e9thane.<br \/> Couleur : Bronze antique.<\/p>\n","protected":false},"excerpt":{"rendered":"<p>Chaise dossier haut en simili cuir Bolero marron patin\u00e9 x2<\/p>\n","protected":false},"featured_media":103698,"comment_status":"closed","ping_status":"closed","template":"","meta":[],"product_brand":[],"product_cat":[1209,1208,1201,1296],"product_tag":[],"class_list":{"0":"post-70431","1":"product","2":"type-product","3":"status-publish","4":"has-post-thumbnail","6":"product_cat-chaises-interieur","7":"product_cat-interieur","8":"product_cat-mobilier","9":"product_cat-palettisable","11":"first","12":"outofstock","13":"featured","14":"taxable","15":"shipping-taxable","16":"purchasable","17":"product-type-simple"},"_links":{"self":[{"href":"https:\/\/abinox-chr-clim.com\/index.php\/wp-json\/wp\/v2\/product\/70431","targetHints":{"allow":["GET"]}}],"collection":[{"href":"https:\/\/abinox-chr-clim.com\/index.php\/wp-json\/wp\/v2\/product"}],"about":[{"href":"https:\/\/abinox-chr-clim.com\/index.php\/wp-json\/wp\/v2\/types\/product"}],"replies":[{"embeddable":true,"href":"https:\/\/abinox-chr-clim.com\/index.php\/wp-json\/wp\/v2\/comments?post=70431"}],"wp:featuredmedia":[{"embeddable":true,"href":"https:\/\/abinox-chr-clim.com\/index.php\/wp-json\/wp\/v2\/media\/103698"}],"wp:attachment":[{"href":"https:\/\/abinox-chr-clim.com\/index.php\/wp-json\/wp\/v2\/media?parent=70431"}],"wp:term":[{"taxonomy":"product_brand","embeddable":true,"href":"https:\/\/abinox-chr-clim.com\/index.php\/wp-json\/wp\/v2\/product_brand?post=70431"},{"taxonomy":"product_cat","embeddable":true,"href":"https:\/\/abinox-chr-clim.com\/index.php\/wp-json\/wp\/v2\/product_cat?post=70431"},{"taxonomy":"product_tag","embeddable":true,"href":"https:\/\/abinox-chr-clim.com\/index.php\/wp-json\/wp\/v2\/product_tag?post=70431"}],"curies":[{"name":"wp","href":"https:\/\/api.w.org\/{rel}","templated":true}]}}