{"id":70430,"date":"2024-03-22T19:27:12","date_gmt":"2024-03-22T18:27:12","guid":{"rendered":"https:\/\/abinox-chr-clim.com\/index.php\/product\/chaise-contemporaine-bolero-en-toile-de-jute-ecrue-lot-de-2\/"},"modified":"2026-04-11T09:33:13","modified_gmt":"2026-04-11T07:33:13","slug":"chaise-contemporaine-bolero-en-toile-de-jute-ecrue-lot-de-2","status":"publish","type":"product","link":"https:\/\/abinox-chr-clim.com\/index.php\/product\/chaise-contemporaine-bolero-en-toile-de-jute-ecrue-lot-de-2\/","title":{"rendered":"Chaise contemporaine Bolero en toile de jute \u00e9crue lot de 2"},"content":{"rendered":"<p>Chaises classiques en simili cuir avec dossier haut, id\u00e9ales pour cr\u00e9er une ambiance vintage dans les h\u00f4tels et restaurants.<br \/>Structure en bouleau. Utilisation int\u00e9rieure uniquement. Livr\u00e9es mont\u00e9es. R\u00e9f\u00e9rence soumise \u00e0 une Eco-participation mobilier de 2.21\u20ac par unit\u00e9 vendue. Conforme \u00e0 la norme ignifuge BS7176 Crib 5. Rembourrage polyur\u00e9thane.Hauteur d&rsquo;assise 510mm. Structure en bouleau.<\/p>\n<p>Caract\u00e9ristiques :<br \/>Lot : 2.<br \/> Dimensions : 860(H) x 460(L) x 575(P) mm.<br \/> Mati\u00e8re : Bouleau &#038; polyur\u00e9thane.<br \/> Couleur : Beige.<\/p>\n","protected":false},"excerpt":{"rendered":"<p>Chaise contemporaine Bolero en toile de jute \u00e9crue lot de 2<\/p>\n","protected":false},"featured_media":103697,"comment_status":"closed","ping_status":"closed","template":"","meta":[],"product_brand":[],"product_cat":[1209,1208,1201,1296],"product_tag":[],"class_list":{"0":"post-70430","1":"product","2":"type-product","3":"status-publish","4":"has-post-thumbnail","6":"product_cat-chaises-interieur","7":"product_cat-interieur","8":"product_cat-mobilier","9":"product_cat-palettisable","11":"first","12":"instock","13":"featured","14":"taxable","15":"shipping-taxable","16":"purchasable","17":"product-type-simple"},"_links":{"self":[{"href":"https:\/\/abinox-chr-clim.com\/index.php\/wp-json\/wp\/v2\/product\/70430","targetHints":{"allow":["GET"]}}],"collection":[{"href":"https:\/\/abinox-chr-clim.com\/index.php\/wp-json\/wp\/v2\/product"}],"about":[{"href":"https:\/\/abinox-chr-clim.com\/index.php\/wp-json\/wp\/v2\/types\/product"}],"replies":[{"embeddable":true,"href":"https:\/\/abinox-chr-clim.com\/index.php\/wp-json\/wp\/v2\/comments?post=70430"}],"wp:featuredmedia":[{"embeddable":true,"href":"https:\/\/abinox-chr-clim.com\/index.php\/wp-json\/wp\/v2\/media\/103697"}],"wp:attachment":[{"href":"https:\/\/abinox-chr-clim.com\/index.php\/wp-json\/wp\/v2\/media?parent=70430"}],"wp:term":[{"taxonomy":"product_brand","embeddable":true,"href":"https:\/\/abinox-chr-clim.com\/index.php\/wp-json\/wp\/v2\/product_brand?post=70430"},{"taxonomy":"product_cat","embeddable":true,"href":"https:\/\/abinox-chr-clim.com\/index.php\/wp-json\/wp\/v2\/product_cat?post=70430"},{"taxonomy":"product_tag","embeddable":true,"href":"https:\/\/abinox-chr-clim.com\/index.php\/wp-json\/wp\/v2\/product_tag?post=70430"}],"curies":[{"name":"wp","href":"https:\/\/api.w.org\/{rel}","templated":true}]}}