{"id":70428,"date":"2024-03-22T19:27:11","date_gmt":"2024-03-22T18:27:11","guid":{"rendered":"https:\/\/abinox-chr-clim.com\/index.php\/product\/chaise-dossier-carre-noire-bolero-lot-de-4\/"},"modified":"2026-04-11T09:33:12","modified_gmt":"2026-04-11T07:33:12","slug":"chaise-dossier-carre-noire-bolero-lot-de-4","status":"publish","type":"product","link":"https:\/\/abinox-chr-clim.com\/index.php\/product\/chaise-dossier-carre-noire-bolero-lot-de-4\/","title":{"rendered":"Chaise dossier carr\u00e9 noire Bolero lot de 4"},"content":{"rendered":"<p>Chaises ergonomiques, avec assise et dossier placage h\u00eatre de diff\u00e9rentes couleurs, s&rsquo;adaptant \u00e0 tous types de d\u00e9cors int\u00e9rieurs. Parfaites pour les caf\u00e9s, restaurants et bistros.<br \/>Utilisation int\u00e9rieure uniquement. Epaisseur d&rsquo;assise : 12mm. Epaisseur des pieds :19 x 1.8mm. R\u00e9f\u00e9rence soumise \u00e0 une Eco-participation mobilier de 3.3\u20ac par unit\u00e9 vendue. Empilables jusqu&rsquo;\u00e0 5 maxi. Hauteur d&rsquo;assise 460mm. Assise et dossier placage h\u00eatre. Conforme \u00e0 la norme BS EN 16139: 2013 TL1.Pieds en acier chrom\u00e9. Utilisation int\u00e9rieure uniquement.<\/p>\n<p>Caract\u00e9ristiques :<br \/>Lot : 4.<br \/> Dimensions : 855(H) x 505(L) x 520(P) mm.<br \/> Mati\u00e8re : Placage h\u00eatre et acier chrom\u00e9.<br \/> Couleur : Noir.<\/p>\n","protected":false},"excerpt":{"rendered":"<p>Chaise dossier carr\u00e9 noire Bolero lot de 4<\/p>\n","protected":false},"featured_media":103693,"comment_status":"closed","ping_status":"closed","template":"","meta":[],"product_brand":[],"product_cat":[1209,1208,1201,1296],"product_tag":[],"class_list":{"0":"post-70428","1":"product","2":"type-product","3":"status-publish","4":"has-post-thumbnail","6":"product_cat-chaises-interieur","7":"product_cat-interieur","8":"product_cat-mobilier","9":"product_cat-palettisable","11":"first","12":"instock","13":"featured","14":"taxable","15":"shipping-taxable","16":"purchasable","17":"product-type-simple"},"_links":{"self":[{"href":"https:\/\/abinox-chr-clim.com\/index.php\/wp-json\/wp\/v2\/product\/70428","targetHints":{"allow":["GET"]}}],"collection":[{"href":"https:\/\/abinox-chr-clim.com\/index.php\/wp-json\/wp\/v2\/product"}],"about":[{"href":"https:\/\/abinox-chr-clim.com\/index.php\/wp-json\/wp\/v2\/types\/product"}],"replies":[{"embeddable":true,"href":"https:\/\/abinox-chr-clim.com\/index.php\/wp-json\/wp\/v2\/comments?post=70428"}],"wp:featuredmedia":[{"embeddable":true,"href":"https:\/\/abinox-chr-clim.com\/index.php\/wp-json\/wp\/v2\/media\/103693"}],"wp:attachment":[{"href":"https:\/\/abinox-chr-clim.com\/index.php\/wp-json\/wp\/v2\/media?parent=70428"}],"wp:term":[{"taxonomy":"product_brand","embeddable":true,"href":"https:\/\/abinox-chr-clim.com\/index.php\/wp-json\/wp\/v2\/product_brand?post=70428"},{"taxonomy":"product_cat","embeddable":true,"href":"https:\/\/abinox-chr-clim.com\/index.php\/wp-json\/wp\/v2\/product_cat?post=70428"},{"taxonomy":"product_tag","embeddable":true,"href":"https:\/\/abinox-chr-clim.com\/index.php\/wp-json\/wp\/v2\/product_tag?post=70428"}],"curies":[{"name":"wp","href":"https:\/\/api.w.org\/{rel}","templated":true}]}}