{"id":70426,"date":"2024-03-22T19:27:11","date_gmt":"2024-03-22T18:27:11","guid":{"rendered":"https:\/\/abinox-chr-clim.com\/index.php\/product\/chaises-dossier-carre-marron-fonce-bolero-lot-de-4\/"},"modified":"2026-04-11T09:33:10","modified_gmt":"2026-04-11T07:33:10","slug":"chaises-dossier-carre-marron-fonce-bolero-lot-de-4","status":"publish","type":"product","link":"https:\/\/abinox-chr-clim.com\/index.php\/product\/chaises-dossier-carre-marron-fonce-bolero-lot-de-4\/","title":{"rendered":"Chaises dossier carr\u00e9 marron fonc\u00e9 Bolero (lot de 4)"},"content":{"rendered":"<p>Chaises ergonomiques, avec assise et dossier placage h\u00eatre de diff\u00e9rentes couleurs, s&rsquo;adaptant \u00e0 tous types de d\u00e9cors int\u00e9rieurs. Parfaites pour les caf\u00e9s, restaurants et bistros.<br \/>Utilisation int\u00e9rieure uniquement. Epaisseur d&rsquo;assise : 12mm. Epaisseur des pieds :19 x 1,8mm. R\u00e9f\u00e9rence soumise \u00e0 une Eco-participation mobilier de 3.3\u20ac par unit\u00e9 vendue. Empilables jusqu&rsquo;\u00e0 6 maxi. Hauteur d&rsquo;assise 460mm. Assise et dossier placage h\u00eatre. Conforme \u00e0 la norme BS EN 16139: 2013 TL1.Pieds en acier chrom\u00e9. Utilisation int\u00e9rieure uniquement.<\/p>\n<p>Caract\u00e9ristiques :<br \/>Lot : 4.<br \/> Dimensions : 855(H) x 505(L) x 520(P) mm.<br \/> Mati\u00e8re : Placage h\u00eatre et acier chrom\u00e9.<br \/> Couleur : Marron fonc\u00e9.<\/p>\n","protected":false},"excerpt":{"rendered":"<p>Chaises dossier carr\u00e9 marron fonc\u00e9 Bolero (lot de 4)<\/p>\n","protected":false},"featured_media":103691,"comment_status":"closed","ping_status":"closed","template":"","meta":[],"product_brand":[],"product_cat":[1209,1208,1201,1297],"product_tag":[],"class_list":{"0":"post-70426","1":"product","2":"type-product","3":"status-publish","4":"has-post-thumbnail","6":"product_cat-chaises-interieur","7":"product_cat-interieur","8":"product_cat-mobilier","9":"product_cat-non-palettisable","10":"product_shipping_class-free-shipping","12":"first","13":"outofstock","14":"featured","15":"taxable","16":"shipping-taxable","17":"purchasable","18":"product-type-simple"},"_links":{"self":[{"href":"https:\/\/abinox-chr-clim.com\/index.php\/wp-json\/wp\/v2\/product\/70426","targetHints":{"allow":["GET"]}}],"collection":[{"href":"https:\/\/abinox-chr-clim.com\/index.php\/wp-json\/wp\/v2\/product"}],"about":[{"href":"https:\/\/abinox-chr-clim.com\/index.php\/wp-json\/wp\/v2\/types\/product"}],"replies":[{"embeddable":true,"href":"https:\/\/abinox-chr-clim.com\/index.php\/wp-json\/wp\/v2\/comments?post=70426"}],"wp:featuredmedia":[{"embeddable":true,"href":"https:\/\/abinox-chr-clim.com\/index.php\/wp-json\/wp\/v2\/media\/103691"}],"wp:attachment":[{"href":"https:\/\/abinox-chr-clim.com\/index.php\/wp-json\/wp\/v2\/media?parent=70426"}],"wp:term":[{"taxonomy":"product_brand","embeddable":true,"href":"https:\/\/abinox-chr-clim.com\/index.php\/wp-json\/wp\/v2\/product_brand?post=70426"},{"taxonomy":"product_cat","embeddable":true,"href":"https:\/\/abinox-chr-clim.com\/index.php\/wp-json\/wp\/v2\/product_cat?post=70426"},{"taxonomy":"product_tag","embeddable":true,"href":"https:\/\/abinox-chr-clim.com\/index.php\/wp-json\/wp\/v2\/product_tag?post=70426"}],"curies":[{"name":"wp","href":"https:\/\/api.w.org\/{rel}","templated":true}]}}