{"id":70424,"date":"2024-03-22T19:27:10","date_gmt":"2024-03-22T18:27:10","guid":{"rendered":"https:\/\/abinox-chr-clim.com\/index.php\/product\/tabourets-hauts-pliants-bolero-lot-de-2\/"},"modified":"2026-04-11T09:59:08","modified_gmt":"2026-04-11T07:59:08","slug":"tabourets-hauts-pliants-bolero-lot-de-2","status":"publish","type":"product","link":"https:\/\/abinox-chr-clim.com\/index.php\/product\/tabourets-hauts-pliants-bolero-lot-de-2\/","title":{"rendered":"Tabourets hauts pliants Bolero (lot de 2)"},"content":{"rendered":"<p>Ce tabouret haut portable est con\u00e7u pour \u00eatre utilis\u00e9 avec la table haute pliante (DL046). Id\u00e9al pour les \u00e9v\u00e9nements de restauration, il se plie parfaitement en un instant et n\u00e9cessitant un espace de stockage minimum.<br \/>Structure en acier. Convient pour une utilisation int\u00e9rieure et ext\u00e9rieure. Livr\u00e9s enti\u00e8rement assembl\u00e9s. R\u00e9f\u00e9rence soumise \u00e0 une Eco-participation mobilier de 1.73\u20ac par unit\u00e9 vendue. Se replie pour un rangement facile. Tube 22 x 1,2mm. Dimensions pli\u00e9 : 520(H) x 150(l) x 1120(L)mm. Assorti \u00e0 la table pliante DL046. Si\u00e8ge haute densit\u00e9 avec cadre en acier poudr\u00e9. Hauteur d&rsquo;assise : 720 mm. Charge maximale : 160 kg. Structure en acier.<\/p>\n<p>Caract\u00e9ristiques :<br \/>Lot : 2.<br \/> Dimensions : 1032(H) x 505(L) x 445(P)mm.<br \/> Mati\u00e8re : Acier.<br \/> Couleur : Blanc.<\/p>\n","protected":false},"excerpt":{"rendered":"<p>Tabourets hauts pliants Bolero (lot de 2)<\/p>\n","protected":false},"featured_media":0,"comment_status":"closed","ping_status":"closed","template":"","meta":[],"product_brand":[],"product_cat":[1209,1208,1201,1297],"product_tag":[],"class_list":{"0":"post-70424","1":"product","2":"type-product","3":"status-publish","5":"product_cat-chaises-interieur","6":"product_cat-interieur","7":"product_cat-mobilier","8":"product_cat-non-palettisable","9":"product_shipping_class-free-shipping","11":"first","12":"instock","13":"featured","14":"taxable","15":"shipping-taxable","16":"purchasable","17":"product-type-simple"},"_links":{"self":[{"href":"https:\/\/abinox-chr-clim.com\/index.php\/wp-json\/wp\/v2\/product\/70424","targetHints":{"allow":["GET"]}}],"collection":[{"href":"https:\/\/abinox-chr-clim.com\/index.php\/wp-json\/wp\/v2\/product"}],"about":[{"href":"https:\/\/abinox-chr-clim.com\/index.php\/wp-json\/wp\/v2\/types\/product"}],"replies":[{"embeddable":true,"href":"https:\/\/abinox-chr-clim.com\/index.php\/wp-json\/wp\/v2\/comments?post=70424"}],"wp:attachment":[{"href":"https:\/\/abinox-chr-clim.com\/index.php\/wp-json\/wp\/v2\/media?parent=70424"}],"wp:term":[{"taxonomy":"product_brand","embeddable":true,"href":"https:\/\/abinox-chr-clim.com\/index.php\/wp-json\/wp\/v2\/product_brand?post=70424"},{"taxonomy":"product_cat","embeddable":true,"href":"https:\/\/abinox-chr-clim.com\/index.php\/wp-json\/wp\/v2\/product_cat?post=70424"},{"taxonomy":"product_tag","embeddable":true,"href":"https:\/\/abinox-chr-clim.com\/index.php\/wp-json\/wp\/v2\/product_tag?post=70424"}],"curies":[{"name":"wp","href":"https:\/\/api.w.org\/{rel}","templated":true}]}}