{"id":70420,"date":"2024-03-22T19:27:07","date_gmt":"2024-03-22T18:27:07","guid":{"rendered":"https:\/\/abinox-chr-clim.com\/index.php\/product\/tabourets-bistro-bas-en-acier-gris-metal-avec-assise-en-bois-bolero-lot-de-4\/"},"modified":"2026-04-11T10:03:36","modified_gmt":"2026-04-11T08:03:36","slug":"tabourets-bistro-bas-en-acier-gris-metal-avec-assise-en-bois-bolero-lot-de-4","status":"publish","type":"product","link":"https:\/\/abinox-chr-clim.com\/index.php\/product\/tabourets-bistro-bas-en-acier-gris-metal-avec-assise-en-bois-bolero-lot-de-4\/","title":{"rendered":"Tabourets bistro bas en acier gris m\u00e9tal avec assise en bois Bolero (lot de 4)"},"content":{"rendered":"<p>Fabriqu\u00e9 en acier thermolaqu\u00e9, r\u00e9sistant aux intemp\u00e9ries, facile \u00e0 nettoyer et remarquablement l\u00e9ger. La poign\u00e9e de transport ajoute une touche suppl\u00e9mentaire de praticit\u00e9, rendant le tabouret facile \u00e0 d\u00e9placer pour un rangement simple, tandis que les pieds en caoutchouc garantissent s\u00e9curit\u00e9 et robustesse.<br \/>Hauteur d&rsquo;assise 450mm. Facile \u00e0 nettoyer. Livr\u00e9 mont\u00e9. R\u00e9f\u00e9rence soumise \u00e0 une Eco-participation mobilier de 2.59\u20ac par unit\u00e9 vendue. Assise en fr\u00eane 25mm. Empilables jusqu&rsquo;\u00e0 5 maxi. Pieds en caoutchouc. Dimensions assise : 305(L) x 305(P)mm. Un entretien du bois est n\u00e9cessaire en cas d&rsquo;utilisation ext\u00e9rieure. Utilisation int\u00e9rieure et ext\u00e9rieure. Hauteur d&rsquo;assise 450mm.<\/p>\n<p>Caract\u00e9ristiques :<br \/>Lot : 4.<br \/> Dimensions : 455(H) x 405(L) x 405(P)mm.<br \/> Mati\u00e8re : Acier galvanis\u00e9 et fr\u00eane.<br \/> Couleur : Gris m\u00e9tallis\u00e9.<\/p>\n","protected":false},"excerpt":{"rendered":"<p>Tabourets bistro bas en acier gris m\u00e9tal avec assise en bois Bolero (lot de 4)<\/p>\n","protected":false},"featured_media":102291,"comment_status":"closed","ping_status":"closed","template":"","meta":[],"product_brand":[],"product_cat":[1209,1208,1201,1296],"product_tag":[],"class_list":{"0":"post-70420","1":"product","2":"type-product","3":"status-publish","4":"has-post-thumbnail","6":"product_cat-chaises-interieur","7":"product_cat-interieur","8":"product_cat-mobilier","9":"product_cat-palettisable","11":"first","12":"instock","13":"featured","14":"taxable","15":"shipping-taxable","16":"purchasable","17":"product-type-simple"},"_links":{"self":[{"href":"https:\/\/abinox-chr-clim.com\/index.php\/wp-json\/wp\/v2\/product\/70420","targetHints":{"allow":["GET"]}}],"collection":[{"href":"https:\/\/abinox-chr-clim.com\/index.php\/wp-json\/wp\/v2\/product"}],"about":[{"href":"https:\/\/abinox-chr-clim.com\/index.php\/wp-json\/wp\/v2\/types\/product"}],"replies":[{"embeddable":true,"href":"https:\/\/abinox-chr-clim.com\/index.php\/wp-json\/wp\/v2\/comments?post=70420"}],"wp:featuredmedia":[{"embeddable":true,"href":"https:\/\/abinox-chr-clim.com\/index.php\/wp-json\/wp\/v2\/media\/102291"}],"wp:attachment":[{"href":"https:\/\/abinox-chr-clim.com\/index.php\/wp-json\/wp\/v2\/media?parent=70420"}],"wp:term":[{"taxonomy":"product_brand","embeddable":true,"href":"https:\/\/abinox-chr-clim.com\/index.php\/wp-json\/wp\/v2\/product_brand?post=70420"},{"taxonomy":"product_cat","embeddable":true,"href":"https:\/\/abinox-chr-clim.com\/index.php\/wp-json\/wp\/v2\/product_cat?post=70420"},{"taxonomy":"product_tag","embeddable":true,"href":"https:\/\/abinox-chr-clim.com\/index.php\/wp-json\/wp\/v2\/product_tag?post=70420"}],"curies":[{"name":"wp","href":"https:\/\/api.w.org\/{rel}","templated":true}]}}