{"id":70418,"date":"2024-03-22T19:27:06","date_gmt":"2024-03-22T18:27:06","guid":{"rendered":"https:\/\/abinox-chr-clim.com\/index.php\/product\/tabourets-bistro-bas-en-acier-avec-assise-en-bois-bolero-lot-de-4\/"},"modified":"2026-04-11T10:03:34","modified_gmt":"2026-04-11T08:03:34","slug":"tabourets-bistro-bas-en-acier-avec-assise-en-bois-bolero-lot-de-4","status":"publish","type":"product","link":"https:\/\/abinox-chr-clim.com\/index.php\/product\/tabourets-bistro-bas-en-acier-avec-assise-en-bois-bolero-lot-de-4\/","title":{"rendered":"Tabourets bistro bas en acier avec assise en bois Bolero (lot de 4)"},"content":{"rendered":"<p>Fabriqu\u00e9 en acier thermolaqu\u00e9, r\u00e9sistant aux intemp\u00e9ries, facile \u00e0 nettoyer et remarquablement l\u00e9ger. La poign\u00e9e de transport ajoute une touche suppl\u00e9mentaire de praticit\u00e9, rendant le tabouret facile \u00e0 d\u00e9placer pour un rangement simple, tandis que les pieds en caoutchouc garantissent s\u00e9curit\u00e9 et robustesse.<br \/>Assise en bois de fr\u00eane pour plus de style, de confort et de durabilit\u00e9. Inspir\u00e9 de la tendance industrielle. Structure en acier galvanis\u00e9 tr\u00e8s r\u00e9sistant. R\u00e9f\u00e9rence soumise \u00e0 une Eco-participation mobilier de 2.59\u20ac par unit\u00e9 vendue. Empilable. Con\u00e7u pour une utilisation en int\u00e9rieur.Patins anti traces et antid\u00e9rapants. Assise en bois de fr\u00eane pour plus de style, de confort et de durabilit\u00e9.<\/p>\n<p>Caract\u00e9ristiques :<br \/>Lot : 4.<br \/> Dimensions : 450(H) x 408(L) x 400(P) mm.<br \/> Mati\u00e8re : Bois d&rsquo;acier et fr\u00eane.<br \/> Couleur : Acier.<\/p>\n","protected":false},"excerpt":{"rendered":"<p>Tabourets bistro bas en acier avec assise en bois Bolero (lot de 4)<\/p>\n","protected":false},"featured_media":102289,"comment_status":"closed","ping_status":"closed","template":"","meta":[],"product_brand":[],"product_cat":[1209,1208,1201,1296],"product_tag":[],"class_list":{"0":"post-70418","1":"product","2":"type-product","3":"status-publish","4":"has-post-thumbnail","6":"product_cat-chaises-interieur","7":"product_cat-interieur","8":"product_cat-mobilier","9":"product_cat-palettisable","11":"first","12":"instock","13":"featured","14":"taxable","15":"shipping-taxable","16":"purchasable","17":"product-type-simple"},"_links":{"self":[{"href":"https:\/\/abinox-chr-clim.com\/index.php\/wp-json\/wp\/v2\/product\/70418","targetHints":{"allow":["GET"]}}],"collection":[{"href":"https:\/\/abinox-chr-clim.com\/index.php\/wp-json\/wp\/v2\/product"}],"about":[{"href":"https:\/\/abinox-chr-clim.com\/index.php\/wp-json\/wp\/v2\/types\/product"}],"replies":[{"embeddable":true,"href":"https:\/\/abinox-chr-clim.com\/index.php\/wp-json\/wp\/v2\/comments?post=70418"}],"wp:featuredmedia":[{"embeddable":true,"href":"https:\/\/abinox-chr-clim.com\/index.php\/wp-json\/wp\/v2\/media\/102289"}],"wp:attachment":[{"href":"https:\/\/abinox-chr-clim.com\/index.php\/wp-json\/wp\/v2\/media?parent=70418"}],"wp:term":[{"taxonomy":"product_brand","embeddable":true,"href":"https:\/\/abinox-chr-clim.com\/index.php\/wp-json\/wp\/v2\/product_brand?post=70418"},{"taxonomy":"product_cat","embeddable":true,"href":"https:\/\/abinox-chr-clim.com\/index.php\/wp-json\/wp\/v2\/product_cat?post=70418"},{"taxonomy":"product_tag","embeddable":true,"href":"https:\/\/abinox-chr-clim.com\/index.php\/wp-json\/wp\/v2\/product_tag?post=70418"}],"curies":[{"name":"wp","href":"https:\/\/api.w.org\/{rel}","templated":true}]}}