{"id":70417,"date":"2024-03-22T19:27:06","date_gmt":"2024-03-22T18:27:06","guid":{"rendered":"https:\/\/abinox-chr-clim.com\/index.php\/product\/chaises-bistro-en-acier-bolero-lot-de-4\/"},"modified":"2026-04-02T09:58:30","modified_gmt":"2026-04-02T07:58:30","slug":"chaises-bistro-en-acier-bolero-lot-de-4","status":"publish","type":"product","link":"https:\/\/abinox-chr-clim.com\/index.php\/product\/chaises-bistro-en-acier-bolero-lot-de-4\/","title":{"rendered":"Chaises bistro en acier Bolero (lot de 4)"},"content":{"rendered":"<p>Acier galvanis\u00e9 facile \u00e0 nettoyer pour une utilisation \u00e0 l&rsquo;int\u00e9rieur ou \u00e0 l&rsquo;ext\u00e9rieur. Conception empilable pour le rangement et le stockage.<br \/>Le design industriel donnera un nouveau style \u00e0 vos espaces. Le cadre en acier galvanis\u00e9 extra-durable offre une r\u00e9sistance contre la plupart des dommages caus\u00e9s par les chocs, la rouille ou la corrosion. La poign\u00e9e de transport permet une saisie facile pendant le nettoyage ou le rangement. R\u00e9f\u00e9rence soumise \u00e0 une Eco-participation mobilier de 1.18\u20ac par unit\u00e9 vendue. Con\u00e7u pour s&rsquo;adapter aux articles de mobilier de la gamme Bistro, vous permettant de contr\u00f4ler facilement un style unique. La construction empilable vous aide \u00e0 \u00e9conomiser de l&rsquo;espace de stockage. Le design contemporain est parfait pour les caf\u00e9s, les bistros ou les caf\u00e9s en plein air.Fourni avec des patins en caoutchouc antid\u00e9rapants pour r\u00e9duire les marques au sol et ajouter de la stabilit\u00e9 lors de l&rsquo;utilisation. Charge maximum : 160kg. Le design industriel donnera un nouveau style \u00e0 vos espaces.<\/p>\n<p>Caract\u00e9ristiques :<br \/>Lot : 4.<br \/> Dimensions : 850(H) x 425(L) x 510(P) mm.<br \/> Mati\u00e8re : Acier galvanis\u00e9.<br \/> Couleur : Acier.<\/p>\n","protected":false},"excerpt":{"rendered":"<p>Chaises bistro en acier Bolero (lot de 4)<\/p>\n","protected":false},"featured_media":102095,"comment_status":"closed","ping_status":"closed","template":"","meta":[],"product_brand":[],"product_cat":[1209,1208,1201,1296],"product_tag":[],"class_list":{"0":"post-70417","1":"product","2":"type-product","3":"status-publish","4":"has-post-thumbnail","6":"product_cat-chaises-interieur","7":"product_cat-interieur","8":"product_cat-mobilier","9":"product_cat-palettisable","11":"first","12":"instock","13":"featured","14":"taxable","15":"shipping-taxable","16":"purchasable","17":"product-type-simple"},"_links":{"self":[{"href":"https:\/\/abinox-chr-clim.com\/index.php\/wp-json\/wp\/v2\/product\/70417","targetHints":{"allow":["GET"]}}],"collection":[{"href":"https:\/\/abinox-chr-clim.com\/index.php\/wp-json\/wp\/v2\/product"}],"about":[{"href":"https:\/\/abinox-chr-clim.com\/index.php\/wp-json\/wp\/v2\/types\/product"}],"replies":[{"embeddable":true,"href":"https:\/\/abinox-chr-clim.com\/index.php\/wp-json\/wp\/v2\/comments?post=70417"}],"wp:featuredmedia":[{"embeddable":true,"href":"https:\/\/abinox-chr-clim.com\/index.php\/wp-json\/wp\/v2\/media\/102095"}],"wp:attachment":[{"href":"https:\/\/abinox-chr-clim.com\/index.php\/wp-json\/wp\/v2\/media?parent=70417"}],"wp:term":[{"taxonomy":"product_brand","embeddable":true,"href":"https:\/\/abinox-chr-clim.com\/index.php\/wp-json\/wp\/v2\/product_brand?post=70417"},{"taxonomy":"product_cat","embeddable":true,"href":"https:\/\/abinox-chr-clim.com\/index.php\/wp-json\/wp\/v2\/product_cat?post=70417"},{"taxonomy":"product_tag","embeddable":true,"href":"https:\/\/abinox-chr-clim.com\/index.php\/wp-json\/wp\/v2\/product_tag?post=70417"}],"curies":[{"name":"wp","href":"https:\/\/api.w.org\/{rel}","templated":true}]}}