{"id":70416,"date":"2024-03-22T19:27:06","date_gmt":"2024-03-22T18:27:06","guid":{"rendered":"https:\/\/abinox-chr-clim.com\/index.php\/product\/chaises-en-acier-noir-bolero-bistro-lot-de-4\/"},"modified":"2026-04-11T09:19:59","modified_gmt":"2026-04-11T07:19:59","slug":"chaises-en-acier-noir-bolero-bistro-lot-de-4","status":"publish","type":"product","link":"https:\/\/abinox-chr-clim.com\/index.php\/product\/chaises-en-acier-noir-bolero-bistro-lot-de-4\/","title":{"rendered":"Chaises en acier noir Bolero Bistro (lot de 4)"},"content":{"rendered":"<p>Chaise \u00e9l\u00e9gante en m\u00e9tal au style industriel. Le rev\u00eatement acier poudr\u00e9 prot\u00e8ge en cas d&rsquo;utilisation intensive quotidienne dans les lieux les plus fr\u00e9quent\u00e9s et permet une utilisation en ext\u00e9rieur. Empilable pour un transport et un stockage faciles, avec des pieds antid\u00e9rapants en caoutchouc pour plus de stabilit\u00e9.<br \/>La construction l\u00e9g\u00e8re rend les chaises faciles \u00e0 transporter. La conception empilable vous aide \u00e0 \u00e9conomiser de l&rsquo;espace de stockage. Con\u00e7ues avec un style industriel, les chaises ajoutent une touche unique \u00e0 vos salles. R\u00e9f\u00e9rence soumise \u00e0 une Eco-participation mobilier de 1.1\u20ac par unit\u00e9 vendue. Les patins de chaise sont antid\u00e9rapants et anti traces. La construction robuste en acier galvanis\u00e9 vous offre du mobilier durable. Utilisation int\u00e9rieure et ext\u00e9rieure &#8211; stocker dans un endroit couvert. Dimensions du si\u00e8ge : 360mm(l) x 355mm(prof). Hauteur d&rsquo;assise : 440mm. Livr\u00e9es enti\u00e8rement assembl\u00e9es pour une utilisation d\u00e8s la sortie de l&#8217;emballage. R\u00e9f\u00e9rence soumise \u00e0 une Eco-participation mobilier de 1,54\u20ac par unit\u00e9 vendue. La construction l\u00e9g\u00e8re rend les chaises faciles \u00e0 transporter.<\/p>\n<p>Caract\u00e9ristiques :<br \/>Lot : 4.<br \/> Dimensions : 850(H) x 425(L) x 510(P) mm.<br \/> Mati\u00e8re : Acier galvanis\u00e9.<br \/> Couleur : Noir.<\/p>\n","protected":false},"excerpt":{"rendered":"<p>Chaises en acier noir Bolero Bistro (lot de 4)<\/p>\n","protected":false},"featured_media":102094,"comment_status":"closed","ping_status":"closed","template":"","meta":[],"product_brand":[],"product_cat":[1209,1208,1201,1296],"product_tag":[],"class_list":{"0":"post-70416","1":"product","2":"type-product","3":"status-publish","4":"has-post-thumbnail","6":"product_cat-chaises-interieur","7":"product_cat-interieur","8":"product_cat-mobilier","9":"product_cat-palettisable","11":"first","12":"instock","13":"featured","14":"taxable","15":"shipping-taxable","16":"purchasable","17":"product-type-simple"},"_links":{"self":[{"href":"https:\/\/abinox-chr-clim.com\/index.php\/wp-json\/wp\/v2\/product\/70416","targetHints":{"allow":["GET"]}}],"collection":[{"href":"https:\/\/abinox-chr-clim.com\/index.php\/wp-json\/wp\/v2\/product"}],"about":[{"href":"https:\/\/abinox-chr-clim.com\/index.php\/wp-json\/wp\/v2\/types\/product"}],"replies":[{"embeddable":true,"href":"https:\/\/abinox-chr-clim.com\/index.php\/wp-json\/wp\/v2\/comments?post=70416"}],"wp:featuredmedia":[{"embeddable":true,"href":"https:\/\/abinox-chr-clim.com\/index.php\/wp-json\/wp\/v2\/media\/102094"}],"wp:attachment":[{"href":"https:\/\/abinox-chr-clim.com\/index.php\/wp-json\/wp\/v2\/media?parent=70416"}],"wp:term":[{"taxonomy":"product_brand","embeddable":true,"href":"https:\/\/abinox-chr-clim.com\/index.php\/wp-json\/wp\/v2\/product_brand?post=70416"},{"taxonomy":"product_cat","embeddable":true,"href":"https:\/\/abinox-chr-clim.com\/index.php\/wp-json\/wp\/v2\/product_cat?post=70416"},{"taxonomy":"product_tag","embeddable":true,"href":"https:\/\/abinox-chr-clim.com\/index.php\/wp-json\/wp\/v2\/product_tag?post=70416"}],"curies":[{"name":"wp","href":"https:\/\/api.w.org\/{rel}","templated":true}]}}