{"id":70414,"date":"2024-03-22T19:27:05","date_gmt":"2024-03-22T18:27:05","guid":{"rendered":"https:\/\/abinox-chr-clim.com\/index.php\/product\/chaises-bolero-beige-lot-de-2\/"},"modified":"2026-04-11T09:19:14","modified_gmt":"2026-04-11T07:19:14","slug":"chaises-bolero-beige-lot-de-2","status":"publish","type":"product","link":"https:\/\/abinox-chr-clim.com\/index.php\/product\/chaises-bolero-beige-lot-de-2\/","title":{"rendered":"Chaises Bolero beige (Lot de 2)"},"content":{"rendered":"<p>Chaise simple et \u00e9l\u00e9gante recouverte d&rsquo;un tissu de couleur neutre pouvant s&rsquo;int\u00e9grer \u00e0 toutes d\u00e9corations et couleurs int\u00e9rieures d\u00e9j\u00e0 existantes.<br \/>Utilisation int\u00e9rieure uniquement. Livr\u00e9e mont\u00e9e. Utilisation uniquement en int\u00e9rieur. R\u00e9f\u00e9rence soumise \u00e0 une Eco-participation mobilier de 2.16\u20ac par unit\u00e9 vendue. Conforme BS7176.Hauteur d&rsquo;assise : 480mm. R\u00e9f\u00e9rence soumise \u00e0 une Eco-participation mobilier de 1,33\u20ac par unit\u00e9 vendue. Utilisation int\u00e9rieure uniquement.<\/p>\n<p>Caract\u00e9ristiques :<br \/>Lot : 2.<br \/> Dimensions : Dimensions (mm): 945(H) x 410(L) x 410(P).<br \/> Mati\u00e8re : Structure en bouleau avec housse 50% polyester et 50% viscose.<br \/> Couleur : Beige.<\/p>\n","protected":false},"excerpt":{"rendered":"<p>Chaises Bolero beige (Lot de 2)<\/p>\n","protected":false},"featured_media":101997,"comment_status":"closed","ping_status":"closed","template":"","meta":[],"product_brand":[],"product_cat":[1209,1208,1201,1296],"product_tag":[],"class_list":{"0":"post-70414","1":"product","2":"type-product","3":"status-publish","4":"has-post-thumbnail","6":"product_cat-chaises-interieur","7":"product_cat-interieur","8":"product_cat-mobilier","9":"product_cat-palettisable","11":"first","12":"instock","13":"featured","14":"taxable","15":"shipping-taxable","16":"purchasable","17":"product-type-simple"},"_links":{"self":[{"href":"https:\/\/abinox-chr-clim.com\/index.php\/wp-json\/wp\/v2\/product\/70414","targetHints":{"allow":["GET"]}}],"collection":[{"href":"https:\/\/abinox-chr-clim.com\/index.php\/wp-json\/wp\/v2\/product"}],"about":[{"href":"https:\/\/abinox-chr-clim.com\/index.php\/wp-json\/wp\/v2\/types\/product"}],"replies":[{"embeddable":true,"href":"https:\/\/abinox-chr-clim.com\/index.php\/wp-json\/wp\/v2\/comments?post=70414"}],"wp:featuredmedia":[{"embeddable":true,"href":"https:\/\/abinox-chr-clim.com\/index.php\/wp-json\/wp\/v2\/media\/101997"}],"wp:attachment":[{"href":"https:\/\/abinox-chr-clim.com\/index.php\/wp-json\/wp\/v2\/media?parent=70414"}],"wp:term":[{"taxonomy":"product_brand","embeddable":true,"href":"https:\/\/abinox-chr-clim.com\/index.php\/wp-json\/wp\/v2\/product_brand?post=70414"},{"taxonomy":"product_cat","embeddable":true,"href":"https:\/\/abinox-chr-clim.com\/index.php\/wp-json\/wp\/v2\/product_cat?post=70414"},{"taxonomy":"product_tag","embeddable":true,"href":"https:\/\/abinox-chr-clim.com\/index.php\/wp-json\/wp\/v2\/product_tag?post=70414"}],"curies":[{"name":"wp","href":"https:\/\/api.w.org\/{rel}","templated":true}]}}