{"id":70411,"date":"2024-03-22T19:27:04","date_gmt":"2024-03-22T18:27:04","guid":{"rendered":"https:\/\/abinox-chr-clim.com\/index.php\/product\/chaises-en-acier-avec-assise-en-bois-bolero-bistro-gris-metallise-lot-de-4\/"},"modified":"2026-04-11T08:52:15","modified_gmt":"2026-04-11T06:52:15","slug":"chaises-en-acier-avec-assise-en-bois-bolero-bistro-gris-metallise-lot-de-4","status":"publish","type":"product","link":"https:\/\/abinox-chr-clim.com\/index.php\/product\/chaises-en-acier-avec-assise-en-bois-bolero-bistro-gris-metallise-lot-de-4\/","title":{"rendered":"Chaises en acier avec assise en bois Bolero Bistro gris m\u00e9tallis\u00e9 (lot de 4)"},"content":{"rendered":"<p>Parfaite pour une utilisation dans les bars et les restaurants, la chaise en acier galvanis\u00e9 et en fr\u00eane Bolero est r\u00e9sistante, \u00e9l\u00e9gante et confortable. Facile \u00e0 nettoyer et \u00e0 entretenir.<br \/>Assise en bois de manguier pour plus de style, de confort et de durabilit\u00e9. Le style industriel donnera un nouveau style \u00e0 vos espaces. Le cadre en acier galvanis\u00e9 extra-durable offre une r\u00e9sistance contre la plupart des dommages caus\u00e9s par les chocs, la rouille ou la corrosion. R\u00e9f\u00e9rence soumise \u00e0 une Eco-participation mobilier de 3.92\u20ac par unit\u00e9 vendue. La construction empilable vous aide \u00e0 \u00e9conomiser de l&rsquo;espace de stockage. Con\u00e7u pour une utilisation int\u00e9rieure.Fourni avec des patins en caoutchouc antid\u00e9rapants et anti traces pour r\u00e9duire les marques au sol et ajouter de la stabilit\u00e9 lors de l&rsquo;utilisation. R\u00e9f\u00e9rence soumise \u00e0 une Eco-participation mobilier de 1,46\u20ac par unit\u00e9 vendue. Assise en bois de manguier pour plus de style, de confort et de durabilit\u00e9.<\/p>\n<p>Caract\u00e9ristiques :<br \/>Lot : 4.<br \/> Dimensions : 855(H) x 445(L) x 520(P)mm.<br \/> Mati\u00e8re : Acier galvanis\u00e9 et bois de manguier.<br \/> Couleur : Gris m\u00e9tallis\u00e9.<\/p>\n","protected":false},"excerpt":{"rendered":"<p>Chaises en acier avec assise en bois Bolero Bistro gris m\u00e9tallis\u00e9 (lot de 4)<\/p>\n","protected":false},"featured_media":101612,"comment_status":"closed","ping_status":"closed","template":"","meta":[],"product_brand":[],"product_cat":[1209,1208,1201,1296],"product_tag":[],"class_list":{"0":"post-70411","1":"product","2":"type-product","3":"status-publish","4":"has-post-thumbnail","6":"product_cat-chaises-interieur","7":"product_cat-interieur","8":"product_cat-mobilier","9":"product_cat-palettisable","11":"first","12":"outofstock","13":"featured","14":"taxable","15":"shipping-taxable","16":"purchasable","17":"product-type-simple"},"_links":{"self":[{"href":"https:\/\/abinox-chr-clim.com\/index.php\/wp-json\/wp\/v2\/product\/70411","targetHints":{"allow":["GET"]}}],"collection":[{"href":"https:\/\/abinox-chr-clim.com\/index.php\/wp-json\/wp\/v2\/product"}],"about":[{"href":"https:\/\/abinox-chr-clim.com\/index.php\/wp-json\/wp\/v2\/types\/product"}],"replies":[{"embeddable":true,"href":"https:\/\/abinox-chr-clim.com\/index.php\/wp-json\/wp\/v2\/comments?post=70411"}],"wp:featuredmedia":[{"embeddable":true,"href":"https:\/\/abinox-chr-clim.com\/index.php\/wp-json\/wp\/v2\/media\/101612"}],"wp:attachment":[{"href":"https:\/\/abinox-chr-clim.com\/index.php\/wp-json\/wp\/v2\/media?parent=70411"}],"wp:term":[{"taxonomy":"product_brand","embeddable":true,"href":"https:\/\/abinox-chr-clim.com\/index.php\/wp-json\/wp\/v2\/product_brand?post=70411"},{"taxonomy":"product_cat","embeddable":true,"href":"https:\/\/abinox-chr-clim.com\/index.php\/wp-json\/wp\/v2\/product_cat?post=70411"},{"taxonomy":"product_tag","embeddable":true,"href":"https:\/\/abinox-chr-clim.com\/index.php\/wp-json\/wp\/v2\/product_tag?post=70411"}],"curies":[{"name":"wp","href":"https:\/\/api.w.org\/{rel}","templated":true}]}}