{"id":70410,"date":"2024-03-22T19:27:04","date_gmt":"2024-03-22T18:27:04","guid":{"rendered":"https:\/\/abinox-chr-clim.com\/index.php\/product\/chaise-en-acier-noir-avec-assise-en-bois-bolero-bistro-lot-de-4\/"},"modified":"2026-04-11T08:52:14","modified_gmt":"2026-04-11T06:52:14","slug":"chaise-en-acier-noir-avec-assise-en-bois-bolero-bistro-lot-de-4","status":"publish","type":"product","link":"https:\/\/abinox-chr-clim.com\/index.php\/product\/chaise-en-acier-noir-avec-assise-en-bois-bolero-bistro-lot-de-4\/","title":{"rendered":"Chaise en acier noir avec assise en bois Bolero Bistro (lot de 4)"},"content":{"rendered":"<p>Parfaite pour une utilisation dans les bars et les restaurants, la chaise en acier galvanis\u00e9 et en fr\u00eane Bolero est r\u00e9sistante, \u00e9l\u00e9gante et confortable. Facile \u00e0 nettoyer et \u00e0 entretenir.<br \/>Hauteur d&rsquo;assise : 440mm. Pieds en caoutchouc. Livr\u00e9es mont\u00e9es. R\u00e9f\u00e9rence soumise \u00e0 une Eco-participation mobilier de 3.92\u20ac par unit\u00e9 vendue.  Empilables jusqu&rsquo;\u00e0 5 maxi. R\u00e9f\u00e9rence soumise \u00e0 une Eco-participation mobilier de 1,46\u20ac par unit\u00e9 vendue. Hauteur d&rsquo;assise : 440mm.<\/p>\n<p>Caract\u00e9ristiques :<br \/>Lot : 4.<br \/> Dimensions : 855(H) x 445(L) x 520(P)mm.<br \/> Mati\u00e8re : Acier galvanis\u00e9 et bois de manguier.<br \/> Couleur : Noir.<\/p>\n","protected":false},"excerpt":{"rendered":"<p>Chaise en acier noir avec assise en bois Bolero Bistro (lot de 4)<\/p>\n","protected":false},"featured_media":101611,"comment_status":"closed","ping_status":"closed","template":"","meta":[],"product_brand":[],"product_cat":[1209,1208,1201,1296],"product_tag":[],"class_list":{"0":"post-70410","1":"product","2":"type-product","3":"status-publish","4":"has-post-thumbnail","6":"product_cat-chaises-interieur","7":"product_cat-interieur","8":"product_cat-mobilier","9":"product_cat-palettisable","11":"first","12":"instock","13":"featured","14":"taxable","15":"shipping-taxable","16":"purchasable","17":"product-type-simple"},"_links":{"self":[{"href":"https:\/\/abinox-chr-clim.com\/index.php\/wp-json\/wp\/v2\/product\/70410","targetHints":{"allow":["GET"]}}],"collection":[{"href":"https:\/\/abinox-chr-clim.com\/index.php\/wp-json\/wp\/v2\/product"}],"about":[{"href":"https:\/\/abinox-chr-clim.com\/index.php\/wp-json\/wp\/v2\/types\/product"}],"replies":[{"embeddable":true,"href":"https:\/\/abinox-chr-clim.com\/index.php\/wp-json\/wp\/v2\/comments?post=70410"}],"wp:featuredmedia":[{"embeddable":true,"href":"https:\/\/abinox-chr-clim.com\/index.php\/wp-json\/wp\/v2\/media\/101611"}],"wp:attachment":[{"href":"https:\/\/abinox-chr-clim.com\/index.php\/wp-json\/wp\/v2\/media?parent=70410"}],"wp:term":[{"taxonomy":"product_brand","embeddable":true,"href":"https:\/\/abinox-chr-clim.com\/index.php\/wp-json\/wp\/v2\/product_brand?post=70410"},{"taxonomy":"product_cat","embeddable":true,"href":"https:\/\/abinox-chr-clim.com\/index.php\/wp-json\/wp\/v2\/product_cat?post=70410"},{"taxonomy":"product_tag","embeddable":true,"href":"https:\/\/abinox-chr-clim.com\/index.php\/wp-json\/wp\/v2\/product_tag?post=70410"}],"curies":[{"name":"wp","href":"https:\/\/api.w.org\/{rel}","templated":true}]}}