{"id":70409,"date":"2024-03-22T19:27:03","date_gmt":"2024-03-22T18:27:03","guid":{"rendered":"https:\/\/abinox-chr-clim.com\/index.php\/product\/chaises-couleur-noyer-avec-dossier-croise-bolero-lot-de-2\/"},"modified":"2026-04-02T09:21:48","modified_gmt":"2026-04-02T07:21:48","slug":"chaises-couleur-noyer-avec-dossier-croise-bolero-lot-de-2","status":"publish","type":"product","link":"https:\/\/abinox-chr-clim.com\/index.php\/product\/chaises-couleur-noyer-avec-dossier-croise-bolero-lot-de-2\/","title":{"rendered":"Chaises couleur noyer avec dossier crois\u00e9 Bolero (Lot de 2)"},"content":{"rendered":"<p>En bois vintage, pour les restaurants, caf\u00e9s et bistros. Se caract\u00e9rise par un dossier crois\u00e9.<br \/>Structure ch\u00eane. Livr\u00e9 mont\u00e9. Utilisation int\u00e9rieure uniquement. R\u00e9f\u00e9rence soumise \u00e0 une Eco-participation mobilier de 1.89\u20ac par unit\u00e9 vendue. Hauteur d&rsquo;assise 470mm. Dossier en croix.R\u00e9f\u00e9rence soumise \u00e0 une Eco-participation mobilier de 1,30\u20ac par unit\u00e9 vendue. Structure ch\u00eane.<\/p>\n<p>Caract\u00e9ristiques :<br \/>Lot : 2.<br \/> Dimensions : 890(H) x 495(L) x 550(P)mm.<br \/> Mati\u00e8re : Ch\u00eane laqu\u00e9 avec dossier crois\u00e9 en m\u00e9tal et assise en placage.<br \/> Couleur : Noyer.<\/p>\n","protected":false},"excerpt":{"rendered":"<p>Chaises couleur noyer avec dossier crois\u00e9 Bolero (Lot de 2)<\/p>\n","protected":false},"featured_media":101604,"comment_status":"closed","ping_status":"closed","template":"","meta":[],"product_brand":[],"product_cat":[1209,1208,1201,1296],"product_tag":[],"class_list":{"0":"post-70409","1":"product","2":"type-product","3":"status-publish","4":"has-post-thumbnail","6":"product_cat-chaises-interieur","7":"product_cat-interieur","8":"product_cat-mobilier","9":"product_cat-palettisable","11":"first","12":"instock","13":"featured","14":"taxable","15":"shipping-taxable","16":"purchasable","17":"product-type-simple"},"_links":{"self":[{"href":"https:\/\/abinox-chr-clim.com\/index.php\/wp-json\/wp\/v2\/product\/70409","targetHints":{"allow":["GET"]}}],"collection":[{"href":"https:\/\/abinox-chr-clim.com\/index.php\/wp-json\/wp\/v2\/product"}],"about":[{"href":"https:\/\/abinox-chr-clim.com\/index.php\/wp-json\/wp\/v2\/types\/product"}],"replies":[{"embeddable":true,"href":"https:\/\/abinox-chr-clim.com\/index.php\/wp-json\/wp\/v2\/comments?post=70409"}],"wp:featuredmedia":[{"embeddable":true,"href":"https:\/\/abinox-chr-clim.com\/index.php\/wp-json\/wp\/v2\/media\/101604"}],"wp:attachment":[{"href":"https:\/\/abinox-chr-clim.com\/index.php\/wp-json\/wp\/v2\/media?parent=70409"}],"wp:term":[{"taxonomy":"product_brand","embeddable":true,"href":"https:\/\/abinox-chr-clim.com\/index.php\/wp-json\/wp\/v2\/product_brand?post=70409"},{"taxonomy":"product_cat","embeddable":true,"href":"https:\/\/abinox-chr-clim.com\/index.php\/wp-json\/wp\/v2\/product_cat?post=70409"},{"taxonomy":"product_tag","embeddable":true,"href":"https:\/\/abinox-chr-clim.com\/index.php\/wp-json\/wp\/v2\/product_tag?post=70409"}],"curies":[{"name":"wp","href":"https:\/\/api.w.org\/{rel}","templated":true}]}}