{"id":70408,"date":"2024-03-22T19:27:03","date_gmt":"2024-03-22T18:27:03","guid":{"rendered":"https:\/\/abinox-chr-clim.com\/index.php\/product\/tabouret-de-bar-en-bois-avec-dossier-croise-bolero-metal\/"},"modified":"2026-04-11T08:52:07","modified_gmt":"2026-04-11T06:52:07","slug":"tabouret-de-bar-en-bois-avec-dossier-croise-bolero-metal","status":"publish","type":"product","link":"https:\/\/abinox-chr-clim.com\/index.php\/product\/tabouret-de-bar-en-bois-avec-dossier-croise-bolero-metal\/","title":{"rendered":"Tabouret de bar en bois avec dossier crois\u00e9 Bolero m\u00e9tal"},"content":{"rendered":"<p>En bois vintage, pour les restaurants, caf\u00e9s et bistros. Se caract\u00e9rise par un dossier crois\u00e9.<br \/>L&rsquo;aspect classique du bois ajoute un style vintage \u00e0 votre bar.L&rsquo;assise en rotin trait\u00e9 offre une douceur suppl\u00e9mentaire pour un meilleur confort. Le cadre robuste en bouleau offre force, stabilit\u00e9 et durabilit\u00e9 pour une utilisation quotidienne. R\u00e9f\u00e9rence soumise \u00e0 une Eco-participation mobilier de 1.43\u20ac par unit\u00e9 vendue. La hauteur d&rsquo;assise de 750 mm est parfaite pour les tables et les bars plus hauts. Le rembourrage du si\u00e8ge en rotin est conforme \u00e0 la norme BS 7176 pour une utilisation en milieu hospitalier. Livr\u00e9e enti\u00e8rement assembl\u00e9e et pr\u00eate \u00e0 \u00eatre utilis\u00e9e imm\u00e9diatement. Convient uniquement pour un usage int\u00e9rieur. Le dossier en croix offre un soutien et une stabilit\u00e9 suppl\u00e9mentaires lorsque vous vous penchez en arri\u00e8re. R\u00e9f\u00e9rence soumise \u00e0 une Eco-participation mobilier de 0,50\u20ac par unit\u00e9 vendue. L&rsquo;aspect classique du bois ajoute un style vintage \u00e0 votre bar. .<br \/> Caract\u00e9ristiques :<br \/> Dimensions : 1100(H) x 450(L) x 470(P)mm.<br \/> Mati\u00e8re : Ch\u00eane trait\u00e9 laqu\u00e9 avec croix m\u00e9tal et assise en rotin trait\u00e9.<br \/> Couleur : Naturel.<\/p>\n","protected":false},"excerpt":{"rendered":"<p>Tabouret de bar en bois avec dossier crois\u00e9 Bolero m\u00e9tal<\/p>\n","protected":false},"featured_media":101603,"comment_status":"closed","ping_status":"closed","template":"","meta":[],"product_brand":[],"product_cat":[1209,1208,1201,1296],"product_tag":[],"class_list":{"0":"post-70408","1":"product","2":"type-product","3":"status-publish","4":"has-post-thumbnail","6":"product_cat-chaises-interieur","7":"product_cat-interieur","8":"product_cat-mobilier","9":"product_cat-palettisable","11":"first","12":"instock","13":"featured","14":"taxable","15":"shipping-taxable","16":"purchasable","17":"product-type-simple"},"_links":{"self":[{"href":"https:\/\/abinox-chr-clim.com\/index.php\/wp-json\/wp\/v2\/product\/70408","targetHints":{"allow":["GET"]}}],"collection":[{"href":"https:\/\/abinox-chr-clim.com\/index.php\/wp-json\/wp\/v2\/product"}],"about":[{"href":"https:\/\/abinox-chr-clim.com\/index.php\/wp-json\/wp\/v2\/types\/product"}],"replies":[{"embeddable":true,"href":"https:\/\/abinox-chr-clim.com\/index.php\/wp-json\/wp\/v2\/comments?post=70408"}],"wp:featuredmedia":[{"embeddable":true,"href":"https:\/\/abinox-chr-clim.com\/index.php\/wp-json\/wp\/v2\/media\/101603"}],"wp:attachment":[{"href":"https:\/\/abinox-chr-clim.com\/index.php\/wp-json\/wp\/v2\/media?parent=70408"}],"wp:term":[{"taxonomy":"product_brand","embeddable":true,"href":"https:\/\/abinox-chr-clim.com\/index.php\/wp-json\/wp\/v2\/product_brand?post=70408"},{"taxonomy":"product_cat","embeddable":true,"href":"https:\/\/abinox-chr-clim.com\/index.php\/wp-json\/wp\/v2\/product_cat?post=70408"},{"taxonomy":"product_tag","embeddable":true,"href":"https:\/\/abinox-chr-clim.com\/index.php\/wp-json\/wp\/v2\/product_tag?post=70408"}],"curies":[{"name":"wp","href":"https:\/\/api.w.org\/{rel}","templated":true}]}}