{"id":70406,"date":"2024-03-22T19:27:02","date_gmt":"2024-03-22T18:27:02","guid":{"rendered":"https:\/\/abinox-chr-clim.com\/index.php\/product\/chaises-en-bois-patine-avec-dossier-croise-bolero-bleues-lot-de-2\/"},"modified":"2026-04-11T08:52:04","modified_gmt":"2026-04-11T06:52:04","slug":"chaises-en-bois-patine-avec-dossier-croise-bolero-bleues-lot-de-2","status":"publish","type":"product","link":"https:\/\/abinox-chr-clim.com\/index.php\/product\/chaises-en-bois-patine-avec-dossier-croise-bolero-bleues-lot-de-2\/","title":{"rendered":"Chaises en bois patin\u00e9 avec dossier crois\u00e9 Bolero bleues (Lot de 2)"},"content":{"rendered":"<p>En bois vintage, pour les restaurants, caf\u00e9s et bistros. Se caract\u00e9rise par un dossier crois\u00e9.<br \/>Hauteur d&rsquo;assise 470mm. Assise en rotin conforme \u00e0 la norme BS7176. Structure bouleau. R\u00e9f\u00e9rence soumise \u00e0 une Eco-participation mobilier de 1.44\u20ac par unit\u00e9 vendue. Livr\u00e9 mont\u00e9.Utilisation int\u00e9rieure uniquement. R\u00e9f\u00e9rence soumise \u00e0 une Eco-participation mobilier de 1,04\u20ac par unit\u00e9 vendue. Hauteur d&rsquo;assise 470mm.<\/p>\n<p>Caract\u00e9ristiques :<br \/>Lot : 2.<br \/> Dimensions : 890(H) x 495(L) x 550(P)mm.<br \/> Mati\u00e8re : Bouleau laqu\u00e9 avec dossier crois\u00e9 en m\u00e9tal et assise en rotin trait\u00e9.<br \/> Couleur : Bleu antique.<\/p>\n","protected":false},"excerpt":{"rendered":"<p>Chaises en bois patin\u00e9 avec dossier crois\u00e9 Bolero bleues (Lot de 2)<\/p>\n","protected":false},"featured_media":101601,"comment_status":"closed","ping_status":"closed","template":"","meta":[],"product_brand":[],"product_cat":[1209,1208,1201,1296],"product_tag":[],"class_list":{"0":"post-70406","1":"product","2":"type-product","3":"status-publish","4":"has-post-thumbnail","6":"product_cat-chaises-interieur","7":"product_cat-interieur","8":"product_cat-mobilier","9":"product_cat-palettisable","11":"first","12":"outofstock","13":"featured","14":"taxable","15":"shipping-taxable","16":"purchasable","17":"product-type-simple"},"_links":{"self":[{"href":"https:\/\/abinox-chr-clim.com\/index.php\/wp-json\/wp\/v2\/product\/70406","targetHints":{"allow":["GET"]}}],"collection":[{"href":"https:\/\/abinox-chr-clim.com\/index.php\/wp-json\/wp\/v2\/product"}],"about":[{"href":"https:\/\/abinox-chr-clim.com\/index.php\/wp-json\/wp\/v2\/types\/product"}],"replies":[{"embeddable":true,"href":"https:\/\/abinox-chr-clim.com\/index.php\/wp-json\/wp\/v2\/comments?post=70406"}],"wp:featuredmedia":[{"embeddable":true,"href":"https:\/\/abinox-chr-clim.com\/index.php\/wp-json\/wp\/v2\/media\/101601"}],"wp:attachment":[{"href":"https:\/\/abinox-chr-clim.com\/index.php\/wp-json\/wp\/v2\/media?parent=70406"}],"wp:term":[{"taxonomy":"product_brand","embeddable":true,"href":"https:\/\/abinox-chr-clim.com\/index.php\/wp-json\/wp\/v2\/product_brand?post=70406"},{"taxonomy":"product_cat","embeddable":true,"href":"https:\/\/abinox-chr-clim.com\/index.php\/wp-json\/wp\/v2\/product_cat?post=70406"},{"taxonomy":"product_tag","embeddable":true,"href":"https:\/\/abinox-chr-clim.com\/index.php\/wp-json\/wp\/v2\/product_tag?post=70406"}],"curies":[{"name":"wp","href":"https:\/\/api.w.org\/{rel}","templated":true}]}}