{"id":70404,"date":"2024-03-22T19:27:02","date_gmt":"2024-03-22T18:27:02","guid":{"rendered":"https:\/\/abinox-chr-clim.com\/index.php\/product\/tabouret-de-bar-haut-avec-dossier-en-simili-cuir-bolero-marron-fonce\/"},"modified":"2026-04-11T08:52:03","modified_gmt":"2026-04-11T06:52:03","slug":"tabouret-de-bar-haut-avec-dossier-en-simili-cuir-bolero-marron-fonce","status":"publish","type":"product","link":"https:\/\/abinox-chr-clim.com\/index.php\/product\/tabouret-de-bar-haut-avec-dossier-en-simili-cuir-bolero-marron-fonce\/","title":{"rendered":"Tabouret de bar haut avec dossier en simili cuir Bolero marron fonc\u00e9"},"content":{"rendered":"<p>Mobilier en simili cuir \u00e9l\u00e9gant et contemporain pour les h\u00f4tels, restaurants et autres lieux de restauration.<br \/>Hauteur du si\u00e8ge : 760mm. Sructure en bouleau massif. Conforme norme BS7176. R\u00e9f\u00e9rence soumise \u00e0 une Eco-participation mobilier de 1.44\u20ac par unit\u00e9 vendue.  Livr\u00e9 mont\u00e9. R\u00e9f\u00e9rence soumise \u00e0 une Eco-participation mobilier de 0,50\u20ac par unit\u00e9 vendue. Hauteur du si\u00e8ge : 760mm.<\/p>\n<p>Caract\u00e9ristiques :<br \/> Dimensions : 1030(H) x 440(L) x 540(P)mm.<br \/> Mati\u00e8re : Simili cuir et structure en bouleau laqu\u00e9.<br \/> Couleur : Marron fonc\u00e9.<\/p>\n","protected":false},"excerpt":{"rendered":"<p>Tabouret de bar haut avec dossier en simili cuir Bolero marron fonc\u00e9<\/p>\n","protected":false},"featured_media":101599,"comment_status":"closed","ping_status":"closed","template":"","meta":[],"product_brand":[],"product_cat":[1209,1208,1201,1296],"product_tag":[],"class_list":{"0":"post-70404","1":"product","2":"type-product","3":"status-publish","4":"has-post-thumbnail","6":"product_cat-chaises-interieur","7":"product_cat-interieur","8":"product_cat-mobilier","9":"product_cat-palettisable","11":"first","12":"instock","13":"featured","14":"taxable","15":"shipping-taxable","16":"purchasable","17":"product-type-simple"},"_links":{"self":[{"href":"https:\/\/abinox-chr-clim.com\/index.php\/wp-json\/wp\/v2\/product\/70404","targetHints":{"allow":["GET"]}}],"collection":[{"href":"https:\/\/abinox-chr-clim.com\/index.php\/wp-json\/wp\/v2\/product"}],"about":[{"href":"https:\/\/abinox-chr-clim.com\/index.php\/wp-json\/wp\/v2\/types\/product"}],"replies":[{"embeddable":true,"href":"https:\/\/abinox-chr-clim.com\/index.php\/wp-json\/wp\/v2\/comments?post=70404"}],"wp:featuredmedia":[{"embeddable":true,"href":"https:\/\/abinox-chr-clim.com\/index.php\/wp-json\/wp\/v2\/media\/101599"}],"wp:attachment":[{"href":"https:\/\/abinox-chr-clim.com\/index.php\/wp-json\/wp\/v2\/media?parent=70404"}],"wp:term":[{"taxonomy":"product_brand","embeddable":true,"href":"https:\/\/abinox-chr-clim.com\/index.php\/wp-json\/wp\/v2\/product_brand?post=70404"},{"taxonomy":"product_cat","embeddable":true,"href":"https:\/\/abinox-chr-clim.com\/index.php\/wp-json\/wp\/v2\/product_cat?post=70404"},{"taxonomy":"product_tag","embeddable":true,"href":"https:\/\/abinox-chr-clim.com\/index.php\/wp-json\/wp\/v2\/product_tag?post=70404"}],"curies":[{"name":"wp","href":"https:\/\/api.w.org\/{rel}","templated":true}]}}