{"id":70401,"date":"2024-03-22T19:27:01","date_gmt":"2024-03-22T18:27:01","guid":{"rendered":"https:\/\/abinox-chr-clim.com\/index.php\/product\/tabourets-de-bar-haut-en-simili-cuir-bolero-noirs-lot-de-2\/"},"modified":"2026-04-11T08:51:59","modified_gmt":"2026-04-11T06:51:59","slug":"tabourets-de-bar-haut-en-simili-cuir-bolero-noirs-lot-de-2","status":"publish","type":"product","link":"https:\/\/abinox-chr-clim.com\/index.php\/product\/tabourets-de-bar-haut-en-simili-cuir-bolero-noirs-lot-de-2\/","title":{"rendered":"Tabourets de bar haut en simili cuir Bolero noirs (Lot de 2)"},"content":{"rendered":"<p>Mobilier en simili cuir \u00e9l\u00e9gant et contemporain pour les h\u00f4tels, restaurants et autres lieux de restauration.<br \/>Hauteur du si\u00e8ge : 760mm. Sructure en bouleau massif. Conforme norme BS7176. R\u00e9f\u00e9rence soumise \u00e0 une Eco-participation mobilier de 2.4\u20ac par unit\u00e9 vendue.  Livr\u00e9 mont\u00e9. R\u00e9f\u00e9rence soumise \u00e0 une Eco-participation mobilier de 1,56\u20ac par unit\u00e9 vendue. Hauteur du si\u00e8ge : 760mm.<\/p>\n<p>Caract\u00e9ristiques :<br \/>Lot : 2.<br \/> Dimensions : 760(H) x 410(L) x 410(P)mm.<br \/> Mati\u00e8re : Simili cuir et structure en bouleau laqu\u00e9.<br \/> Couleur : Noir.<\/p>\n","protected":false},"excerpt":{"rendered":"<p>Tabourets de bar haut en simili cuir Bolero noirs (Lot de 2)<\/p>\n","protected":false},"featured_media":101596,"comment_status":"closed","ping_status":"closed","template":"","meta":[],"product_brand":[],"product_cat":[1209,1208,1201,1296],"product_tag":[],"class_list":{"0":"post-70401","1":"product","2":"type-product","3":"status-publish","4":"has-post-thumbnail","6":"product_cat-chaises-interieur","7":"product_cat-interieur","8":"product_cat-mobilier","9":"product_cat-palettisable","11":"first","12":"instock","13":"featured","14":"taxable","15":"shipping-taxable","16":"purchasable","17":"product-type-simple"},"_links":{"self":[{"href":"https:\/\/abinox-chr-clim.com\/index.php\/wp-json\/wp\/v2\/product\/70401","targetHints":{"allow":["GET"]}}],"collection":[{"href":"https:\/\/abinox-chr-clim.com\/index.php\/wp-json\/wp\/v2\/product"}],"about":[{"href":"https:\/\/abinox-chr-clim.com\/index.php\/wp-json\/wp\/v2\/types\/product"}],"replies":[{"embeddable":true,"href":"https:\/\/abinox-chr-clim.com\/index.php\/wp-json\/wp\/v2\/comments?post=70401"}],"wp:featuredmedia":[{"embeddable":true,"href":"https:\/\/abinox-chr-clim.com\/index.php\/wp-json\/wp\/v2\/media\/101596"}],"wp:attachment":[{"href":"https:\/\/abinox-chr-clim.com\/index.php\/wp-json\/wp\/v2\/media?parent=70401"}],"wp:term":[{"taxonomy":"product_brand","embeddable":true,"href":"https:\/\/abinox-chr-clim.com\/index.php\/wp-json\/wp\/v2\/product_brand?post=70401"},{"taxonomy":"product_cat","embeddable":true,"href":"https:\/\/abinox-chr-clim.com\/index.php\/wp-json\/wp\/v2\/product_cat?post=70401"},{"taxonomy":"product_tag","embeddable":true,"href":"https:\/\/abinox-chr-clim.com\/index.php\/wp-json\/wp\/v2\/product_tag?post=70401"}],"curies":[{"name":"wp","href":"https:\/\/api.w.org\/{rel}","templated":true}]}}