{"id":70399,"date":"2024-03-22T19:27:00","date_gmt":"2024-03-22T18:27:00","guid":{"rendered":"https:\/\/abinox-chr-clim.com\/index.php\/product\/chaises-en-simili-cuir-a-dossier-incurve-bolero-noires-lot-de-2\/"},"modified":"2026-04-11T08:51:01","modified_gmt":"2026-04-11T06:51:01","slug":"chaises-en-simili-cuir-a-dossier-incurve-bolero-noires-lot-de-2","status":"publish","type":"product","link":"https:\/\/abinox-chr-clim.com\/index.php\/product\/chaises-en-simili-cuir-a-dossier-incurve-bolero-noires-lot-de-2\/","title":{"rendered":"Chaises en simili cuir \u00e0 dossier incurv\u00e9 Bolero noires (Lot de 2)"},"content":{"rendered":"<p>Chaise \u00e9l\u00e9gante et raffin\u00e9e avec dossier incurv\u00e9 pour offrir un confort  in\u00e9gal\u00e9 \u00e0 vos clients. Id\u00e9ale pour les h\u00f4tels et restaurants.<br \/>Pour une utilisation int\u00e9rieure. R\u00e9f\u00e9rence soumise \u00e0 une Eco-participation mobilier de 2.6\u20ac par unit\u00e9 vendue. Livr\u00e9e enti\u00e8rement mont\u00e9e. Hauteur d&rsquo;assise 510mm.Conforme \u00e0 la norme BS7176 Crib 5.Structure en bouleau. R\u00e9f\u00e9rence soumise \u00e0 une Eco-participation mobilier de 1,69\u20ac par unit\u00e9 vendue. Pour une utilisation int\u00e9rieure.<\/p>\n<p>Caract\u00e9ristiques :<br \/>Lot : 2.<br \/> Dimensions : 1015(h)x 410(l)x 510(p)mm.<br \/> Mati\u00e8re : Cuir et bouleau.<br \/> Couleur : Marron fonc\u00e9.<\/p>\n","protected":false},"excerpt":{"rendered":"<p>Chaises en simili cuir \u00e0 dossier incurv\u00e9 Bolero noires (Lot de 2)<\/p>\n","protected":false},"featured_media":103393,"comment_status":"closed","ping_status":"closed","template":"","meta":[],"product_brand":[],"product_cat":[1209,1208,1201,1296],"product_tag":[],"class_list":{"0":"post-70399","1":"product","2":"type-product","3":"status-publish","4":"has-post-thumbnail","6":"product_cat-chaises-interieur","7":"product_cat-interieur","8":"product_cat-mobilier","9":"product_cat-palettisable","11":"first","12":"instock","13":"featured","14":"taxable","15":"shipping-taxable","16":"purchasable","17":"product-type-simple"},"_links":{"self":[{"href":"https:\/\/abinox-chr-clim.com\/index.php\/wp-json\/wp\/v2\/product\/70399","targetHints":{"allow":["GET"]}}],"collection":[{"href":"https:\/\/abinox-chr-clim.com\/index.php\/wp-json\/wp\/v2\/product"}],"about":[{"href":"https:\/\/abinox-chr-clim.com\/index.php\/wp-json\/wp\/v2\/types\/product"}],"replies":[{"embeddable":true,"href":"https:\/\/abinox-chr-clim.com\/index.php\/wp-json\/wp\/v2\/comments?post=70399"}],"wp:featuredmedia":[{"embeddable":true,"href":"https:\/\/abinox-chr-clim.com\/index.php\/wp-json\/wp\/v2\/media\/103393"}],"wp:attachment":[{"href":"https:\/\/abinox-chr-clim.com\/index.php\/wp-json\/wp\/v2\/media?parent=70399"}],"wp:term":[{"taxonomy":"product_brand","embeddable":true,"href":"https:\/\/abinox-chr-clim.com\/index.php\/wp-json\/wp\/v2\/product_brand?post=70399"},{"taxonomy":"product_cat","embeddable":true,"href":"https:\/\/abinox-chr-clim.com\/index.php\/wp-json\/wp\/v2\/product_cat?post=70399"},{"taxonomy":"product_tag","embeddable":true,"href":"https:\/\/abinox-chr-clim.com\/index.php\/wp-json\/wp\/v2\/product_tag?post=70399"}],"curies":[{"name":"wp","href":"https:\/\/api.w.org\/{rel}","templated":true}]}}