{"id":70397,"date":"2024-03-22T19:26:59","date_gmt":"2024-03-22T18:26:59","guid":{"rendered":"https:\/\/abinox-chr-clim.com\/index.php\/product\/chaises-en-simili-cuir-bolero-noires-lot-de-2\/"},"modified":"2026-04-11T08:50:57","modified_gmt":"2026-04-11T06:50:57","slug":"chaises-en-simili-cuir-bolero-noires-lot-de-2","status":"publish","type":"product","link":"https:\/\/abinox-chr-clim.com\/index.php\/product\/chaises-en-simili-cuir-bolero-noires-lot-de-2\/","title":{"rendered":"Chaises en simili cuir Bolero noires (Lot de 2)"},"content":{"rendered":"<p>Chaise droite simple, \u00e9l\u00e9gante et contemporaine, parfaite pour les h\u00f4tels et les restaurants.<br \/>Hauteur : 940mm. Hauteur d&rsquo;assise 480mm.Conforme \u00e0 la norme BS7176 Crib 5. Structure en bouleau. R\u00e9f\u00e9rence soumise \u00e0 une Eco-participation mobilier de 20.32\u20ac par unit\u00e9 vendue. Livr\u00e9e enti\u00e8rement mont\u00e9e.Pour une utilisation int\u00e9rieure uniquement. R\u00e9f\u00e9rence soumise \u00e0 une Eco-participation mobilier de 1,69\u20ac par unit\u00e9 vendue. Hauteur : 940mm. Hauteur d&rsquo;assise 480mm. .<br \/> Caract\u00e9ristiques :<br \/>Lot : 2.<br \/> Dimensions : 940(H) x 405(L) x 500(P)mm.<br \/> Mati\u00e8re : Polyur\u00e9thane et bouleau.<br \/> Couleur : Noir.<\/p>\n","protected":false},"excerpt":{"rendered":"<p>Chaises en simili cuir Bolero noires (Lot de 2)<\/p>\n","protected":false},"featured_media":101516,"comment_status":"closed","ping_status":"closed","template":"","meta":[],"product_brand":[],"product_cat":[1209,1208,1201,1296],"product_tag":[],"class_list":{"0":"post-70397","1":"product","2":"type-product","3":"status-publish","4":"has-post-thumbnail","6":"product_cat-chaises-interieur","7":"product_cat-interieur","8":"product_cat-mobilier","9":"product_cat-palettisable","11":"first","12":"instock","13":"featured","14":"taxable","15":"shipping-taxable","16":"purchasable","17":"product-type-simple"},"_links":{"self":[{"href":"https:\/\/abinox-chr-clim.com\/index.php\/wp-json\/wp\/v2\/product\/70397","targetHints":{"allow":["GET"]}}],"collection":[{"href":"https:\/\/abinox-chr-clim.com\/index.php\/wp-json\/wp\/v2\/product"}],"about":[{"href":"https:\/\/abinox-chr-clim.com\/index.php\/wp-json\/wp\/v2\/types\/product"}],"replies":[{"embeddable":true,"href":"https:\/\/abinox-chr-clim.com\/index.php\/wp-json\/wp\/v2\/comments?post=70397"}],"wp:featuredmedia":[{"embeddable":true,"href":"https:\/\/abinox-chr-clim.com\/index.php\/wp-json\/wp\/v2\/media\/101516"}],"wp:attachment":[{"href":"https:\/\/abinox-chr-clim.com\/index.php\/wp-json\/wp\/v2\/media?parent=70397"}],"wp:term":[{"taxonomy":"product_brand","embeddable":true,"href":"https:\/\/abinox-chr-clim.com\/index.php\/wp-json\/wp\/v2\/product_brand?post=70397"},{"taxonomy":"product_cat","embeddable":true,"href":"https:\/\/abinox-chr-clim.com\/index.php\/wp-json\/wp\/v2\/product_cat?post=70397"},{"taxonomy":"product_tag","embeddable":true,"href":"https:\/\/abinox-chr-clim.com\/index.php\/wp-json\/wp\/v2\/product_tag?post=70397"}],"curies":[{"name":"wp","href":"https:\/\/api.w.org\/{rel}","templated":true}]}}