{"id":70395,"date":"2024-03-22T19:26:58","date_gmt":"2024-03-22T18:26:58","guid":{"rendered":"https:\/\/abinox-chr-clim.com\/index.php\/product\/chaises-en-velours-bolero-lia-vertes-lot-de-2\/"},"modified":"2026-04-11T10:06:12","modified_gmt":"2026-04-11T08:06:12","slug":"chaises-en-velours-bolero-lia-vertes-lot-de-2","status":"publish","type":"product","link":"https:\/\/abinox-chr-clim.com\/index.php\/product\/chaises-en-velours-bolero-lia-vertes-lot-de-2\/","title":{"rendered":"Chaises en velours Bolero Lia vertes (lot de 2)"},"content":{"rendered":"<p>Chaise simple et \u00e9l\u00e9gante recouverte d&rsquo;un tissu de couleur neutre pouvant s&rsquo;int\u00e9grer \u00e0 toutes d\u00e9corations et couleurs int\u00e9rieures d\u00e9j\u00e0 existantes.<br \/>Rembourr\u00e9e en tissu effet velours pour cr\u00e9er un rendu et une sensation haut de gamme. Rembourrage doux dans l&rsquo;assise de la chaise pour assurer le confort. Les chaises peuvent \u00eatre nettoy\u00e9es. R\u00e9f\u00e9rence soumise \u00e0 une Eco-participation mobilier de 4.06\u20ac par unit\u00e9 vendue. Livr\u00e9es mont\u00e9es. Design \u00e9l\u00e9gant et forme contemporaine. Deux coloris disponibles (vert et gris). Vendues par lot de 2.Conception robuste avec un cadre en bois solide. Rembourr\u00e9e en tissu effet velours pour cr\u00e9er un rendu et une sensation haut de gamme.<\/p>\n<p>Caract\u00e9ristiques :<br \/>Lot : 2.<br \/> Dimensions : 810(H) x 580(L) mm.<br \/> Mati\u00e8re : .<br \/> Couleur : Vert fonc\u00e9.<\/p>\n","protected":false},"excerpt":{"rendered":"<p>Chaises en velours Bolero Lia vertes (lot de 2)<\/p>\n","protected":false},"featured_media":101078,"comment_status":"closed","ping_status":"closed","template":"","meta":[],"product_brand":[],"product_cat":[1209,1208,1201,1296],"product_tag":[],"class_list":{"0":"post-70395","1":"product","2":"type-product","3":"status-publish","4":"has-post-thumbnail","6":"product_cat-chaises-interieur","7":"product_cat-interieur","8":"product_cat-mobilier","9":"product_cat-palettisable","11":"first","12":"instock","13":"featured","14":"taxable","15":"shipping-taxable","16":"purchasable","17":"product-type-simple"},"_links":{"self":[{"href":"https:\/\/abinox-chr-clim.com\/index.php\/wp-json\/wp\/v2\/product\/70395","targetHints":{"allow":["GET"]}}],"collection":[{"href":"https:\/\/abinox-chr-clim.com\/index.php\/wp-json\/wp\/v2\/product"}],"about":[{"href":"https:\/\/abinox-chr-clim.com\/index.php\/wp-json\/wp\/v2\/types\/product"}],"replies":[{"embeddable":true,"href":"https:\/\/abinox-chr-clim.com\/index.php\/wp-json\/wp\/v2\/comments?post=70395"}],"wp:featuredmedia":[{"embeddable":true,"href":"https:\/\/abinox-chr-clim.com\/index.php\/wp-json\/wp\/v2\/media\/101078"}],"wp:attachment":[{"href":"https:\/\/abinox-chr-clim.com\/index.php\/wp-json\/wp\/v2\/media?parent=70395"}],"wp:term":[{"taxonomy":"product_brand","embeddable":true,"href":"https:\/\/abinox-chr-clim.com\/index.php\/wp-json\/wp\/v2\/product_brand?post=70395"},{"taxonomy":"product_cat","embeddable":true,"href":"https:\/\/abinox-chr-clim.com\/index.php\/wp-json\/wp\/v2\/product_cat?post=70395"},{"taxonomy":"product_tag","embeddable":true,"href":"https:\/\/abinox-chr-clim.com\/index.php\/wp-json\/wp\/v2\/product_tag?post=70395"}],"curies":[{"name":"wp","href":"https:\/\/api.w.org\/{rel}","templated":true}]}}