{"id":70390,"date":"2024-03-22T19:26:55","date_gmt":"2024-03-22T18:26:55","guid":{"rendered":"https:\/\/abinox-chr-clim.com\/index.php\/product\/fauteuils-noirs-artemis-lot-de-2\/"},"modified":"2026-04-11T10:06:11","modified_gmt":"2026-04-11T08:06:11","slug":"fauteuils-noirs-artemis-lot-de-2","status":"publish","type":"product","link":"https:\/\/abinox-chr-clim.com\/index.php\/product\/fauteuils-noirs-artemis-lot-de-2\/","title":{"rendered":"Fauteuils noirs Artemis (lot de 2)"},"content":{"rendered":"<p>Fabriqu\u00e9 \u00e0 partir de polypropyl\u00e8ne recyclable. Conception moul\u00e9e moderne. Pour une utilisation int\u00e9rieure et ext\u00e9rieure. Test\u00e9 CATAS pour la durabilit\u00e9. Nettoyage facile. Empilable.  Fabriqu\u00e9 \u00e0 partir de polypropyl\u00e8ne recyclable.<\/p>\n<p>Caract\u00e9ristiques :<br \/>Lot : 2.<br \/> Dimensions : 820(H) x 580(L) x 580(P) mm.<br \/> Mati\u00e8re : Polypropyl\u00e8ne<\/p>\n","protected":false},"excerpt":{"rendered":"<p>Fauteuils noirs Artemis (lot de 2)<\/p>\n","protected":false},"featured_media":100886,"comment_status":"closed","ping_status":"closed","template":"","meta":[],"product_brand":[],"product_cat":[1209,1208,1201,1296],"product_tag":[],"class_list":{"0":"post-70390","1":"product","2":"type-product","3":"status-publish","4":"has-post-thumbnail","6":"product_cat-chaises-interieur","7":"product_cat-interieur","8":"product_cat-mobilier","9":"product_cat-palettisable","11":"first","12":"outofstock","13":"featured","14":"taxable","15":"shipping-taxable","16":"purchasable","17":"product-type-simple"},"_links":{"self":[{"href":"https:\/\/abinox-chr-clim.com\/index.php\/wp-json\/wp\/v2\/product\/70390","targetHints":{"allow":["GET"]}}],"collection":[{"href":"https:\/\/abinox-chr-clim.com\/index.php\/wp-json\/wp\/v2\/product"}],"about":[{"href":"https:\/\/abinox-chr-clim.com\/index.php\/wp-json\/wp\/v2\/types\/product"}],"replies":[{"embeddable":true,"href":"https:\/\/abinox-chr-clim.com\/index.php\/wp-json\/wp\/v2\/comments?post=70390"}],"wp:featuredmedia":[{"embeddable":true,"href":"https:\/\/abinox-chr-clim.com\/index.php\/wp-json\/wp\/v2\/media\/100886"}],"wp:attachment":[{"href":"https:\/\/abinox-chr-clim.com\/index.php\/wp-json\/wp\/v2\/media?parent=70390"}],"wp:term":[{"taxonomy":"product_brand","embeddable":true,"href":"https:\/\/abinox-chr-clim.com\/index.php\/wp-json\/wp\/v2\/product_brand?post=70390"},{"taxonomy":"product_cat","embeddable":true,"href":"https:\/\/abinox-chr-clim.com\/index.php\/wp-json\/wp\/v2\/product_cat?post=70390"},{"taxonomy":"product_tag","embeddable":true,"href":"https:\/\/abinox-chr-clim.com\/index.php\/wp-json\/wp\/v2\/product_tag?post=70390"}],"curies":[{"name":"wp","href":"https:\/\/api.w.org\/{rel}","templated":true}]}}