{"id":70388,"date":"2024-03-22T19:26:54","date_gmt":"2024-03-22T18:26:54","guid":{"rendered":"https:\/\/abinox-chr-clim.com\/index.php\/product\/chaise-empilable-dexterieur-interieur-sol-anthracite\/"},"modified":"2026-04-11T09:54:02","modified_gmt":"2026-04-11T07:54:02","slug":"chaise-empilable-dexterieur-interieur-sol-anthracite","status":"publish","type":"product","link":"https:\/\/abinox-chr-clim.com\/index.php\/product\/chaise-empilable-dexterieur-interieur-sol-anthracite\/","title":{"rendered":"Chaise empilable d&rsquo;ext\u00e9rieur \/ int\u00e9rieur Sol anthracite"},"content":{"rendered":"<p>Empilable. Tous temps. R\u00e9sistante aux UV. Imperm\u00e9able. 100% polypropyl\u00e8ne.  R\u00e9f\u00e9rence soumise \u00e0 une Eco-participation mobilier de 1,95\u20ac par unit\u00e9 vendue. Empilable.<\/p>\n","protected":false},"excerpt":{"rendered":"<p>Chaise empilable d&rsquo;ext\u00e9rieur \/ int\u00e9rieur Sol anthracite<\/p>\n","protected":false},"featured_media":100788,"comment_status":"closed","ping_status":"closed","template":"","meta":[],"product_brand":[],"product_cat":[1209,1208,1201,1297],"product_tag":[],"class_list":{"0":"post-70388","1":"product","2":"type-product","3":"status-publish","4":"has-post-thumbnail","6":"product_cat-chaises-interieur","7":"product_cat-interieur","8":"product_cat-mobilier","9":"product_cat-non-palettisable","10":"product_shipping_class-free-shipping","12":"first","13":"instock","14":"featured","15":"taxable","16":"shipping-taxable","17":"purchasable","18":"product-type-simple"},"_links":{"self":[{"href":"https:\/\/abinox-chr-clim.com\/index.php\/wp-json\/wp\/v2\/product\/70388","targetHints":{"allow":["GET"]}}],"collection":[{"href":"https:\/\/abinox-chr-clim.com\/index.php\/wp-json\/wp\/v2\/product"}],"about":[{"href":"https:\/\/abinox-chr-clim.com\/index.php\/wp-json\/wp\/v2\/types\/product"}],"replies":[{"embeddable":true,"href":"https:\/\/abinox-chr-clim.com\/index.php\/wp-json\/wp\/v2\/comments?post=70388"}],"wp:featuredmedia":[{"embeddable":true,"href":"https:\/\/abinox-chr-clim.com\/index.php\/wp-json\/wp\/v2\/media\/100788"}],"wp:attachment":[{"href":"https:\/\/abinox-chr-clim.com\/index.php\/wp-json\/wp\/v2\/media?parent=70388"}],"wp:term":[{"taxonomy":"product_brand","embeddable":true,"href":"https:\/\/abinox-chr-clim.com\/index.php\/wp-json\/wp\/v2\/product_brand?post=70388"},{"taxonomy":"product_cat","embeddable":true,"href":"https:\/\/abinox-chr-clim.com\/index.php\/wp-json\/wp\/v2\/product_cat?post=70388"},{"taxonomy":"product_tag","embeddable":true,"href":"https:\/\/abinox-chr-clim.com\/index.php\/wp-json\/wp\/v2\/product_tag?post=70388"}],"curies":[{"name":"wp","href":"https:\/\/api.w.org\/{rel}","templated":true}]}}