{"id":70387,"date":"2024-03-22T19:26:54","date_gmt":"2024-03-22T18:26:54","guid":{"rendered":"https:\/\/abinox-chr-clim.com\/index.php\/product\/chaises-avec-assise-et-dossier-en-bois-bolero-cantina-galvanisees-lot-de-4\/"},"modified":"2026-04-11T09:58:17","modified_gmt":"2026-04-11T07:58:17","slug":"chaises-avec-assise-et-dossier-en-bois-bolero-cantina-galvanisees-lot-de-4","status":"publish","type":"product","link":"https:\/\/abinox-chr-clim.com\/index.php\/product\/chaises-avec-assise-et-dossier-en-bois-bolero-cantina-galvanisees-lot-de-4\/","title":{"rendered":"Chaises avec assise et dossier en bois Bolero Cantina galvanis\u00e9es (lot de 4)"},"content":{"rendered":"<p>Robuste, \u00e9l\u00e9gante et pratique, cette chaise convient parfaitement \u00e0 tous les \u00e9tablissements professionnels. Facile \u00e0 nettoyer, empilable pour un gain de place pr\u00e9cieux et avec patins anti-traces.<br \/>Utilisation int\u00e9rieure uniquement. Facile \u00e0 nettoyer. Livr\u00e9s mont\u00e9s. R\u00e9f\u00e9rence soumise \u00e0 une Eco-participation mobilier de 1.1\u20ac par unit\u00e9 vendue. Patins anti-traces. Hauteur d&rsquo;assise 470mm.Empilables. Utilisation int\u00e9rieure uniquement.<\/p>\n<p>Caract\u00e9ristiques :<br \/>Lot : 4.<br \/> Dimensions : 470(H) x 385(L) x 385(P) mm.<br \/> Mati\u00e8re : Bois de fr\u00eane et acier<\/p>\n","protected":false},"excerpt":{"rendered":"<p>Chaises avec assise et dossier en bois Bolero Cantina galvanis\u00e9es (lot de 4)<\/p>\n","protected":false},"featured_media":96932,"comment_status":"closed","ping_status":"closed","template":"","meta":[],"product_brand":[],"product_cat":[1209,1208,1201,1296],"product_tag":[],"class_list":{"0":"post-70387","1":"product","2":"type-product","3":"status-publish","4":"has-post-thumbnail","6":"product_cat-chaises-interieur","7":"product_cat-interieur","8":"product_cat-mobilier","9":"product_cat-palettisable","11":"first","12":"instock","13":"featured","14":"taxable","15":"shipping-taxable","16":"purchasable","17":"product-type-simple"},"_links":{"self":[{"href":"https:\/\/abinox-chr-clim.com\/index.php\/wp-json\/wp\/v2\/product\/70387","targetHints":{"allow":["GET"]}}],"collection":[{"href":"https:\/\/abinox-chr-clim.com\/index.php\/wp-json\/wp\/v2\/product"}],"about":[{"href":"https:\/\/abinox-chr-clim.com\/index.php\/wp-json\/wp\/v2\/types\/product"}],"replies":[{"embeddable":true,"href":"https:\/\/abinox-chr-clim.com\/index.php\/wp-json\/wp\/v2\/comments?post=70387"}],"wp:featuredmedia":[{"embeddable":true,"href":"https:\/\/abinox-chr-clim.com\/index.php\/wp-json\/wp\/v2\/media\/96932"}],"wp:attachment":[{"href":"https:\/\/abinox-chr-clim.com\/index.php\/wp-json\/wp\/v2\/media?parent=70387"}],"wp:term":[{"taxonomy":"product_brand","embeddable":true,"href":"https:\/\/abinox-chr-clim.com\/index.php\/wp-json\/wp\/v2\/product_brand?post=70387"},{"taxonomy":"product_cat","embeddable":true,"href":"https:\/\/abinox-chr-clim.com\/index.php\/wp-json\/wp\/v2\/product_cat?post=70387"},{"taxonomy":"product_tag","embeddable":true,"href":"https:\/\/abinox-chr-clim.com\/index.php\/wp-json\/wp\/v2\/product_tag?post=70387"}],"curies":[{"name":"wp","href":"https:\/\/api.w.org\/{rel}","templated":true}]}}