{"id":70386,"date":"2024-03-22T19:26:54","date_gmt":"2024-03-22T18:26:54","guid":{"rendered":"https:\/\/abinox-chr-clim.com\/index.php\/product\/chaises-avec-assise-et-dossier-en-bois-bolero-cantina-rouges-lot-de-4\/"},"modified":"2025-08-30T11:36:10","modified_gmt":"2025-08-30T09:36:10","slug":"chaises-avec-assise-et-dossier-en-bois-bolero-cantina-rouges-lot-de-4","status":"publish","type":"product","link":"https:\/\/abinox-chr-clim.com\/index.php\/product\/chaises-avec-assise-et-dossier-en-bois-bolero-cantina-rouges-lot-de-4\/","title":{"rendered":"Chaises avec assise et dossier en bois Bolero Cantina rouges (lot de 4)"},"content":{"rendered":"<p>Robuste, \u00e9l\u00e9gante et pratique, cette chaise convient parfaitement \u00e0 tous les \u00e9tablissements professionnels. Facile \u00e0 nettoyer, empilable pour un gain de place pr\u00e9cieux et avec patins anti-traces.<br \/>Utilisation int\u00e9rieure uniquement. Facile \u00e0 nettoyer. Livr\u00e9es mont\u00e9es. Empilables. Patins antitraces. Hauteur d&rsquo;assise 470mm.Charge maximale : 160kg. Utilisation int\u00e9rieure uniquement.<\/p>\n<p>Caract\u00e9ristiques :<br \/>Lot : 4.<br \/> Dimensions : 830(H) x 480(L) x 580(P) mm.<br \/> Mati\u00e8re : Bois d&rsquo;acier et fr\u00eane.<br \/> Couleur : Rouge.<\/p>\n","protected":false},"excerpt":{"rendered":"<p>Chaises avec assise et dossier en bois Bolero Cantina rouges (lot de 4)<\/p>\n","protected":false},"featured_media":96925,"comment_status":"closed","ping_status":"closed","template":"","meta":[],"product_brand":[],"product_cat":[1209,1208,1201,1297],"product_tag":[],"class_list":{"0":"post-70386","1":"product","2":"type-product","3":"status-publish","4":"has-post-thumbnail","6":"product_cat-chaises-interieur","7":"product_cat-interieur","8":"product_cat-mobilier","9":"product_cat-non-palettisable","10":"product_shipping_class-free-shipping","12":"first","13":"outofstock","14":"featured","15":"taxable","16":"shipping-taxable","17":"purchasable","18":"product-type-simple"},"_links":{"self":[{"href":"https:\/\/abinox-chr-clim.com\/index.php\/wp-json\/wp\/v2\/product\/70386","targetHints":{"allow":["GET"]}}],"collection":[{"href":"https:\/\/abinox-chr-clim.com\/index.php\/wp-json\/wp\/v2\/product"}],"about":[{"href":"https:\/\/abinox-chr-clim.com\/index.php\/wp-json\/wp\/v2\/types\/product"}],"replies":[{"embeddable":true,"href":"https:\/\/abinox-chr-clim.com\/index.php\/wp-json\/wp\/v2\/comments?post=70386"}],"wp:featuredmedia":[{"embeddable":true,"href":"https:\/\/abinox-chr-clim.com\/index.php\/wp-json\/wp\/v2\/media\/96925"}],"wp:attachment":[{"href":"https:\/\/abinox-chr-clim.com\/index.php\/wp-json\/wp\/v2\/media?parent=70386"}],"wp:term":[{"taxonomy":"product_brand","embeddable":true,"href":"https:\/\/abinox-chr-clim.com\/index.php\/wp-json\/wp\/v2\/product_brand?post=70386"},{"taxonomy":"product_cat","embeddable":true,"href":"https:\/\/abinox-chr-clim.com\/index.php\/wp-json\/wp\/v2\/product_cat?post=70386"},{"taxonomy":"product_tag","embeddable":true,"href":"https:\/\/abinox-chr-clim.com\/index.php\/wp-json\/wp\/v2\/product_tag?post=70386"}],"curies":[{"name":"wp","href":"https:\/\/api.w.org\/{rel}","templated":true}]}}