{"id":70385,"date":"2024-03-22T19:26:53","date_gmt":"2024-03-22T18:26:53","guid":{"rendered":"https:\/\/abinox-chr-clim.com\/index.php\/product\/chaises-avec-assise-et-dossier-en-bois-bolero-cantina-gris-metal-lot-de-4\/"},"modified":"2026-03-30T11:14:29","modified_gmt":"2026-03-30T09:14:29","slug":"chaises-avec-assise-et-dossier-en-bois-bolero-cantina-gris-metal-lot-de-4","status":"publish","type":"product","link":"https:\/\/abinox-chr-clim.com\/index.php\/product\/chaises-avec-assise-et-dossier-en-bois-bolero-cantina-gris-metal-lot-de-4\/","title":{"rendered":"Chaises avec assise et dossier en bois Bolero Cantina gris m\u00e9tal (lot de 4)"},"content":{"rendered":"<p>Robuste, \u00e9l\u00e9gante et pratique, cette chaise convient parfaitement \u00e0 tous les \u00e9tablissements professionnels. Facile \u00e0 nettoyer, empilable pour un gain de place pr\u00e9cieux et avec patins anti-traces.<br \/>Utilisation int\u00e9rieure uniquement. Facile \u00e0 nettoyer. Livr\u00e9es mont\u00e9es. R\u00e9f\u00e9rence soumise \u00e0 une Eco-participation mobilier de 1.1\u20ac par unit\u00e9 vendue. Patins antitraces. Hauteur d&rsquo;assise 470mm.Empilables. Charge maximale : 160kg. Utilisation int\u00e9rieure uniquement.<\/p>\n<p>Caract\u00e9ristiques :<br \/>Lot : 4.<br \/> Dimensions : 470(H) x 385(L) x 385(P) mm.<br \/> Mati\u00e8re : Bois de fr\u00eane et acier.<br \/> Couleur : Gris m\u00e9tal.<\/p>\n","protected":false},"excerpt":{"rendered":"<p>Chaises avec assise et dossier en bois Bolero Cantina gris m\u00e9tal (lot de 4)<\/p>\n","protected":false},"featured_media":96918,"comment_status":"closed","ping_status":"closed","template":"","meta":[],"product_brand":[],"product_cat":[1209,1208,1201,1296],"product_tag":[],"class_list":{"0":"post-70385","1":"product","2":"type-product","3":"status-publish","4":"has-post-thumbnail","6":"product_cat-chaises-interieur","7":"product_cat-interieur","8":"product_cat-mobilier","9":"product_cat-palettisable","11":"first","12":"outofstock","13":"featured","14":"taxable","15":"shipping-taxable","16":"purchasable","17":"product-type-simple"},"_links":{"self":[{"href":"https:\/\/abinox-chr-clim.com\/index.php\/wp-json\/wp\/v2\/product\/70385","targetHints":{"allow":["GET"]}}],"collection":[{"href":"https:\/\/abinox-chr-clim.com\/index.php\/wp-json\/wp\/v2\/product"}],"about":[{"href":"https:\/\/abinox-chr-clim.com\/index.php\/wp-json\/wp\/v2\/types\/product"}],"replies":[{"embeddable":true,"href":"https:\/\/abinox-chr-clim.com\/index.php\/wp-json\/wp\/v2\/comments?post=70385"}],"wp:featuredmedia":[{"embeddable":true,"href":"https:\/\/abinox-chr-clim.com\/index.php\/wp-json\/wp\/v2\/media\/96918"}],"wp:attachment":[{"href":"https:\/\/abinox-chr-clim.com\/index.php\/wp-json\/wp\/v2\/media?parent=70385"}],"wp:term":[{"taxonomy":"product_brand","embeddable":true,"href":"https:\/\/abinox-chr-clim.com\/index.php\/wp-json\/wp\/v2\/product_brand?post=70385"},{"taxonomy":"product_cat","embeddable":true,"href":"https:\/\/abinox-chr-clim.com\/index.php\/wp-json\/wp\/v2\/product_cat?post=70385"},{"taxonomy":"product_tag","embeddable":true,"href":"https:\/\/abinox-chr-clim.com\/index.php\/wp-json\/wp\/v2\/product_tag?post=70385"}],"curies":[{"name":"wp","href":"https:\/\/api.w.org\/{rel}","templated":true}]}}