{"id":70384,"date":"2024-03-22T19:26:53","date_gmt":"2024-03-22T18:26:53","guid":{"rendered":"https:\/\/abinox-chr-clim.com\/index.php\/product\/tabouret-haut-gris-metallise-avec-assise-en-bois-bolero-cantina-lot-de-4\/"},"modified":"2025-08-30T11:14:30","modified_gmt":"2025-08-30T09:14:30","slug":"tabouret-haut-gris-metallise-avec-assise-en-bois-bolero-cantina-lot-de-4","status":"publish","type":"product","link":"https:\/\/abinox-chr-clim.com\/index.php\/product\/tabouret-haut-gris-metallise-avec-assise-en-bois-bolero-cantina-lot-de-4\/","title":{"rendered":"Tabouret haut gris m\u00e9tallis\u00e9 avec assise en bois Bolero Cantina lot de 4"},"content":{"rendered":"<p>Une superbe gamme de tabourets subtilement vieillis pour apporter un design moderne et industriel \u00e0 votre \u00e9tablissement, sans oublier les fonctionnalit\u00e9s n\u00e9cessaires.<br \/>Utilisation int\u00e9rieure. Facile \u00e0 nettoyer. Livr\u00e9s mont\u00e9s. R\u00e9f\u00e9rence soumise \u00e0 une Eco-participation mobilier de 1.23\u20ac par unit\u00e9 vendue. Patins anti traces. Hauteur d&rsquo;assise 780mm.Empilables jusqu&rsquo;\u00e0 5. Utilisation int\u00e9rieure.<\/p>\n<p>Caract\u00e9ristiques :<br \/>Lot : 4.<br \/> Dimensions : 780(H) x 420(L) x 420(P) mm.<br \/> Mati\u00e8re : Bois d&rsquo;acier et fr\u00eane.<br \/> Couleur : Gris m\u00e9tal.<\/p>\n","protected":false},"excerpt":{"rendered":"<p>Tabouret haut gris m\u00e9tallis\u00e9 avec assise en bois Bolero Cantina lot de 4<\/p>\n","protected":false},"featured_media":96913,"comment_status":"closed","ping_status":"closed","template":"","meta":[],"product_brand":[],"product_cat":[1209,1208,1201,1296],"product_tag":[],"class_list":{"0":"post-70384","1":"product","2":"type-product","3":"status-publish","4":"has-post-thumbnail","6":"product_cat-chaises-interieur","7":"product_cat-interieur","8":"product_cat-mobilier","9":"product_cat-palettisable","11":"first","12":"outofstock","13":"featured","14":"taxable","15":"shipping-taxable","16":"purchasable","17":"product-type-simple"},"_links":{"self":[{"href":"https:\/\/abinox-chr-clim.com\/index.php\/wp-json\/wp\/v2\/product\/70384","targetHints":{"allow":["GET"]}}],"collection":[{"href":"https:\/\/abinox-chr-clim.com\/index.php\/wp-json\/wp\/v2\/product"}],"about":[{"href":"https:\/\/abinox-chr-clim.com\/index.php\/wp-json\/wp\/v2\/types\/product"}],"replies":[{"embeddable":true,"href":"https:\/\/abinox-chr-clim.com\/index.php\/wp-json\/wp\/v2\/comments?post=70384"}],"wp:featuredmedia":[{"embeddable":true,"href":"https:\/\/abinox-chr-clim.com\/index.php\/wp-json\/wp\/v2\/media\/96913"}],"wp:attachment":[{"href":"https:\/\/abinox-chr-clim.com\/index.php\/wp-json\/wp\/v2\/media?parent=70384"}],"wp:term":[{"taxonomy":"product_brand","embeddable":true,"href":"https:\/\/abinox-chr-clim.com\/index.php\/wp-json\/wp\/v2\/product_brand?post=70384"},{"taxonomy":"product_cat","embeddable":true,"href":"https:\/\/abinox-chr-clim.com\/index.php\/wp-json\/wp\/v2\/product_cat?post=70384"},{"taxonomy":"product_tag","embeddable":true,"href":"https:\/\/abinox-chr-clim.com\/index.php\/wp-json\/wp\/v2\/product_tag?post=70384"}],"curies":[{"name":"wp","href":"https:\/\/api.w.org\/{rel}","templated":true}]}}