{"id":70383,"date":"2024-03-22T19:26:52","date_gmt":"2024-03-22T18:26:52","guid":{"rendered":"https:\/\/abinox-chr-clim.com\/index.php\/product\/tabourets-bas-avec-assise-en-bois-bolero-cantina-gris-metal-lot-de-4\/"},"modified":"2026-04-11T09:58:16","modified_gmt":"2026-04-11T07:58:16","slug":"tabourets-bas-avec-assise-en-bois-bolero-cantina-gris-metal-lot-de-4","status":"publish","type":"product","link":"https:\/\/abinox-chr-clim.com\/index.php\/product\/tabourets-bas-avec-assise-en-bois-bolero-cantina-gris-metal-lot-de-4\/","title":{"rendered":"Tabourets bas avec assise en bois Bolero Cantina gris m\u00e9tal (lot de 4)"},"content":{"rendered":"<p>Mod\u00e8le contemporain avec structure en acier galvanis\u00e9 au design industriel, finition m\u00e9tal vieilli, et assise en bois.<br \/>Utilisation int\u00e9rieure uniquement. Facile \u00e0 nettoyer. Livr\u00e9s mont\u00e9s. R\u00e9f\u00e9rence soumise \u00e0 une Eco-participation mobilier de 0.88\u20ac par unit\u00e9 vendue. Patins anti-traces. Hauteur d&rsquo;assise 470mm.Empilables jusqu&rsquo;\u00e0 5. Utilisation int\u00e9rieure uniquement.<\/p>\n<p>Caract\u00e9ristiques :<br \/>Lot : 4.<br \/> Dimensions : 470(H) x 385(L) x 385(P) mm.<br \/> Mati\u00e8re : Bois de fr\u00eane et acier.<br \/> Couleur : Gris m\u00e9tal.<\/p>\n","protected":false},"excerpt":{"rendered":"<p>Tabourets bas avec assise en bois Bolero Cantina gris m\u00e9tal (lot de 4)<\/p>\n","protected":false},"featured_media":96908,"comment_status":"closed","ping_status":"closed","template":"","meta":[],"product_brand":[],"product_cat":[1209,1208,1201,1297],"product_tag":[],"class_list":{"0":"post-70383","1":"product","2":"type-product","3":"status-publish","4":"has-post-thumbnail","6":"product_cat-chaises-interieur","7":"product_cat-interieur","8":"product_cat-mobilier","9":"product_cat-non-palettisable","10":"product_shipping_class-free-shipping","12":"first","13":"outofstock","14":"featured","15":"taxable","16":"shipping-taxable","17":"purchasable","18":"product-type-simple"},"_links":{"self":[{"href":"https:\/\/abinox-chr-clim.com\/index.php\/wp-json\/wp\/v2\/product\/70383","targetHints":{"allow":["GET"]}}],"collection":[{"href":"https:\/\/abinox-chr-clim.com\/index.php\/wp-json\/wp\/v2\/product"}],"about":[{"href":"https:\/\/abinox-chr-clim.com\/index.php\/wp-json\/wp\/v2\/types\/product"}],"replies":[{"embeddable":true,"href":"https:\/\/abinox-chr-clim.com\/index.php\/wp-json\/wp\/v2\/comments?post=70383"}],"wp:featuredmedia":[{"embeddable":true,"href":"https:\/\/abinox-chr-clim.com\/index.php\/wp-json\/wp\/v2\/media\/96908"}],"wp:attachment":[{"href":"https:\/\/abinox-chr-clim.com\/index.php\/wp-json\/wp\/v2\/media?parent=70383"}],"wp:term":[{"taxonomy":"product_brand","embeddable":true,"href":"https:\/\/abinox-chr-clim.com\/index.php\/wp-json\/wp\/v2\/product_brand?post=70383"},{"taxonomy":"product_cat","embeddable":true,"href":"https:\/\/abinox-chr-clim.com\/index.php\/wp-json\/wp\/v2\/product_cat?post=70383"},{"taxonomy":"product_tag","embeddable":true,"href":"https:\/\/abinox-chr-clim.com\/index.php\/wp-json\/wp\/v2\/product_tag?post=70383"}],"curies":[{"name":"wp","href":"https:\/\/api.w.org\/{rel}","templated":true}]}}