{"id":70381,"date":"2024-03-22T19:26:52","date_gmt":"2024-03-22T18:26:52","guid":{"rendered":"https:\/\/abinox-chr-clim.com\/index.php\/product\/tabouret-haut-bolero-rodeo-noir\/"},"modified":"2026-04-11T10:13:36","modified_gmt":"2026-04-11T08:13:36","slug":"tabouret-haut-bolero-rodeo-noir","status":"publish","type":"product","link":"https:\/\/abinox-chr-clim.com\/index.php\/product\/tabouret-haut-bolero-rodeo-noir\/","title":{"rendered":"Tabouret haut Bolero Rodeo noir"},"content":{"rendered":"<p>Durable et confortable, ce tabouret haut Bolero Rodeo est dot\u00e9 d&rsquo;une structure en acier et d&rsquo;un si\u00e8ge d&rsquo;aspect vintage.<br \/>Le si\u00e8ge en similicuir offre un style rustique et \u00e9l\u00e9gant. Le si\u00e8ge en polyur\u00e9thane offre une excellente durabilit\u00e9. Le mat\u00e9riau du si\u00e8ge est rapide et facile \u00e0 nettoyer. R\u00e9f\u00e9rence soumise \u00e0 une Eco-participation mobilier de 1.38\u20ac par unit\u00e9 vendue. Assise et dossier ergonomiques offrant un excellent confort. Con\u00e7u pour m\u00e9langer ou assortir les coloris.Le cadre r\u00e9sistant de qualit\u00e9 professionnelle r\u00e9siste \u00e0 la flexion et \u00e0 la d\u00e9formation. Le si\u00e8ge en similicuir offre un style rustique et \u00e9l\u00e9gant.<\/p>\n<p>Caract\u00e9ristiques :<br \/> Dimensions : 1060(H) x 565(L) x 530(P) mm.<br \/> Mati\u00e8re : Acier poudr\u00e9 et PU.<br \/> Couleur : Noir.<\/p>\n","protected":false},"excerpt":{"rendered":"<p>Tabouret haut Bolero Rodeo noir<\/p>\n","protected":false},"featured_media":93846,"comment_status":"closed","ping_status":"closed","template":"","meta":[],"product_brand":[],"product_cat":[1209,1208,1201,1297],"product_tag":[],"class_list":{"0":"post-70381","1":"product","2":"type-product","3":"status-publish","4":"has-post-thumbnail","6":"product_cat-chaises-interieur","7":"product_cat-interieur","8":"product_cat-mobilier","9":"product_cat-non-palettisable","10":"product_shipping_class-free-shipping","12":"first","13":"instock","14":"featured","15":"taxable","16":"shipping-taxable","17":"purchasable","18":"product-type-simple"},"_links":{"self":[{"href":"https:\/\/abinox-chr-clim.com\/index.php\/wp-json\/wp\/v2\/product\/70381","targetHints":{"allow":["GET"]}}],"collection":[{"href":"https:\/\/abinox-chr-clim.com\/index.php\/wp-json\/wp\/v2\/product"}],"about":[{"href":"https:\/\/abinox-chr-clim.com\/index.php\/wp-json\/wp\/v2\/types\/product"}],"replies":[{"embeddable":true,"href":"https:\/\/abinox-chr-clim.com\/index.php\/wp-json\/wp\/v2\/comments?post=70381"}],"wp:featuredmedia":[{"embeddable":true,"href":"https:\/\/abinox-chr-clim.com\/index.php\/wp-json\/wp\/v2\/media\/93846"}],"wp:attachment":[{"href":"https:\/\/abinox-chr-clim.com\/index.php\/wp-json\/wp\/v2\/media?parent=70381"}],"wp:term":[{"taxonomy":"product_brand","embeddable":true,"href":"https:\/\/abinox-chr-clim.com\/index.php\/wp-json\/wp\/v2\/product_brand?post=70381"},{"taxonomy":"product_cat","embeddable":true,"href":"https:\/\/abinox-chr-clim.com\/index.php\/wp-json\/wp\/v2\/product_cat?post=70381"},{"taxonomy":"product_tag","embeddable":true,"href":"https:\/\/abinox-chr-clim.com\/index.php\/wp-json\/wp\/v2\/product_tag?post=70381"}],"curies":[{"name":"wp","href":"https:\/\/api.w.org\/{rel}","templated":true}]}}